{"id":5699,"date":"2021-10-09T11:13:17","date_gmt":"2021-10-09T09:13:17","guid":{"rendered":"http:\/\/thaisbernardes.com\/?post_type=product&#038;p=5699"},"modified":"2026-03-12T00:21:02","modified_gmt":"2026-03-11T23:21:02","slug":"farben-armband-mit-zitronenquarz","status":"publish","type":"product","link":"https:\/\/thaisbernardes.com\/de\/product\/bracciale-colors-con-quarzo-lemon\/","title":{"rendered":"Colors Armband mit Zitronenquarz"},"content":{"rendered":"<p>COLORS Armband aus 925 Silber mit Zitronenquarzstein<\/p>\n<p>Das farbige Armband mit Zitronenquarz hat das venezianische Fransendetail, das alle Schmuckst\u00fccke von Thais Bernardes auszeichnet und sie einzigartig und originell macht.<\/p>\n<p>Unsere Stylisten empfehlen, mehrere Armb\u00e4nder zu kombinieren, um einen sehr schicken Look zu erzielen. Siehe auch die <strong><a href=\"https:\/\/thaisbernardes.com\/de\/produkt-2\/farben-armband-mit-onyx\/\">farben armband mit onyx stein <\/a><\/strong><\/p>\n<p>Alle Kreationen sind 100% \"designed and made in Italy\" und sollen ein Leben lang halten.<\/p>\n<p><strong>THAIS BERNARDES<\/strong> Gioielli ist eine junge Schmuckmarke, die es in kurzer Zeit geschafft hat, dank der Qualit\u00e4t der f\u00fcr ihren Schmuck verwendeten Materialien, ihres zeitgen\u00f6ssischen Stils und der durch ihre Werbekampagnen und Initiativen vermittelten Botschaften die Aufmerksamkeit und Wertsch\u00e4tzung renommierter Kunden und Gesch\u00e4fte zu gewinnen. Sein Schmuck ist eine Mischung aus Italien und Brasilien, Qualit\u00e4t und Tradition, Detail und Leichtigkeit, Eleganz und Mode, f\u00fcr Frauen mit einem nat\u00fcrlichen Gleichgewicht zwischen \" <strong>Schick<\/strong> \" e \"<strong>Cool<\/strong>\".<\/p>\n<p>F\u00fcr Informationen und Anfragen schreiben Sie an info@thaisbernardes.com<\/p>\n<p>Die Schmuckmarke Thais Bernardes wurde in verschiedenen nationalen und internationalen Publikationen erw\u00e4hnt, lesen Sie mehr <a href=\"https:\/\/www.nouvellefactory.com\/single-post\/intervista-thais-bernardes-gioielli\">HIER<\/a> ein Interview in der Nouvelle Factory.<\/p>\n<p>&nbsp;<\/p>","protected":false},"excerpt":{"rendered":"<ul>\n<li>925er Silber<\/li>\n<li>gl\u00e4nzende Oberfl\u00e4che<\/li>\n<li>Zitronenquarz<\/li>\n<li>Karabinerhaken<\/li>\n<li>L\u00e4nge 17 cm + Verl\u00e4ngerung 3 cm<\/li>\n<li>mit Box und Thais Bernardes Garantie<\/li>\n<li>Hergestellt in Italien<\/li>\n<\/ul>","protected":false},"featured_media":11806,"template":"","meta":[],"product_brand":[],"product_cat":[72,88,89],"product_tag":[],"class_list":{"0":"post-5699","1":"product","2":"type-product","3":"status-publish","4":"has-post-thumbnail","6":"product_cat-bracciali","7":"product_cat-collezioni","8":"product_cat-colors","10":"first","11":"instock","12":"shipping-taxable","13":"purchasable","14":"product-type-simple"},"aioseo_notices":[],"jetpack_sharing_enabled":true,"_links":{"self":[{"href":"https:\/\/thaisbernardes.com\/de\/wp-json\/wp\/v2\/product\/5699","targetHints":{"allow":["GET"]}}],"collection":[{"href":"https:\/\/thaisbernardes.com\/de\/wp-json\/wp\/v2\/product"}],"about":[{"href":"https:\/\/thaisbernardes.com\/de\/wp-json\/wp\/v2\/types\/product"}],"wp:featuredmedia":[{"embeddable":true,"href":"https:\/\/thaisbernardes.com\/de\/wp-json\/wp\/v2\/media\/11806"}],"wp:attachment":[{"href":"https:\/\/thaisbernardes.com\/de\/wp-json\/wp\/v2\/media?parent=5699"}],"wp:term":[{"taxonomy":"product_brand","embeddable":true,"href":"https:\/\/thaisbernardes.com\/de\/wp-json\/wp\/v2\/product_brand?post=5699"},{"taxonomy":"product_cat","embeddable":true,"href":"https:\/\/thaisbernardes.com\/de\/wp-json\/wp\/v2\/product_cat?post=5699"},{"taxonomy":"product_tag","embeddable":true,"href":"https:\/\/thaisbernardes.com\/de\/wp-json\/wp\/v2\/product_tag?post=5699"}],"curies":[{"name":"wp","href":"https:\/\/api.w.org\/{rel}","templated":true}]}}