{"id":5734,"date":"2021-11-11T18:42:53","date_gmt":"2021-11-11T17:42:53","guid":{"rendered":"http:\/\/thaisbernardes.com\/?post_type=product&#038;p=5734"},"modified":"2026-02-18T15:41:08","modified_gmt":"2026-02-18T14:41:08","slug":"skapuliervertrauen-in-der-zukunft","status":"publish","type":"product","link":"https:\/\/thaisbernardes.com\/de\/product\/scapolare-trust-in-the-future\/","title":{"rendered":"Skapulier \"Vertrauen in die Zukunft"},"content":{"rendered":"<p>Das Skapulier \"Vertrauen in die Zukunft\" ist Teil der Amazonas-Kollektion, die von den indigenen V\u00f6lkern der gr\u00f6\u00dften gr\u00fcnen Lunge der Welt inspiriert wurde.<\/p>\n<p>\"Das Faszinierende an indigenen V\u00f6lkern ist, dass sie zeitlos sind. Sie leben ein Leben v\u00f6llig abseits des Mainstreams\".<\/p>\n<p>Das Skapulier \"Vertrauen in die Zukunft\" ist ein bedeutungsvolles Schmuckst\u00fcck, das von Thais entworfen wurde, um eine Botschaft der St\u00e4rke und des Aufschwungs im Jahr 2021 zu \u00fcbermitteln.<\/p>\n<p>Das Skapulier kann von jedem getragen werden, denn wie Thais sagt: \"Die Amazonas-Kollektion ist geschlechtslos, sie ist raffiniert und vor allem ist sie eine Botschaft der Kraft der Natur f\u00fcr alle, die keine Angst haben, sie selbst zu sein\".<\/p>\n<p>Entdecken Sie <a href=\"https:\/\/thaisbernardes.com\/de\/die-kraft-einer-feder\/\">HIER<\/a> die Bedeutung der Federn<\/p>\n<p>Lesen Sie <a href=\"https:\/\/www.vogue.it\/moda\/article\/gioielli-giovani-jewelry-designer-brasiliani-collane-orecchini-bracciali\">HIER<\/a> der Artikel in Vogue Italia<\/p>","protected":false},"excerpt":{"rendered":"<p>Das Skapulier \"Trust in The Future\" von Thais Bernardes wird vollst\u00e4ndig in Italien hergestellt.<\/p>\n<ul>\n<li>Skapulier-Halskette ohne Geschlecht<\/li>\n<li>placcato oro rosa\u00a0 e argento 925<\/li>\n<li>schwarze Zirkone<\/li>\n<li>Thais Bernardes Geschenkbox und Garantie<\/li>\n<li>Hergestellt in Italien<\/li>\n<\/ul>","protected":false},"featured_media":11811,"template":"","meta":[],"product_brand":[],"product_cat":[53,86,88],"product_tag":[288],"class_list":{"0":"post-5734","1":"product","2":"type-product","3":"status-publish","4":"has-post-thumbnail","6":"product_cat-amazzonica","7":"product_cat-collane","8":"product_cat-collezioni","9":"product_tag-black-friday","11":"first","12":"instock","13":"shipping-taxable","14":"purchasable","15":"product-type-simple"},"aioseo_notices":[],"jetpack_sharing_enabled":true,"_links":{"self":[{"href":"https:\/\/thaisbernardes.com\/de\/wp-json\/wp\/v2\/product\/5734","targetHints":{"allow":["GET"]}}],"collection":[{"href":"https:\/\/thaisbernardes.com\/de\/wp-json\/wp\/v2\/product"}],"about":[{"href":"https:\/\/thaisbernardes.com\/de\/wp-json\/wp\/v2\/types\/product"}],"wp:featuredmedia":[{"embeddable":true,"href":"https:\/\/thaisbernardes.com\/de\/wp-json\/wp\/v2\/media\/11811"}],"wp:attachment":[{"href":"https:\/\/thaisbernardes.com\/de\/wp-json\/wp\/v2\/media?parent=5734"}],"wp:term":[{"taxonomy":"product_brand","embeddable":true,"href":"https:\/\/thaisbernardes.com\/de\/wp-json\/wp\/v2\/product_brand?post=5734"},{"taxonomy":"product_cat","embeddable":true,"href":"https:\/\/thaisbernardes.com\/de\/wp-json\/wp\/v2\/product_cat?post=5734"},{"taxonomy":"product_tag","embeddable":true,"href":"https:\/\/thaisbernardes.com\/de\/wp-json\/wp\/v2\/product_tag?post=5734"}],"curies":[{"name":"wp","href":"https:\/\/api.w.org\/{rel}","templated":true}]}}