{"id":5776,"date":"2021-12-12T11:31:56","date_gmt":"2021-12-12T10:31:56","guid":{"rendered":"http:\/\/thaisbernardes.com\/?post_type=product&#038;p=5776"},"modified":"2026-03-13T16:38:55","modified_gmt":"2026-03-13T15:38:55","slug":"amazonenfeder-ohrringe","status":"publish","type":"product","link":"https:\/\/thaisbernardes.com\/de\/product\/orecchini-piume-amazzonica\/","title":{"rendered":"Amazonas-Feder-Ohrringe"},"content":{"rendered":"<p data-start=\"211\" data-end=\"297\"><strong data-start=\"211\" data-end=\"295\">Orecchini Piume Amazzonica\u00a0 \u2013 Il simbolo della libert\u00e0 e della forza della natura<\/strong><\/p>\n<p data-start=\"299\" data-end=\"495\">Die\u00a0<strong data-start=\"303\" data-end=\"333\">orecchini Piume Amazzonica <\/strong>\u00a0unter\u00a0<strong data-start=\"337\" data-end=\"360\">925 rhodiniertes Silber<\/strong>\u00a0con\u00a0<strong data-start=\"365\" data-end=\"395\">piuma placcata in oro rosa<\/strong>\u00a0nascono dall\u2019ispirazione della designer\u00a0<strong data-start=\"436\" data-end=\"455\">Thais Bernardes<\/strong>\u00a0al legame profondo tra uomo e natura.<\/p>\n<p data-start=\"497\" data-end=\"772\">Nelle culture indigene dell\u2019Amazzonia, la\u00a0<strong data-start=\"539\" data-end=\"548\">Feder<\/strong>\u00a0\u00e8 molto pi\u00f9 di un ornamento: \u00e8 un\u00a0<strong data-start=\"583\" data-end=\"646\">simbolo sacro di libert\u00e0, coraggio e connessione spirituale<\/strong>\u00a0con la terra e con gli elementi. Indossare una piuma significa portare con s\u00e9 un messaggio di protezione e forza interiore.<\/p>\n<p data-start=\"774\" data-end=\"1060\">Questi orecchini, parte della collezione\u00a0<strong data-start=\"815\" data-end=\"829\">Amazonas<\/strong>, uniscono\u00a0<strong data-start=\"840\" data-end=\"866\">eleganza contemporanea<\/strong>\u00a0e\u00a0<strong data-start=\"869\" data-end=\"894\">tradizione ancestrale<\/strong>\u00a0in un design\u00a0<strong data-start=\"908\" data-end=\"922\">geschlechtslos<\/strong>\u00a0e raffinato, creato per chi non ha paura di esprimere la propria identit\u00e0 e desidera portare con s\u00e9 la magia e la potenza della natura.<\/p>\n<p data-start=\"1062\" data-end=\"1165\">Perfetti per look unici e significativi, rappresentano un vero\u00a0<strong data-start=\"1125\" data-end=\"1162\">amuletto di libert\u00e0 e autenticit\u00e0<\/strong>.<\/p>\n<p>Die Schmuckmarke Thais Bernardes wurde in verschiedenen nationalen und internationalen Publikationen erw\u00e4hnt, lesen Sie mehr <a href=\"https:\/\/thaisbernardes.com\/de\/vogue-italy\/\">HIER<\/a>\u00a0ein Artikel in\u00a0<a href=\"https:\/\/www.vogue.it\/moda\/article\/gioielli-giovani-jewelry-designer-brasiliani-collane-orecchini-bracciali\">VOGUE ITALY<\/a>.<\/p>\n<p>Lesen Sie \u00fcber die Bedeutung von Federn <a href=\"https:\/\/thaisbernardes.com\/de\/die-kraft-einer-feder\/\">HIER<\/a> auf dem Blog von. Thais.<\/p>\n<p>&nbsp;<\/p>","protected":false},"excerpt":{"rendered":"<p>Federohrringe aus Ros\u00e9gold und Diamanten, Kollektion Amazon. THAIS BERNARDES Schmuck<\/p>\n<ul>\n<li>geschlechtslose Ohrringe Thais Bernardes Schmuck<\/li>\n<li>Rose vergoldete Feder<\/li>\n<li>Federl\u00e4nge 2,5 cm<\/li>\n<li>schwarze Zirkone<\/li>\n<li>cerchio in argento 925 rodiato<\/li>\n<li>Thais Bernardes Geschenkbox und Garantie<\/li>\n<\/ul>","protected":false},"featured_media":11814,"template":"","meta":[],"product_brand":[],"product_cat":[53,88,131],"product_tag":[],"class_list":{"0":"post-5776","1":"product","2":"type-product","3":"status-publish","4":"has-post-thumbnail","6":"product_cat-amazzonica","7":"product_cat-collezioni","8":"product_cat-orecchini","10":"first","11":"instock","12":"shipping-taxable","13":"purchasable","14":"product-type-simple"},"aioseo_notices":[],"jetpack_sharing_enabled":true,"_links":{"self":[{"href":"https:\/\/thaisbernardes.com\/de\/wp-json\/wp\/v2\/product\/5776","targetHints":{"allow":["GET"]}}],"collection":[{"href":"https:\/\/thaisbernardes.com\/de\/wp-json\/wp\/v2\/product"}],"about":[{"href":"https:\/\/thaisbernardes.com\/de\/wp-json\/wp\/v2\/types\/product"}],"wp:featuredmedia":[{"embeddable":true,"href":"https:\/\/thaisbernardes.com\/de\/wp-json\/wp\/v2\/media\/11814"}],"wp:attachment":[{"href":"https:\/\/thaisbernardes.com\/de\/wp-json\/wp\/v2\/media?parent=5776"}],"wp:term":[{"taxonomy":"product_brand","embeddable":true,"href":"https:\/\/thaisbernardes.com\/de\/wp-json\/wp\/v2\/product_brand?post=5776"},{"taxonomy":"product_cat","embeddable":true,"href":"https:\/\/thaisbernardes.com\/de\/wp-json\/wp\/v2\/product_cat?post=5776"},{"taxonomy":"product_tag","embeddable":true,"href":"https:\/\/thaisbernardes.com\/de\/wp-json\/wp\/v2\/product_tag?post=5776"}],"curies":[{"name":"wp","href":"https:\/\/api.w.org\/{rel}","templated":true}]}}