{"id":5885,"date":"2022-03-09T14:22:33","date_gmt":"2022-03-09T13:22:33","guid":{"rendered":"http:\/\/thaisbernardes.com\/?post_type=product&#038;p=5885"},"modified":"2025-06-29T10:24:33","modified_gmt":"2025-06-29T08:24:33","slug":"traumfarben-topas-blaue-ohrringe","status":"publish","type":"product","link":"https:\/\/thaisbernardes.com\/de\/product\/orecchini-dream-colors-topazio-azzurro\/","title":{"rendered":"Ohrringe Farben Topas Blau"},"content":{"rendered":"<p>Die Ohrringe Colors topaz azure aus 18 Karat vergoldetem Silber mit Natursteinen werden vollst\u00e4ndig in Italien von unseren Handwerksmeistern hergestellt.<\/p>\n<p>Die azurblaue Farbe des Topas und die Kostbarkeit des Goldes in einem zarten und raffinierten Ohrring, entworfen von Thais f\u00fcr einen minimalistischen und farbenfrohen Look.<\/p>\n<p>Die Ohrringe Colors Topaz Azure sind ein kostbares und zartes Schmuckst\u00fcck, das sich perfekt als Geschenk f\u00fcr eine Frau mit gutem Geschmack eignet.<\/p>\n<p>Der Blautopas wird mit Weisheit, Kommunikation und der Suche nach dem perfekten Weg zu Erfolg und Chancen in Verbindung gebracht. Er ist ein Stein, der \u00c4ngste und Sorgen lindert und Sie einl\u00e4dt, Ihr edles Selbst zu umarmen, Ihrer Kraft zu vertrauen und Ihr Gl\u00fcck zu finden.<\/p>\n<p class=\"p1\">Einzelheiten:<\/p>\n<ul class=\"ul1\">\n<li class=\"li3\"><span class=\"s1\">925 18K vergoldetes Silber<\/span><\/li>\n<li>Blautopas-Stein<\/li>\n<li class=\"li3\"><span class=\"s1\">gl\u00e4nzende Oberfl\u00e4che<\/span><\/li>\n<li class=\"li4\">Thais Bernardes Garantieschein<\/li>\n<li class=\"li3\"><span class=\"s1\">Hergestellt in Italien<\/span><\/li>\n<\/ul>\n<p>Weitere Informationen <a href=\"https:\/\/thaisbernardes.com\/de\/drucken\/\">HIER<\/a> \u00fcber die Marke Thais Bernardes Jewellery<\/p>\n<p>Lesen Sie das Interview mit der Designerin Thais Bernardes auf\u00a0<a href=\"https:\/\/www.nouvellefactory.com\/single-post\/intervista-thais-bernardes-gioielli\">Nouvelle Factory<\/a><\/p>","protected":false},"excerpt":{"rendered":"<p>Der Schmuck von Thais Bernardes wird vollst\u00e4ndig in Italien aus wertvollen Materialien hergestellt.<\/p>\n<ul class=\"ul1\">\n<li class=\"li3\"><span class=\"s1\">925 18K vergoldetes Silber<\/span><\/li>\n<li>Blautopas-Stein<\/li>\n<li class=\"li3\"><span class=\"s1\">gl\u00e4nzende Oberfl\u00e4che<\/span><\/li>\n<li class=\"li4\">Thais Bernardes Garantieschein<\/li>\n<li class=\"li3\"><span class=\"s1\">Hergestellt in Italien<\/span><\/li>\n<\/ul>","protected":false},"featured_media":11820,"template":"","meta":[],"product_brand":[],"product_cat":[88,89,103,131],"product_tag":[288],"class_list":{"0":"post-5885","1":"product","2":"type-product","3":"status-publish","4":"has-post-thumbnail","6":"product_cat-collezioni","7":"product_cat-colors","8":"product_cat-gifts","9":"product_cat-orecchini","10":"product_tag-black-friday","12":"first","13":"instock","14":"shipping-taxable","15":"purchasable","16":"product-type-variable"},"aioseo_notices":[],"jetpack_sharing_enabled":true,"_links":{"self":[{"href":"https:\/\/thaisbernardes.com\/de\/wp-json\/wp\/v2\/product\/5885","targetHints":{"allow":["GET"]}}],"collection":[{"href":"https:\/\/thaisbernardes.com\/de\/wp-json\/wp\/v2\/product"}],"about":[{"href":"https:\/\/thaisbernardes.com\/de\/wp-json\/wp\/v2\/types\/product"}],"wp:featuredmedia":[{"embeddable":true,"href":"https:\/\/thaisbernardes.com\/de\/wp-json\/wp\/v2\/media\/11820"}],"wp:attachment":[{"href":"https:\/\/thaisbernardes.com\/de\/wp-json\/wp\/v2\/media?parent=5885"}],"wp:term":[{"taxonomy":"product_brand","embeddable":true,"href":"https:\/\/thaisbernardes.com\/de\/wp-json\/wp\/v2\/product_brand?post=5885"},{"taxonomy":"product_cat","embeddable":true,"href":"https:\/\/thaisbernardes.com\/de\/wp-json\/wp\/v2\/product_cat?post=5885"},{"taxonomy":"product_tag","embeddable":true,"href":"https:\/\/thaisbernardes.com\/de\/wp-json\/wp\/v2\/product_tag?post=5885"}],"curies":[{"name":"wp","href":"https:\/\/api.w.org\/{rel}","templated":true}]}}