{"id":5901,"date":"2022-03-09T14:32:20","date_gmt":"2022-03-09T13:32:20","guid":{"rendered":"http:\/\/thaisbernardes.com\/?post_type=product&#038;p=5901"},"modified":"2025-06-26T15:28:24","modified_gmt":"2025-06-26T13:28:24","slug":"traumfarben-citrin-ohrringe","status":"publish","type":"product","link":"https:\/\/thaisbernardes.com\/de\/product\/orecchini-dream-colors-citrino\/","title":{"rendered":"Farben Citrin-Ohrringe"},"content":{"rendered":"<p>Die Colors Citrin Ohrringe aus 18 Karat vergoldetem Silber werden von unseren Handwerksmeistern vollst\u00e4ndig in Italien hergestellt.<\/p>\n<p>Die orange Farbe des Zitrinsteins und die Kostbarkeit des Goldes in einem zarten und raffinierten Ohrring, entworfen von Thais f\u00fcr einen minimalistischen und farbenfrohen Look.<\/p>\n<p>Die Colors Citrin-Ohrringe sind ein kostbares und zartes Schmuckst\u00fcck, das sich perfekt als Geschenk f\u00fcr eine Frau mit gutem Geschmack eignet. Der Citrin soll Reichtum, Wohlstand und Erfolg anziehen. Er strahlt Freude und Begeisterung aus. Er st\u00e4rkt das Selbstwertgef\u00fchl und das Selbstvertrauen. Er stimuliert das Gehirn und st\u00e4rkt den Intellekt.<\/p>\n<p class=\"p1\">Einzelheiten:<\/p>\n<ul class=\"ul1\">\n<li class=\"li3\"><span class=\"s1\">925 18K vergoldetes Silber<\/span><\/li>\n<li>Citrin-Stein<\/li>\n<li class=\"li3\"><span class=\"s1\">gl\u00e4nzende Oberfl\u00e4che<\/span><\/li>\n<li class=\"li4\">Thais Bernardes Garantieschein<\/li>\n<li class=\"li3\"><span class=\"s1\">Hergestellt in Italien<\/span><\/li>\n<\/ul>\n<p>Weitere Informationen <a href=\"https:\/\/thaisbernardes.com\/de\/drucken\/\">HIER<\/a> \u00fcber die Marke Thais Bernardes Jewellery<\/p>\n<p>Lesen Sie das Interview mit Thais Bernardes auf <a href=\"https:\/\/www.nouvellefactory.com\/single-post\/intervista-thais-bernardes-gioielli\">Nouvelle Factory<\/a><\/p>\n<p>Der Schmuck von Thais Bernardes wird vollst\u00e4ndig in Italien aus wertvollen Materialien und nat\u00fcrlichen Farbsteinen hergestellt.<\/p>","protected":false},"excerpt":{"rendered":"<p>Der Schmuck von Thais Bernardes wird vollst\u00e4ndig in Italien aus wertvollen Materialien hergestellt.<\/p>\n<ul class=\"ul1\">\n<li class=\"li3\"><span class=\"s1\">925 18K vergoldetes Silber<\/span><\/li>\n<li>Citrin-Stein<\/li>\n<li class=\"li3\"><span class=\"s1\">gl\u00e4nzende Oberfl\u00e4che<\/span><\/li>\n<li class=\"li4\">Thais Bernardes Garantieschein<\/li>\n<li class=\"li3\"><span class=\"s1\">Hergestellt in Italien<\/span><\/li>\n<\/ul>","protected":false},"featured_media":11823,"template":"","meta":[],"product_brand":[],"product_cat":[88,89,131],"product_tag":[288],"class_list":{"0":"post-5901","1":"product","2":"type-product","3":"status-publish","4":"has-post-thumbnail","6":"product_cat-collezioni","7":"product_cat-colors","8":"product_cat-orecchini","9":"product_tag-black-friday","11":"first","12":"instock","13":"shipping-taxable","14":"purchasable","15":"product-type-simple"},"aioseo_notices":[],"jetpack_sharing_enabled":true,"_links":{"self":[{"href":"https:\/\/thaisbernardes.com\/de\/wp-json\/wp\/v2\/product\/5901","targetHints":{"allow":["GET"]}}],"collection":[{"href":"https:\/\/thaisbernardes.com\/de\/wp-json\/wp\/v2\/product"}],"about":[{"href":"https:\/\/thaisbernardes.com\/de\/wp-json\/wp\/v2\/types\/product"}],"wp:featuredmedia":[{"embeddable":true,"href":"https:\/\/thaisbernardes.com\/de\/wp-json\/wp\/v2\/media\/11823"}],"wp:attachment":[{"href":"https:\/\/thaisbernardes.com\/de\/wp-json\/wp\/v2\/media?parent=5901"}],"wp:term":[{"taxonomy":"product_brand","embeddable":true,"href":"https:\/\/thaisbernardes.com\/de\/wp-json\/wp\/v2\/product_brand?post=5901"},{"taxonomy":"product_cat","embeddable":true,"href":"https:\/\/thaisbernardes.com\/de\/wp-json\/wp\/v2\/product_cat?post=5901"},{"taxonomy":"product_tag","embeddable":true,"href":"https:\/\/thaisbernardes.com\/de\/wp-json\/wp\/v2\/product_tag?post=5901"}],"curies":[{"name":"wp","href":"https:\/\/api.w.org\/{rel}","templated":true}]}}