{"id":5993,"date":"2022-03-09T19:28:41","date_gmt":"2022-03-09T18:28:41","guid":{"rendered":"http:\/\/thaisbernardes.com\/?post_type=product&#038;p=5993"},"modified":"2025-06-29T22:34:16","modified_gmt":"2025-06-29T20:34:16","slug":"amazon-halskette-klein","status":"publish","type":"product","link":"https:\/\/thaisbernardes.com\/de\/product\/collana-amazzonica-small\/","title":{"rendered":"Amazonas-Halskette klein"},"content":{"rendered":"<p>Die Halskette Amazon Small ist ein einzigartiges Schmuckst\u00fcck mit einer kostbaren und leuchtenden Wirkung.<\/p>\n<p>Die vollst\u00e4ndig in Italien aus edlen Materialien gefertigte Amazonas-Halskette wurde von Thais Bernardes entworfen, um die Aufmerksamkeit auf die indigenen Kulturen des Amazonas zu lenken.<\/p>\n<p>Die Halskette kann von jedem getragen werden, denn, wie Thais sagt: \"Die Amazonas-Kollektion ist geschlechtslos, sie ist raffiniert und vor allem eine Botschaft der St\u00e4rke der Natur und der indigenen V\u00f6lker f\u00fcr alle, die keine Angst haben, sie selbst zu sein\".<\/p>\n<p>Satiniertes Silber, 9-kar\u00e4tiges Ros\u00e9gold und schwarze Diamanten sind die Materialien, die in der Kollektion Amazon von Thais Bernardes Jewellery verwendet werden.<\/p>\n<p>F\u00fcr weitere Informationen senden Sie uns eine E-Mail an info@thaisbernardes.com<\/p>\n<p>Lesen Sie <a href=\"https:\/\/thaisbernardes.com\/de\/vogue-italy\/\">HIER<\/a>\u00a0 Artikel in <a href=\"https:\/\/www.vogue.it\/moda\/article\/gioielli-giovani-jewelry-designer-brasiliani-collane-orecchini-bracciali\">VOGUE ITALY<\/a>.<\/p>\n<p>&nbsp;<\/p>","protected":false},"excerpt":{"rendered":"<p>Amazon Necklace Small wird vollst\u00e4ndig in Italien hergestellt.<\/p>\n<ul>\n<li>geschlechtslose Halskette<\/li>\n<li>925 satiniertes Silber<\/li>\n<li>Feder aus 9K Ros\u00e9gold<\/li>\n<li>schwarze Diamanten<\/li>\n<li>Verstellbarer Verschluss von 45 cm bis 50 cm<\/li>\n<li>Thais Bernardes Geschenkbox und Garantie<\/li>\n<\/ul>","protected":false},"featured_media":11844,"template":"","meta":[],"product_brand":[],"product_cat":[53,86,88],"product_tag":[288],"class_list":{"0":"post-5993","1":"product","2":"type-product","3":"status-publish","4":"has-post-thumbnail","6":"product_cat-amazzonica","7":"product_cat-collane","8":"product_cat-collezioni","9":"product_tag-black-friday","11":"first","12":"instock","13":"shipping-taxable","14":"purchasable","15":"product-type-simple"},"aioseo_notices":[],"jetpack_sharing_enabled":true,"_links":{"self":[{"href":"https:\/\/thaisbernardes.com\/de\/wp-json\/wp\/v2\/product\/5993","targetHints":{"allow":["GET"]}}],"collection":[{"href":"https:\/\/thaisbernardes.com\/de\/wp-json\/wp\/v2\/product"}],"about":[{"href":"https:\/\/thaisbernardes.com\/de\/wp-json\/wp\/v2\/types\/product"}],"wp:featuredmedia":[{"embeddable":true,"href":"https:\/\/thaisbernardes.com\/de\/wp-json\/wp\/v2\/media\/11844"}],"wp:attachment":[{"href":"https:\/\/thaisbernardes.com\/de\/wp-json\/wp\/v2\/media?parent=5993"}],"wp:term":[{"taxonomy":"product_brand","embeddable":true,"href":"https:\/\/thaisbernardes.com\/de\/wp-json\/wp\/v2\/product_brand?post=5993"},{"taxonomy":"product_cat","embeddable":true,"href":"https:\/\/thaisbernardes.com\/de\/wp-json\/wp\/v2\/product_cat?post=5993"},{"taxonomy":"product_tag","embeddable":true,"href":"https:\/\/thaisbernardes.com\/de\/wp-json\/wp\/v2\/product_tag?post=5993"}],"curies":[{"name":"wp","href":"https:\/\/api.w.org\/{rel}","templated":true}]}}