{"id":6001,"date":"2022-03-09T19:34:57","date_gmt":"2022-03-09T18:34:57","guid":{"rendered":"http:\/\/thaisbernardes.com\/?post_type=product&#038;p=6001"},"modified":"2026-03-16T12:14:10","modified_gmt":"2026-03-16T11:14:10","slug":"amazon-halskette","status":"publish","type":"product","link":"https:\/\/thaisbernardes.com\/de\/product\/collana-amazzonica\/","title":{"rendered":"Amazonas-Halskette"},"content":{"rendered":"<p>Die Amazonas-Halskette ist ein einzigartiges Schmuckst\u00fcck mit einer kostbaren und leuchtenden Wirkung. Mit einer Feder aus Ros\u00e9gold und schwarzen Diamanten ist sie f\u00fcr unsere Designerin ein Talisman des Gl\u00fccks. Vollst\u00e4ndig in Italien aus kostbaren Materialien hergestellt und von Thais Bernardes entworfen, um die Aufmerksamkeit auf die indigenen Kulturen des Amazonas zu lenken.<\/p>\n<p>Die Amazonas-Halskette kann von jedem getragen werden, denn, wie Thais uns erinnert: \"Die Amazonas-Kollektion ist geschlechtslos, sie ist raffiniert und vor allem ist sie eine Botschaft der St\u00e4rke der Natur und der indigenen V\u00f6lker f\u00fcr alle, die keine Angst haben, sie selbst zu sein.<\/p>\n<p>Satiniertes Silber, 9-kar\u00e4tiges Ros\u00e9gold und schwarze Diamanten sind die Materialien, die in der Kollektion Amazon von Thais Bernardes Jewellery verwendet werden.<\/p>\n<p>Passend zu den Ohrringen <a href=\"https:\/\/thaisbernardes.com\/de\/produkt-2\/amazon-ohrringe\/\">Amazonas<\/a> um ein stilvolles und einzigartiges Aussehen zu erzielen.<\/p>\n<p>Unsere Schmuckmarke Thais Bernardes wurde in verschiedenen nationalen und internationalen Publikationen erw\u00e4hnt, lesen Sie <a href=\"https:\/\/www.vogue.it\/moda\/article\/gioielli-giovani-jewelry-designer-brasiliani-collane-orecchini-bracciali\">HIER<\/a> ein in der VOGUE ITALIA ver\u00f6ffentlichter Artikel.<\/p>\n<p>F\u00fcr weitere Informationen senden Sie uns eine E-Mail an info@thaisbernardes.com<\/p>\n<p>&nbsp;<\/p>","protected":false},"excerpt":{"rendered":"<p>Die Amazonas-Halskette wird vollst\u00e4ndig in Italien hergestellt.<\/p>\n<ul>\n<li>geschlechtslose Halskette<\/li>\n<li>925 satiniertes Silber<\/li>\n<li>Feder aus 9K Ros\u00e9gold<\/li>\n<li>schwarze Diamanten<\/li>\n<li>Verstellbarer Verschluss von 50 cm bis 56 cm<\/li>\n<li>Thais Bernardes Geschenkbox und Garantie<\/li>\n<\/ul>","protected":false},"featured_media":11846,"template":"","meta":[],"product_brand":[],"product_cat":[53,86,88],"product_tag":[288],"class_list":{"0":"post-6001","1":"product","2":"type-product","3":"status-publish","4":"has-post-thumbnail","6":"product_cat-amazzonica","7":"product_cat-collane","8":"product_cat-collezioni","9":"product_tag-black-friday","11":"first","12":"outofstock","13":"shipping-taxable","14":"purchasable","15":"product-type-simple"},"aioseo_notices":[],"jetpack_sharing_enabled":true,"_links":{"self":[{"href":"https:\/\/thaisbernardes.com\/de\/wp-json\/wp\/v2\/product\/6001","targetHints":{"allow":["GET"]}}],"collection":[{"href":"https:\/\/thaisbernardes.com\/de\/wp-json\/wp\/v2\/product"}],"about":[{"href":"https:\/\/thaisbernardes.com\/de\/wp-json\/wp\/v2\/types\/product"}],"wp:featuredmedia":[{"embeddable":true,"href":"https:\/\/thaisbernardes.com\/de\/wp-json\/wp\/v2\/media\/11846"}],"wp:attachment":[{"href":"https:\/\/thaisbernardes.com\/de\/wp-json\/wp\/v2\/media?parent=6001"}],"wp:term":[{"taxonomy":"product_brand","embeddable":true,"href":"https:\/\/thaisbernardes.com\/de\/wp-json\/wp\/v2\/product_brand?post=6001"},{"taxonomy":"product_cat","embeddable":true,"href":"https:\/\/thaisbernardes.com\/de\/wp-json\/wp\/v2\/product_cat?post=6001"},{"taxonomy":"product_tag","embeddable":true,"href":"https:\/\/thaisbernardes.com\/de\/wp-json\/wp\/v2\/product_tag?post=6001"}],"curies":[{"name":"wp","href":"https:\/\/api.w.org\/{rel}","templated":true}]}}