{"id":6017,"date":"2022-03-09T20:04:01","date_gmt":"2022-03-09T19:04:01","guid":{"rendered":"http:\/\/thaisbernardes.com\/?post_type=product&#038;p=6017"},"modified":"2025-06-29T22:31:45","modified_gmt":"2025-06-29T20:31:45","slug":"halskette-ya","status":"publish","type":"product","link":"https:\/\/thaisbernardes.com\/de\/product\/collana-ya\/","title":{"rendered":"YA-Halskette"},"content":{"rendered":"<p>Die Halskette YA ist ein einzigartiges Schmuckst\u00fcck mit einem kostbaren und leuchtenden Effekt. Die Kugeln gleiten auf einer Kette und erzeugen einen einzigartigen Effekt, der typisch f\u00fcr das Design von Thais Bernardes ist.<\/p>\n<p>Vollst\u00e4ndig in Italien aus wertvollen Materialien hergestellt, entworfen von Thais Bernardes, um die Aufmerksamkeit auf die indigenen Kulturen des Amazonas zu lenken.<\/p>\n<p>Die YA-Halskette kann von jedem getragen werden, denn wie Thais sagt: \"Die Amazonas-Kollektion ist geschlechtsneutral, sie ist raffiniert und vor allem eine Botschaft der St\u00e4rke der Natur und der indigenen V\u00f6lker f\u00fcr alle, die keine Angst haben, sie selbst zu sein\".<\/p>\n<p>Satiniertes Silber, 9-kar\u00e4tiges Ros\u00e9gold und schwarze Diamanten sind die Materialien, die in der Kollektion Amazon von Thais Bernardes Jewellery verwendet werden.<\/p>\n<p>F\u00fcr weitere Informationen senden Sie uns eine E-Mail an info@thaisbernardes.com<\/p>","protected":false},"excerpt":{"rendered":"<ul>\n<li>geschlechtslose Halskette<\/li>\n<li>925 satiniertes Silber<\/li>\n<li>Feder aus 9K Ros\u00e9gold<\/li>\n<li>schwarze Diamanten<\/li>\n<li>Verstellbarer Verschluss<\/li>\n<li>Maximale L\u00e4nge 70 cm<\/li>\n<li>Abnehmbarer Amazonas-Charme<\/li>\n<li>Thais Bernardes Geschenkbox und Garantie<\/li>\n<\/ul>","protected":false},"featured_media":11851,"template":"","meta":[],"product_brand":[],"product_cat":[53,86,88,164],"product_tag":[288],"class_list":{"0":"post-6017","1":"product","2":"type-product","3":"status-publish","4":"has-post-thumbnail","6":"product_cat-amazzonica","7":"product_cat-collane","8":"product_cat-collezioni","9":"product_cat-uomo","10":"product_tag-black-friday","12":"first","13":"instock","14":"shipping-taxable","15":"purchasable","16":"product-type-simple"},"aioseo_notices":[],"jetpack_sharing_enabled":true,"_links":{"self":[{"href":"https:\/\/thaisbernardes.com\/de\/wp-json\/wp\/v2\/product\/6017","targetHints":{"allow":["GET"]}}],"collection":[{"href":"https:\/\/thaisbernardes.com\/de\/wp-json\/wp\/v2\/product"}],"about":[{"href":"https:\/\/thaisbernardes.com\/de\/wp-json\/wp\/v2\/types\/product"}],"wp:featuredmedia":[{"embeddable":true,"href":"https:\/\/thaisbernardes.com\/de\/wp-json\/wp\/v2\/media\/11851"}],"wp:attachment":[{"href":"https:\/\/thaisbernardes.com\/de\/wp-json\/wp\/v2\/media?parent=6017"}],"wp:term":[{"taxonomy":"product_brand","embeddable":true,"href":"https:\/\/thaisbernardes.com\/de\/wp-json\/wp\/v2\/product_brand?post=6017"},{"taxonomy":"product_cat","embeddable":true,"href":"https:\/\/thaisbernardes.com\/de\/wp-json\/wp\/v2\/product_cat?post=6017"},{"taxonomy":"product_tag","embeddable":true,"href":"https:\/\/thaisbernardes.com\/de\/wp-json\/wp\/v2\/product_tag?post=6017"}],"curies":[{"name":"wp","href":"https:\/\/api.w.org\/{rel}","templated":true}]}}