{"id":6054,"date":"2022-03-14T18:43:56","date_gmt":"2022-03-14T17:43:56","guid":{"rendered":"http:\/\/thaisbernardes.com\/?post_type=product&#038;p=6054"},"modified":"2025-06-26T15:35:29","modified_gmt":"2025-06-26T13:35:29","slug":"papagei-anhanger-steine-2","status":"publish","type":"product","link":"https:\/\/thaisbernardes.com\/de\/product\/ciondolo-pappagallo-pietre\/","title":{"rendered":"Papagei-Stein-Anh\u00e4nger"},"content":{"rendered":"<p>Papagei-Anh\u00e4nger Steine<\/p>\n<p>Dieser Anh\u00e4nger in Form eines Papageis verk\u00f6rpert die Sch\u00f6nheit der Natur in einer eleganten und raffinierten Form.<\/p>\n<p>Der Papageienanh\u00e4nger mit Steinbesatz hat einen Karabinerverschluss, der es erm\u00f6glicht, ihn abzunehmen und an jeder Kette zu tragen. Er ist aus vergoldetem Sterlingsilber gefertigt und mit handgefassten Steinen besetzt.<\/p>\n<p>Der Schmuck von Thais Bernardes ist eine Hommage an die Natur und wird in Italien von den besten Schmuckhandwerkern hergestellt.<\/p>\n<p>Unsere Stylisten empfehlen die <a href=\"https:\/\/thaisbernardes.com\/de\/produkt-2\/nackte-halskette\/\">NUDE Halskette <\/a> passend zum Papageien-Anh\u00e4nger f\u00fcr einen sehr raffinierten und modischen Look.<\/p>\n<p>Im Inneren der Schachtel befindet sich eine Karte mit der Bedeutung der Papageien.<\/p>","protected":false},"excerpt":{"rendered":"<p>Dieser Anh\u00e4nger in Form eines Papageis verk\u00f6rpert die Sch\u00f6nheit der Natur in einer eleganten und raffinierten Form.<\/p>\n<ul>\n<li>925 vergoldetes Silber<\/li>\n<li>gl\u00e4nzende Oberfl\u00e4che<\/li>\n<li>Zirkonsteine<\/li>\n<li>abnehmbarer Anh\u00e4nger<\/li>\n<li>mit Schachtel und Garantie Thais Bernardes Jewellery<\/li>\n<\/ul>","protected":false},"featured_media":11854,"template":"","meta":[],"product_brand":[],"product_cat":[174,245,77,88],"product_tag":[288],"class_list":{"0":"post-6054","1":"product","2":"type-product","3":"status-publish","4":"has-post-thumbnail","6":"product_cat-brazilian-soul","7":"product_cat-categorie","8":"product_cat-charms","9":"product_cat-collezioni","10":"product_tag-black-friday","12":"first","13":"instock","14":"shipping-taxable","15":"purchasable","16":"product-type-variable"},"aioseo_notices":[],"jetpack_sharing_enabled":true,"_links":{"self":[{"href":"https:\/\/thaisbernardes.com\/de\/wp-json\/wp\/v2\/product\/6054","targetHints":{"allow":["GET"]}}],"collection":[{"href":"https:\/\/thaisbernardes.com\/de\/wp-json\/wp\/v2\/product"}],"about":[{"href":"https:\/\/thaisbernardes.com\/de\/wp-json\/wp\/v2\/types\/product"}],"wp:featuredmedia":[{"embeddable":true,"href":"https:\/\/thaisbernardes.com\/de\/wp-json\/wp\/v2\/media\/11854"}],"wp:attachment":[{"href":"https:\/\/thaisbernardes.com\/de\/wp-json\/wp\/v2\/media?parent=6054"}],"wp:term":[{"taxonomy":"product_brand","embeddable":true,"href":"https:\/\/thaisbernardes.com\/de\/wp-json\/wp\/v2\/product_brand?post=6054"},{"taxonomy":"product_cat","embeddable":true,"href":"https:\/\/thaisbernardes.com\/de\/wp-json\/wp\/v2\/product_cat?post=6054"},{"taxonomy":"product_tag","embeddable":true,"href":"https:\/\/thaisbernardes.com\/de\/wp-json\/wp\/v2\/product_tag?post=6054"}],"curies":[{"name":"wp","href":"https:\/\/api.w.org\/{rel}","templated":true}]}}