{"id":6065,"date":"2022-03-15T12:27:13","date_gmt":"2022-03-15T11:27:13","guid":{"rendered":"http:\/\/thaisbernardes.com\/?post_type=product&#038;p=6065"},"modified":"2026-03-06T17:00:53","modified_gmt":"2026-03-06T16:00:53","slug":"ring-gegenuber-papagei-citrin-stein","status":"publish","type":"product","link":"https:\/\/thaisbernardes.com\/de\/product\/anello-contrarie-pappagallo-pietra-citrino\/","title":{"rendered":"Gegens\u00e4tzlicher Papagei Ring Citrin Stein"},"content":{"rendered":"<p data-start=\"197\" data-end=\"489\">L\u2019Anello Contrari\u00e9 Pappagallo nasce dall\u2019incontro tra eleganza tropicale e simbolismo profondo. Il pappagallo, icona di vivacit\u00e0 e spirito libero, rappresenta bellezza, colore ed espressione autentica. Indossarlo significa portare con s\u00e9 un messaggio di gioia, creativit\u00e0 e libert\u00e0 interiore.<\/p>\n<p data-start=\"491\" data-end=\"851\">Ad arricchire questa creazione risplende il <strong data-start=\"535\" data-end=\"546\">Citrin<\/strong>, una pietra solare conosciuta come cristallo dell\u2019energia positiva e dell\u2019abbondanza. Il suo colore caldo ed energizzante illumina la mano e porta con s\u00e9 vitalit\u00e0, ottimismo e forza personale. \u00c8 la pietra perfetta per chi desidera attrarre nuove opportunit\u00e0 e affrontare la vita con entusiasmo e fiducia.<\/p>\n<p data-start=\"853\" data-end=\"883\"><strong data-start=\"853\" data-end=\"881\">Significato del Citrino:<\/strong><\/p>\n<ul data-start=\"884\" data-end=\"1033\">\n<li data-start=\"884\" data-end=\"932\">\n<p data-start=\"886\" data-end=\"932\">Porta energia positiva, ottimismo e vitalit\u00e0<\/p>\n<\/li>\n<li data-start=\"933\" data-end=\"975\">\n<p data-start=\"935\" data-end=\"975\">Favorisce creativit\u00e0 e forza personale<\/p>\n<\/li>\n<li data-start=\"976\" data-end=\"1033\">\n<p data-start=\"978\" data-end=\"1033\">Considerato simbolo di prosperit\u00e0 e nuove opportunit\u00e0<\/p>\n<\/li>\n<\/ul>\n<p data-start=\"1035\" data-end=\"1177\">Un gioiello prezioso, elegante e vibrante, pensato per chi ama indossare luce, colore e libert\u00e0 con un tocco di stile unico e tropical chic.<\/p>\n<p class=\"p1\">Unsere Stylisten empfehlen die <a href=\"https:\/\/thaisbernardes.com\/de\/produkt-2\/mini-papageien-ohrringe\/\"><span class=\"s1\">Mini-Papageien-Ohrringe<\/span><\/a> in Kombination mit dem Papageienring mit Citrinstein, f\u00fcr einen femininen und leichten, aber aussagekr\u00e4ftigen Look mit Thais Bernardes Schmuck.<\/p>\n<p class=\"p1\">Der Schmuck von Thais Bernardes ist eine Hommage an die Natur, indem er sich von ihr inspirieren l\u00e4sst und uns daran erinnert, dass wir sie sch\u00fctzen m\u00fcssen. Einige Papageienarten sind leider vom Aussterben bedroht, mehr <a href=\"https:\/\/www.repubblica.it\/ambiente\/2018\/09\/10\/news\/il_pappagallo_blu_del_film_rio_si_e_estinto-206081343\/%22%20%5Cl%20%22:~:text=%22Blu%22%20non%20c'%C3%A8,International%20pubblicato%20su%20Science%20Direct.\"><span class=\"s1\">HIER<\/span><\/a> einen Artikel in La Repubblica f\u00fcr weitere Einzelheiten.<\/p>","protected":false},"excerpt":{"rendered":"<p data-start=\"102\" data-end=\"339\">Un gioiello luminoso che celebra bellezza e libert\u00e0. Il pappagallo, simbolo di vitalit\u00e0 e spirito libero, dona un tocco tropicale e colorato. Il Citrino, pietra solare dell\u2019energia positiva, porta ottimismo, creativit\u00e0 e forza personale.<\/p>\n<p data-start=\"341\" data-end=\"422\" data-is-last-node=\"\" data-is-only-node=\"\">Un anello elegante e vibrante, perfetto per chi ama indossare luce e personalit\u00e0.<\/p>\n<ul class=\"ul1\">\n<li class=\"li3\"><span class=\"s1\">925 vergoldetes Silber<\/span><\/li>\n<li class=\"li3\"><span class=\"s1\">gl\u00e4nzende Oberfl\u00e4che<\/span><\/li>\n<li class=\"li3\"><span class=\"s1\">offener verstellbarer Ring<\/span><\/li>\n<li class=\"li3\"><span class=\"s1\">bis zu einer Gr\u00f6\u00dfe unter und einer Gr\u00f6\u00dfe \u00fcber der gew\u00e4hlten Gr\u00f6\u00dfe tragen<\/span><\/li>\n<li class=\"li3\"><span class=\"s1\">Citrin im Tropfenschliff Naturstein<\/span><\/li>\n<li class=\"li3\"><span class=\"s1\">Pflasterrahmen\u00a0<\/span><\/li>\n<li class=\"li3\"><span class=\"s2\">Bescheinigung \u00fcber<\/span><span class=\"s1\"> Garantie Thais Bernardes<\/span><\/li>\n<li class=\"li3\"><span class=\"s1\"><span class=\"s1\">Hergestellt in Italien<br \/>\n<\/span><\/span><div class=\"is-divider divider clearfix\" style=\"max-width:small;\"><\/div>\n<a href=\"#WSG\" class=\"button primary lowercase\" >\n\t\t<span>Guida Misure<\/span>\n\t<\/a>\n\n\n\t<div id=\"text-483387595\" class=\"text hidden\">\n\t\t\n\n<p>\t<div id=\"WSG\"\n\t     class=\"lightbox-by-id lightbox-content mfp-hide lightbox-white\"\n\t     style=\"max-width:600px ;padding:20px\">\n\t\t<div class=\"row row-collapse row-full-width\"  id=\"row-1192998267\">\n\n\n\t<div id=\"col-1577887218\" class=\"col small-12 large-12\"  >\n\t\t\t\t<div class=\"col-inner text-center\" style=\"background-color:rgb(22, 70, 63);\" >\n\t\t\t\n\t\t\t\n\n\n\t<section class=\"section\" id=\"section_619978548\">\n\t\t<div class=\"section-bg fill\" >\n\t\t\t\t\t\t\t\t\t\n\t\t\t\n\n\t\t<\/div>\n\n\t\t\n\n\t\t<div class=\"section-content relative\">\n\t\t\t\n\n<div class=\"container section-title-container\" ><h4 class=\"section-title section-title-center\"><b aria-hidden=\"true\"><\/b><span class=\"section-title-main\" style=\"color:rgb(255, 255, 255);\">Guida Misure anelli<\/span><b aria-hidden=\"true\"><\/b><\/h4><\/div>\n\n\t<div id=\"text-1029688654\" class=\"text\">\n\t\t\n\n<table style=\"font-size: 14.4px;\">\n<thead>\n<tr>\n<th style=\"text-align: center;\"><span style=\"color: #ffffff;\">Misure<\/span><\/th>\n<th style=\"text-align: center;\"><span style=\"color: #ffffff;\">Diametro in mm<\/span><\/th>\n<\/tr>\n<\/thead>\n<tbody>\n<tr>\n<td style=\"text-align: center;\"><span style=\"color: #ffffff;\">6 \/ 46<\/span><\/td>\n<td style=\"text-align: center;\"><span style=\"color: #ffffff;\">14,65<\/span><\/td>\n<\/tr>\n<tr>\n<td style=\"text-align: center;\"><span style=\"color: #ffffff;\">7 \/ 47<\/span><\/td>\n<td style=\"text-align: center;\"><span style=\"color: #ffffff;\">14,97<\/span><\/td>\n<\/tr>\n<tr>\n<td style=\"text-align: center;\"><span style=\"color: #ffffff;\">8 \/ 48<\/span><\/td>\n<td style=\"text-align: center;\"><span style=\"color: #ffffff;\">15,29<\/span><\/td>\n<\/tr>\n<tr>\n<td style=\"text-align: center;\"><span style=\"color: #ffffff;\">9 \/ 49<\/span><\/td>\n<td style=\"text-align: center;\"><span style=\"color: #ffffff;\">15,61<\/span><\/td>\n<\/tr>\n<tr>\n<td style=\"text-align: center;\"><span style=\"color: #ffffff;\">10 \/ 50<\/span><\/td>\n<td style=\"text-align: center;\"><span style=\"color: #ffffff;\">15,92<\/span><\/td>\n<\/tr>\n<tr>\n<td style=\"text-align: center;\"><span style=\"color: #ffffff;\">11 \/ 51<\/span><\/td>\n<td style=\"text-align: center;\"><span style=\"color: #ffffff;\">16,24<\/span><\/td>\n<\/tr>\n<tr>\n<td style=\"text-align: center;\"><span style=\"color: #ffffff;\">12 \/ 52<\/span><\/td>\n<td style=\"text-align: center;\"><span style=\"color: #ffffff;\">16,56<\/span><\/td>\n<\/tr>\n<tr>\n<td style=\"text-align: center;\"><span style=\"color: #ffffff;\">13 \/ 53<\/span><\/td>\n<td style=\"text-align: center;\"><span style=\"color: #ffffff;\">16,88<\/span><\/td>\n<\/tr>\n<tr>\n<td style=\"text-align: center;\"><span style=\"color: #ffffff;\">14 \/ 54<\/span><\/td>\n<td style=\"text-align: center;\"><span style=\"color: #ffffff;\">17,2<\/span><\/td>\n<\/tr>\n<tr>\n<td style=\"text-align: center;\"><span style=\"color: #ffffff;\">15 \/ 55<\/span><\/td>\n<td style=\"text-align: center;\"><span style=\"color: #ffffff;\">17,52<\/span><\/td>\n<\/tr>\n<tr>\n<td style=\"text-align: center;\"><span style=\"color: #ffffff;\">16 \/ 56<\/span><\/td>\n<td style=\"text-align: center;\"><span style=\"color: #ffffff;\">17,83<\/span><\/td>\n<\/tr>\n<tr>\n<td style=\"text-align: center;\"><span style=\"color: #ffffff;\">17 \/ 57<\/span><\/td>\n<td style=\"text-align: center;\"><span style=\"color: #ffffff;\">18,15<\/span><\/td>\n<\/tr>\n<tr>\n<td style=\"text-align: center;\"><span style=\"color: #ffffff;\">18 \/ 58<\/span><\/td>\n<td style=\"text-align: center;\"><span style=\"color: #ffffff;\">18,47<\/span><\/td>\n<\/tr>\n<tr>\n<td style=\"text-align: center;\"><span style=\"color: #ffffff;\">19 \/ 59<\/span><\/td>\n<td style=\"text-align: center;\"><span style=\"color: #ffffff;\">18,79<\/span><\/td>\n<\/tr>\n<tr>\n<td style=\"text-align: center;\"><span style=\"color: #ffffff;\">20 \/ 60<\/span><\/td>\n<td style=\"text-align: center;\"><span style=\"color: #ffffff;\">19,11<\/span><\/td>\n<\/tr>\n<\/tbody>\n<\/table>\n<p>\u00a0<\/p>\n\t\t\n<style>\n#text-1029688654 {\n  color: rgb(255, 255, 255);\n}\n#text-1029688654 > * {\n  color: rgb(255, 255, 255);\n}\n<\/style>\n\t<\/div>\n\t\n\t<div id=\"text-3462773881\" class=\"text\">\n\t\t\n\n<p style=\"text-align: center;\"><span style=\"font-size: 85%;\">Hai ancora dubbi?<\/span><\/p>\n<p style=\"text-align: center;\"><span style=\"font-size: 85%;\"><a class=\"button alert primary\" href=\"https:\/\/thaisbernardes.com\/de\/misure-anelli-e-conversione\/\">guida completa<\/a><\/span><\/p>\n\n\t\t\n<style>\n#text-3462773881 {\n  line-height: 0.75;\n  color: rgb(255,255,255);\n}\n#text-3462773881 > * {\n  color: rgb(255,255,255);\n}\n<\/style>\n\t<\/div>\n\t\n\n\t\t<\/div>\n\n\t\t\n<style>\n#section_619978548 {\n  padding-top: 0px;\n  padding-bottom: 0px;\n}\n<\/style>\n\t<\/section>\n\t\n\n\t\t<\/div>\n\t\t\t\t\t<\/div>\n\n\t\n\n\n<style>\n#row-1192998267 > .col > .col-inner {\n  background-color: #16463f;\n}\n<\/style>\n<\/div>\t<\/div>\n\t\n\t<\/p>\n<p>&nbsp;<\/p>\n\t\t\t<\/div>\n\t<\/li>\n<\/ul>","protected":false},"featured_media":11859,"template":"","meta":[],"product_brand":[],"product_cat":[59,174,245,88,103],"product_tag":[288],"class_list":{"0":"post-6065","1":"product","2":"type-product","3":"status-publish","4":"has-post-thumbnail","6":"product_cat-anelli","7":"product_cat-brazilian-soul","8":"product_cat-categorie","9":"product_cat-collezioni","10":"product_cat-gifts","11":"product_tag-black-friday","13":"first","14":"instock","15":"shipping-taxable","16":"purchasable","17":"product-type-variable"},"aioseo_notices":[],"jetpack_sharing_enabled":true,"_links":{"self":[{"href":"https:\/\/thaisbernardes.com\/de\/wp-json\/wp\/v2\/product\/6065","targetHints":{"allow":["GET"]}}],"collection":[{"href":"https:\/\/thaisbernardes.com\/de\/wp-json\/wp\/v2\/product"}],"about":[{"href":"https:\/\/thaisbernardes.com\/de\/wp-json\/wp\/v2\/types\/product"}],"wp:featuredmedia":[{"embeddable":true,"href":"https:\/\/thaisbernardes.com\/de\/wp-json\/wp\/v2\/media\/11859"}],"wp:attachment":[{"href":"https:\/\/thaisbernardes.com\/de\/wp-json\/wp\/v2\/media?parent=6065"}],"wp:term":[{"taxonomy":"product_brand","embeddable":true,"href":"https:\/\/thaisbernardes.com\/de\/wp-json\/wp\/v2\/product_brand?post=6065"},{"taxonomy":"product_cat","embeddable":true,"href":"https:\/\/thaisbernardes.com\/de\/wp-json\/wp\/v2\/product_cat?post=6065"},{"taxonomy":"product_tag","embeddable":true,"href":"https:\/\/thaisbernardes.com\/de\/wp-json\/wp\/v2\/product_tag?post=6065"}],"curies":[{"name":"wp","href":"https:\/\/api.w.org\/{rel}","templated":true}]}}