{"id":6148,"date":"2022-04-27T21:46:21","date_gmt":"2022-04-27T19:46:21","guid":{"rendered":"http:\/\/thaisbernardes.com\/?post_type=product&#038;p=6148"},"modified":"2025-06-26T15:30:51","modified_gmt":"2025-06-26T13:30:51","slug":"rosenquarz-charm-anhanger","status":"publish","type":"product","link":"https:\/\/thaisbernardes.com\/de\/product\/ciondolo-charm-quarzo-rosa\/","title":{"rendered":"Rosa Quarz Charm-Anh\u00e4nger"},"content":{"rendered":"<p>CHARM Rosenquarz-Anh\u00e4nger<\/p>\n<p>Dieser Sterling-Silber-Anh\u00e4nger mit Rosenquarz-Stein ist abnehmbar und kann mit jeder Halskette kombiniert werden. Auch sehr schick, wenn auf der R\u00fcckseite einer Halskette verwendet.<\/p>\n<p>Der Rosenquarz-Anh\u00e4nger ist Teil der Kollektion Colors von Thais Bernardes Gioielli, Schmuck mit einzigartigem Design und 100% made in Italy.<\/p>\n<p>Unsere Stylisten empfehlen die <a href=\"https:\/\/thaisbernardes.com\/de\/produkt-2\/nackte-halskette\/\">NUDE Halskette<\/a> passend zum Rosenquarz-Charm-Anh\u00e4nger, um einen sehr raffinierten Look zu erzielen.<\/p>\n<p><span class=\"Y2IQFc\" lang=\"it\">In der Tradition ist der Rosenquarz der Edelstein der Liebe. Er soll romantische Liebe, Fruchtbarkeit, Sexualit\u00e4t und Energie f\u00f6rdern.<br \/>\nDas Tragen soll Wut, Spannungen, Schuldgef\u00fchle und \u00c4ngste lindern und den Tr\u00e4ger j\u00fcnger aussehen lassen.<br \/>\nEr l\u00f6st Negativit\u00e4t auf, f\u00f6rdert Ruhe und Beruhigung und beschleunigt die allgemeine Heilung. Der Rosenquarz ist nicht nur ein gl\u00fccksbringender Januar-Geburtsstein, sondern auch der Edelstein des f\u00fcnften Hochzeitstages.<\/span><\/p>\n<p>Einzigartig gestalteter Schmuck, der vollst\u00e4ndig in Italien von unseren Meisterhandwerkern hergestellt wird.<\/p>","protected":false},"excerpt":{"rendered":"<p>Dieser Sterling-Silber-Anh\u00e4nger mit Rosenquarz ist abnehmbar und kann mit jeder Kette verwendet werden. Auch sehr schick, wenn auf der R\u00fcckseite einer Halskette verwendet.<\/p>\n<ul>\n<li>925er Silber oder vergoldetes Silber<\/li>\n<li>gl\u00e4nzende Oberfl\u00e4che<\/li>\n<li>Abnehmbar mit Karabinerhaken<\/li>\n<li>Rosa Quarz Naturstein 6 x 9 mm<\/li>\n<li>Thais Bernardes Geschenkbox und Garantie<\/li>\n<\/ul>","protected":false},"featured_media":11862,"template":"","meta":[],"product_brand":[],"product_cat":[245,77,88,89,103],"product_tag":[288],"class_list":{"0":"post-6148","1":"product","2":"type-product","3":"status-publish","4":"has-post-thumbnail","6":"product_cat-categorie","7":"product_cat-charms","8":"product_cat-collezioni","9":"product_cat-colors","10":"product_cat-gifts","11":"product_tag-black-friday","13":"first","14":"instock","15":"shipping-taxable","16":"purchasable","17":"product-type-simple"},"aioseo_notices":[],"jetpack_sharing_enabled":true,"_links":{"self":[{"href":"https:\/\/thaisbernardes.com\/de\/wp-json\/wp\/v2\/product\/6148","targetHints":{"allow":["GET"]}}],"collection":[{"href":"https:\/\/thaisbernardes.com\/de\/wp-json\/wp\/v2\/product"}],"about":[{"href":"https:\/\/thaisbernardes.com\/de\/wp-json\/wp\/v2\/types\/product"}],"wp:featuredmedia":[{"embeddable":true,"href":"https:\/\/thaisbernardes.com\/de\/wp-json\/wp\/v2\/media\/11862"}],"wp:attachment":[{"href":"https:\/\/thaisbernardes.com\/de\/wp-json\/wp\/v2\/media?parent=6148"}],"wp:term":[{"taxonomy":"product_brand","embeddable":true,"href":"https:\/\/thaisbernardes.com\/de\/wp-json\/wp\/v2\/product_brand?post=6148"},{"taxonomy":"product_cat","embeddable":true,"href":"https:\/\/thaisbernardes.com\/de\/wp-json\/wp\/v2\/product_cat?post=6148"},{"taxonomy":"product_tag","embeddable":true,"href":"https:\/\/thaisbernardes.com\/de\/wp-json\/wp\/v2\/product_tag?post=6148"}],"curies":[{"name":"wp","href":"https:\/\/api.w.org\/{rel}","templated":true}]}}