{"id":6155,"date":"2022-04-27T21:56:41","date_gmt":"2022-04-27T19:56:41","guid":{"rendered":"http:\/\/thaisbernardes.com\/?post_type=product&#038;p=6155"},"modified":"2025-06-26T15:30:57","modified_gmt":"2025-06-26T13:30:57","slug":"amethyst-charm-anhanger","status":"publish","type":"product","link":"https:\/\/thaisbernardes.com\/de\/product\/ciondolo-charm-ametista\/","title":{"rendered":"Amethyst-Charm-Anh\u00e4nger"},"content":{"rendered":"<p>CHARM Anh\u00e4nger Amethyst<\/p>\n<p>Dieser Sterling-Silber-Anh\u00e4nger mit Amethyst-Stein ist abnehmbar und kann mit jeder Halskette kombiniert werden. Auch sehr schick, wenn auf der R\u00fcckseite einer Halskette verwendet.<\/p>\n<p>Der Amethyst-Anh\u00e4nger ist Teil der Kollektion Colors von Thais Bernardes Gioielli, Schmuck mit einzigartigem Design und 100% made in Italy.<\/p>\n<p>Unsere Stylisten empfehlen die <a href=\"https:\/\/thaisbernardes.com\/de\/produkt-2\/nackte-halskette\/\">NUDE Halskette<\/a> passend zum Rosenquarz-Charm-Anh\u00e4nger, um einen sehr raffinierten Look zu erzielen.<\/p>\n<p><span class=\"Y2IQFc\" lang=\"it\">Wenn Sie im Februar geboren sind, ist Ihr Gl\u00fccksstein der Amethyst, eine violette Quarzart, die die Menschheit seit Jahrtausenden fasziniert. <\/span><span class=\"Y2IQFc\" lang=\"it\">Seine Farbnuancen von Lila bis Tiefviolett k\u00f6nnen in vielen Formen und Gr\u00f6\u00dfen geschliffen werden und k\u00f6nnen im Labor hergestellt oder nat\u00fcrlich abgebaut werden. Der Amethyst, der Gl\u00fccksstein des Monats Februar, ist in den Sammlungen von K\u00f6nigsh\u00e4usern in ganz Europa und Asien zu finden. Heute ist er f\u00fcr die meisten Verbraucher erschwinglich. Erw\u00e4gen Sie den Kauf eines wundersch\u00f6nen Amethysten f\u00fcr den K\u00f6nig oder die K\u00f6nigin Ihres Herzens oder machen Sie sich selbst ein k\u00f6nigliches Geschenk. Wenn Sie im Februar Geburtstag haben, kann das Tragen eines Amethysten auch ein Symbol f\u00fcr pers\u00f6nliche Erm\u00e4chtigung und innere St\u00e4rke sein.<\/span><\/p>\n<p>Einzigartig gestalteter Schmuck, der vollst\u00e4ndig in Italien von unseren Meisterhandwerkern hergestellt wird.<\/p>","protected":false},"excerpt":{"rendered":"<p>Dieser Sterling-Silber-Anh\u00e4nger mit Amethyst ist abnehmbar und kann mit jeder Kette verwendet werden. Auch sehr schick, wenn auf der R\u00fcckseite einer Halskette verwendet.<\/p>\n<ul>\n<li>925 vergoldetes Silber<\/li>\n<li>gl\u00e4nzende Oberfl\u00e4che<\/li>\n<li>Abnehmbar mit Karabinerhaken<\/li>\n<li>Amethyst Naturstein 6 x 9 mm<\/li>\n<li>Thais Bernardes Geschenkbox und Garantie<\/li>\n<\/ul>","protected":false},"featured_media":11865,"template":"","meta":[],"product_brand":[],"product_cat":[77,88,89,103],"product_tag":[288],"class_list":{"0":"post-6155","1":"product","2":"type-product","3":"status-publish","4":"has-post-thumbnail","6":"product_cat-charms","7":"product_cat-collezioni","8":"product_cat-colors","9":"product_cat-gifts","10":"product_tag-black-friday","12":"first","13":"instock","14":"shipping-taxable","15":"purchasable","16":"product-type-simple"},"aioseo_notices":[],"jetpack_sharing_enabled":true,"_links":{"self":[{"href":"https:\/\/thaisbernardes.com\/de\/wp-json\/wp\/v2\/product\/6155","targetHints":{"allow":["GET"]}}],"collection":[{"href":"https:\/\/thaisbernardes.com\/de\/wp-json\/wp\/v2\/product"}],"about":[{"href":"https:\/\/thaisbernardes.com\/de\/wp-json\/wp\/v2\/types\/product"}],"wp:featuredmedia":[{"embeddable":true,"href":"https:\/\/thaisbernardes.com\/de\/wp-json\/wp\/v2\/media\/11865"}],"wp:attachment":[{"href":"https:\/\/thaisbernardes.com\/de\/wp-json\/wp\/v2\/media?parent=6155"}],"wp:term":[{"taxonomy":"product_brand","embeddable":true,"href":"https:\/\/thaisbernardes.com\/de\/wp-json\/wp\/v2\/product_brand?post=6155"},{"taxonomy":"product_cat","embeddable":true,"href":"https:\/\/thaisbernardes.com\/de\/wp-json\/wp\/v2\/product_cat?post=6155"},{"taxonomy":"product_tag","embeddable":true,"href":"https:\/\/thaisbernardes.com\/de\/wp-json\/wp\/v2\/product_tag?post=6155"}],"curies":[{"name":"wp","href":"https:\/\/api.w.org\/{rel}","templated":true}]}}