{"id":6162,"date":"2022-04-27T22:08:52","date_gmt":"2022-04-27T20:08:52","guid":{"rendered":"http:\/\/thaisbernardes.com\/?post_type=product&#038;p=6162"},"modified":"2025-06-26T15:31:03","modified_gmt":"2025-06-26T13:31:03","slug":"blautopas-charm-anhanger","status":"publish","type":"product","link":"https:\/\/thaisbernardes.com\/de\/product\/ciondolo-charm-topazio-azzurro\/","title":{"rendered":"Anh\u00e4nger Charm Light Blue Topaz"},"content":{"rendered":"<p>CHARM Pendelleuchte Blautopas<\/p>\n<p>Dieser Sterling-Silber-Anh\u00e4nger mit blauem Topas-Stein ist abnehmbar und kann mit jeder Kette kombiniert werden. Auch sehr schick, wenn auf der R\u00fcckseite einer Halskette verwendet.<\/p>\n<p>Der Anh\u00e4nger mit blauem Topas ist Teil der Kollektion Colors von Thais Bernardes Gioielli, Schmuck mit einzigartigem Design und 100% made in Italy.<\/p>\n<p>Unsere Stylisten empfehlen die <a href=\"https:\/\/thaisbernardes.com\/de\/produkt-2\/nackte-halskette\/\">NUDE Halskette<\/a> passend zum Rosenquarz-Charm-Anh\u00e4nger, um einen sehr raffinierten Look zu erzielen.<\/p>\n<p><span class=\"Y2IQFc\" lang=\"it\">Viele Menschen glauben, dass Topas nach der Insel Topas benannt wurde, einer kleinen Insel im Roten Meer, die angeblich Topas produzierte. Im Laufe der Zeit stellte sich jedoch heraus, dass es sich nicht um die Edelsteine handelte, f\u00fcr die man sie hielt. Trotzdem blieb der Name erhalten. Heute gilt der Topas als einer der vielen Gl\u00fcckssteine des Monats Dezember, zusammen mit Tansanit, T\u00fcrkis und blauem Zirkon. Einige der wichtigsten spirituellen Bedeutungen des Topas sind Ehrlichkeit, F\u00fclle und Vergebung. Topas ist auch ein Edelstein, der mit Gl\u00fcck, Gesundheit und Liebe assoziiert wird. Bei einer solchen Liste positiver Bedeutungen fragen Sie sich nicht, warum nicht jeder seinen eigenen Topas hat? Einige der wildesten historischen Behauptungen besagen, dass Topas Zauberspr\u00fcche brechen und Wahnsinn heilen kann. Nun, das sind wahrscheinlich nur Mythen, aber sie verleihen diesem Gl\u00fccksstein f\u00fcr den Dezember wirklich Tiefe und Geheimnis.<\/span><\/p>\n<p>Einzigartig gestalteter Schmuck 100% made in Italy<\/p>\n<p>&nbsp;<\/p>","protected":false},"excerpt":{"rendered":"<p>Dieser Anh\u00e4nger aus Sterlingsilber mit blauem Topas ist abnehmbar und kann mit jeder Halskette kombiniert werden. Auch sehr schick, wenn auf der R\u00fcckseite einer Halskette verwendet.<\/p>\n<ul>\n<li>925 vergoldetes Silber<\/li>\n<li>gl\u00e4nzende Oberfl\u00e4che<\/li>\n<li>Abnehmbar mit Karabinerhaken<\/li>\n<li>Blautopas Stein 6 x 9 mm<\/li>\n<li>Thais Bernardes Geschenkbox und Garantie<\/li>\n<\/ul>","protected":false},"featured_media":11868,"template":"","meta":[],"product_brand":[],"product_cat":[77,88,89,103],"product_tag":[288],"class_list":{"0":"post-6162","1":"product","2":"type-product","3":"status-publish","4":"has-post-thumbnail","6":"product_cat-charms","7":"product_cat-collezioni","8":"product_cat-colors","9":"product_cat-gifts","10":"product_tag-black-friday","12":"first","13":"instock","14":"shipping-taxable","15":"purchasable","16":"product-type-simple"},"aioseo_notices":[],"jetpack_sharing_enabled":true,"_links":{"self":[{"href":"https:\/\/thaisbernardes.com\/de\/wp-json\/wp\/v2\/product\/6162","targetHints":{"allow":["GET"]}}],"collection":[{"href":"https:\/\/thaisbernardes.com\/de\/wp-json\/wp\/v2\/product"}],"about":[{"href":"https:\/\/thaisbernardes.com\/de\/wp-json\/wp\/v2\/types\/product"}],"wp:featuredmedia":[{"embeddable":true,"href":"https:\/\/thaisbernardes.com\/de\/wp-json\/wp\/v2\/media\/11868"}],"wp:attachment":[{"href":"https:\/\/thaisbernardes.com\/de\/wp-json\/wp\/v2\/media?parent=6162"}],"wp:term":[{"taxonomy":"product_brand","embeddable":true,"href":"https:\/\/thaisbernardes.com\/de\/wp-json\/wp\/v2\/product_brand?post=6162"},{"taxonomy":"product_cat","embeddable":true,"href":"https:\/\/thaisbernardes.com\/de\/wp-json\/wp\/v2\/product_cat?post=6162"},{"taxonomy":"product_tag","embeddable":true,"href":"https:\/\/thaisbernardes.com\/de\/wp-json\/wp\/v2\/product_tag?post=6162"}],"curies":[{"name":"wp","href":"https:\/\/api.w.org\/{rel}","templated":true}]}}