{"id":6171,"date":"2022-05-06T17:04:11","date_gmt":"2022-05-06T15:04:11","guid":{"rendered":"http:\/\/thaisbernardes.com\/?post_type=product&#038;p=6171"},"modified":"2025-06-29T22:30:40","modified_gmt":"2025-06-29T20:30:40","slug":"gleitkugel-kropfband","status":"publish","type":"product","link":"https:\/\/thaisbernardes.com\/de\/product\/choker-palline-scorrevoli\/","title":{"rendered":"Choker-Gleitkugeln"},"content":{"rendered":"<p>925 Sterling Silber Gleitkugel-Kropfband<\/p>\n<p>Die Choker-Halskette hat ein einzigartiges und minimalistisches Design mit Kugeln, die auf einer Silberkette gleiten. Diese Halskette wertet auch ein T-Shirt auf und sorgt f\u00fcr einen m\u00fchelosen, schicken Look.<\/p>\n<p>Die Gleitkugel-Halskette wurde von Thais entworfen und ist Teil der geschlechtslosen Amazon-Kollektion.<\/p>\n<p>Unsere Stylisten empfehlen, ihn mit Jeans und T-Shirt f\u00fcr einen l\u00e4ssigen Tageslook oder mit einem kleinen schwarzen Kleid am Abend f\u00fcr einen minimalistischen, aber ausgesprochen schicken Look zu kombinieren.<\/p>\n<p>Lesen Sie den Artikel in <a href=\"https:\/\/thaisbernardes.com\/de\/vogue-italy\/\">VOGUE ITALY <\/a><\/p>\n<p>&nbsp;<\/p>","protected":false},"excerpt":{"rendered":"<ul>\n<li>geschlechtsloses halsband mit gleitenden kugeln an d\u00fcnner kette<\/li>\n<li>925er Silber<\/li>\n<li>Verstellbarer Verschluss<\/li>\n<li>Maximale L\u00e4nge 40 cm<\/li>\n<li>Thais Bernardes' exklusive Schmuckspangen<\/li>\n<li>Thais Bernardes Geschenkbox und Garantie<\/li>\n<\/ul>","protected":false},"featured_media":11871,"template":"","meta":[],"product_brand":[],"product_cat":[53,86,88,164],"product_tag":[288],"class_list":{"0":"post-6171","1":"product","2":"type-product","3":"status-publish","4":"has-post-thumbnail","6":"product_cat-amazzonica","7":"product_cat-collane","8":"product_cat-collezioni","9":"product_cat-uomo","10":"product_tag-black-friday","12":"first","13":"instock","14":"shipping-taxable","15":"purchasable","16":"product-type-simple"},"aioseo_notices":[],"jetpack_sharing_enabled":true,"_links":{"self":[{"href":"https:\/\/thaisbernardes.com\/de\/wp-json\/wp\/v2\/product\/6171","targetHints":{"allow":["GET"]}}],"collection":[{"href":"https:\/\/thaisbernardes.com\/de\/wp-json\/wp\/v2\/product"}],"about":[{"href":"https:\/\/thaisbernardes.com\/de\/wp-json\/wp\/v2\/types\/product"}],"wp:featuredmedia":[{"embeddable":true,"href":"https:\/\/thaisbernardes.com\/de\/wp-json\/wp\/v2\/media\/11871"}],"wp:attachment":[{"href":"https:\/\/thaisbernardes.com\/de\/wp-json\/wp\/v2\/media?parent=6171"}],"wp:term":[{"taxonomy":"product_brand","embeddable":true,"href":"https:\/\/thaisbernardes.com\/de\/wp-json\/wp\/v2\/product_brand?post=6171"},{"taxonomy":"product_cat","embeddable":true,"href":"https:\/\/thaisbernardes.com\/de\/wp-json\/wp\/v2\/product_cat?post=6171"},{"taxonomy":"product_tag","embeddable":true,"href":"https:\/\/thaisbernardes.com\/de\/wp-json\/wp\/v2\/product_tag?post=6171"}],"curies":[{"name":"wp","href":"https:\/\/api.w.org\/{rel}","templated":true}]}}