{"id":6207,"date":"2022-05-23T21:01:50","date_gmt":"2022-05-23T19:01:50","guid":{"rendered":"http:\/\/thaisbernardes.com\/?post_type=product&#038;p=6207"},"modified":"2025-06-26T15:31:16","modified_gmt":"2025-06-26T13:31:16","slug":"ohrringe-farben-lange-thais-bernardes-schmuck","status":"publish","type":"product","link":"https:\/\/thaisbernardes.com\/de\/product\/orecchini-colors-lungo-gioielli-thais-bernardes\/","title":{"rendered":"Traumfarben Amethyst-Ohrringe"},"content":{"rendered":"<p>Die Dream Colors Ohrringe mit Amethysten aus 18 Karat vergoldetem Silber werden vollst\u00e4ndig in Italien von unseren Meisterhandwerkern hergestellt.<\/p>\n<p>Die Farbe der Steine und die Kostbarkeit des Goldes in einem zarten, von Thais entworfenen Ohrring f\u00fcr einen raffinierten und farbenfrohen Look.<\/p>\n<p>Dream Colors Ohrringe mit Amethysten sind das perfekte Geschenk f\u00fcr eine Frau mit gutem Geschmack.<\/p>\n<p>Der tiefviolette Amethyststein hat auch eine Bedeutung, s<strong>i <\/strong>ist der Meinung, dass der Amethyst seinem Tr\u00e4ger heute die Eigenschaften von Stabilit\u00e4t, Frieden, Mut, Konzentration, K\u00f6niglichkeit, Romantik und Zuneigung verleiht. Lesen Sie <a href=\"https:\/\/thaisbernardes.com\/de\/10-dinge-die-man-uber-den-stein-des-monats-im-februar-wissen-sollte-lametist\/\">HIER<\/a> die Bedeutung des vollst\u00e4ndigen Amethysten.<\/p>\n<p>Die Schmuckst\u00fccke von Thais Bernardes werden vollst\u00e4ndig in Italien von unseren Handwerksmeistern unter Verwendung wertvoller Materialien und nat\u00fcrlicher Farbsteine hergestellt.<\/p>\n<p class=\"p1\">Einzelheiten:<\/p>\n<ul class=\"ul1\">\n<li class=\"li3\"><span class=\"s1\">925 18K vergoldetes Silber<\/span><\/li>\n<li>Amethyst-Steine<\/li>\n<li class=\"li3\"><span class=\"s1\">gl\u00e4nzende Oberfl\u00e4che<\/span><\/li>\n<li class=\"li4\">Thais Bernardes Garantieschein<\/li>\n<li class=\"li3\"><span class=\"s1\">Hergestellt in Italien<\/span><\/li>\n<\/ul>\n<p>Weitere Informationen\u00a0<a href=\"https:\/\/thaisbernardes.com\/de\/drucken\/\">HIER<\/a>\u00a0\u00fcber die Marke Thais Bernardes Jewellery<\/p>\n<p>Lesen Sie das Interview mit der Designerin Thais Bernardes auf\u00a0<a href=\"https:\/\/www.nouvellefactory.com\/single-post\/intervista-thais-bernardes-gioielli\">Nouvelle Factory<\/a><\/p>","protected":false},"excerpt":{"rendered":"<p>Der Schmuck von Thais Bernardes wird vollst\u00e4ndig in Italien aus wertvollen Materialien hergestellt.<\/p>\n<ul class=\"ul1\">\n<li class=\"li3\"><span class=\"s1\">925 18K vergoldetes Silber<\/span><\/li>\n<li>Amethyst-Steine<\/li>\n<li class=\"li3\"><span class=\"s1\">gl\u00e4nzende Oberfl\u00e4che<\/span><\/li>\n<li class=\"li4\">Thais Bernardes Garantieschein<\/li>\n<li class=\"li3\"><span class=\"s1\">Hergestellt in Italien<\/span><\/li>\n<\/ul>","protected":false},"featured_media":11874,"template":"","meta":[],"product_brand":[],"product_cat":[245,88,89,131],"product_tag":[],"class_list":{"0":"post-6207","1":"product","2":"type-product","3":"status-publish","4":"has-post-thumbnail","6":"product_cat-categorie","7":"product_cat-collezioni","8":"product_cat-colors","9":"product_cat-orecchini","11":"first","12":"outofstock","13":"shipping-taxable","14":"purchasable","15":"product-type-simple"},"aioseo_notices":[],"jetpack_sharing_enabled":true,"_links":{"self":[{"href":"https:\/\/thaisbernardes.com\/de\/wp-json\/wp\/v2\/product\/6207","targetHints":{"allow":["GET"]}}],"collection":[{"href":"https:\/\/thaisbernardes.com\/de\/wp-json\/wp\/v2\/product"}],"about":[{"href":"https:\/\/thaisbernardes.com\/de\/wp-json\/wp\/v2\/types\/product"}],"wp:featuredmedia":[{"embeddable":true,"href":"https:\/\/thaisbernardes.com\/de\/wp-json\/wp\/v2\/media\/11874"}],"wp:attachment":[{"href":"https:\/\/thaisbernardes.com\/de\/wp-json\/wp\/v2\/media?parent=6207"}],"wp:term":[{"taxonomy":"product_brand","embeddable":true,"href":"https:\/\/thaisbernardes.com\/de\/wp-json\/wp\/v2\/product_brand?post=6207"},{"taxonomy":"product_cat","embeddable":true,"href":"https:\/\/thaisbernardes.com\/de\/wp-json\/wp\/v2\/product_cat?post=6207"},{"taxonomy":"product_tag","embeddable":true,"href":"https:\/\/thaisbernardes.com\/de\/wp-json\/wp\/v2\/product_tag?post=6207"}],"curies":[{"name":"wp","href":"https:\/\/api.w.org\/{rel}","templated":true}]}}