{"id":6275,"date":"2022-06-29T16:36:57","date_gmt":"2022-06-29T14:36:57","guid":{"rendered":"http:\/\/thaisbernardes.com\/?post_type=product&#038;p=6275"},"modified":"2025-06-29T22:41:44","modified_gmt":"2025-06-29T20:41:44","slug":"papageienhalsband-und-fransen","status":"publish","type":"product","link":"https:\/\/thaisbernardes.com\/de\/product\/collana-choker-pappagallo-e-frange\/","title":{"rendered":"Papagei und Fransenhalsband"},"content":{"rendered":"<p>Papagei und Fransenhalsband<\/p>\n<p class=\"p1\">Thais Bernardes interpretiert die ikonische Figur des brasilianischen Papageis, Symbol f\u00fcr Kreativit\u00e4t und Freiheit, neu und verwandelt sie in eine elegante und raffinierte Halskette, die mit einem mit Steinen besetzten Anh\u00e4nger in Form eines Papageis und einer Kaskade venezianischer Fransen verziert ist.<\/p>\n<p class=\"p1\">Es ist Teil der Kollektion Brazilian Soul, die die positive Botschaft der brasilianischen Lebensfreude durch st\u00e4ndige Verweise auf die Natur transportieren will, aus der Thais Bernardes ihre Inspiration f\u00fcr ihr einzigartiges Design bezieht.<\/p>\n<p class=\"p1\">Einzelheiten:<\/p>\n<ul class=\"ul1\">\n<li class=\"li3\"><span class=\"s1\">925 rhodiniertes Silber<\/span><\/li>\n<li class=\"li3\"><span class=\"s1\">gl\u00e4nzende Oberfl\u00e4che<\/span><\/li>\n<li class=\"li3\"><span class=\"s1\">offene Halskette<\/span><\/li>\n<li class=\"li3\"><span class=\"s1\">Zirkonsteine in Pflasterfassung\u00a0<\/span><\/li>\n<li class=\"li3\"><span class=\"s1\">Thais Bernardes B\u00fcrgschaftsbescheinigung<\/span><\/li>\n<li class=\"li3\"><span class=\"s1\">Hergestellt in Italien<\/span><\/li>\n<li>Karte mit der Bedeutung von Papageien<\/li>\n<\/ul>\n<p class=\"p1\">Unsere Stylisten empfehlen die\u00a0<a href=\"https:\/\/thaisbernardes.com\/de\/produkt-2\/mini-papageien-ohrringe\/\"><span class=\"s1\">Mini-Papageien-Ohrringe<\/span><\/a> gepaart mit der Halskette mit Papagei und Fransen f\u00fcr einen femininen und leichten, aber aussagekr\u00e4ftigen Look mit Thais Bernardes Schmuck.<\/p>\n<p class=\"p1\">Der Schmuck von Thais Bernardes ist eine Hommage an die Natur, indem er sich von ihr inspirieren l\u00e4sst und uns daran erinnert, dass wir sie sch\u00fctzen m\u00fcssen. Einige Papageienarten sind leider vom Aussterben bedroht, mehr\u00a0<a href=\"https:\/\/www.repubblica.it\/ambiente\/2018\/09\/10\/news\/il_pappagallo_blu_del_film_rio_si_e_estinto-206081343\/%22%20%5Cl%20%22:~:text=%22Blu%22%20non%20c'%C3%A8,International%20pubblicato%20su%20Science%20Direct.\"><span class=\"s1\">HIER<\/span><\/a>\u00a0einen Artikel in La Repubblica f\u00fcr weitere Einzelheiten.<\/p>","protected":false},"excerpt":{"rendered":"<p class=\"p1\">Papageien sind ein Symbol f\u00fcr Kreativit\u00e4t, Sch\u00f6nheit und Freiheit. Dieser Schmuck ist all jenen gewidmet, die es lieben, sich ungefiltert zu zeigen und ein Leben voller Liebe, F\u00fclle und Begeisterung zu leben.<\/p>\n<p class=\"p3\">Schmuck, der aus den hochwertigsten Materialien und in reiner Handarbeit von lokalen Kunsthandwerkern hergestellt wird.<\/p>\n<ul class=\"ul1\">\n<li class=\"li3\"><span class=\"s1\">925 rhodiniertes Silber<\/span><\/li>\n<li class=\"li3\"><span class=\"s1\">gl\u00e4nzende Oberfl\u00e4che<\/span><\/li>\n<li class=\"li3\"><span class=\"s1\">offene Halskette<\/span><\/li>\n<li class=\"li3\"><span class=\"s1\">Zirkonsteine in Pflasterfassung\u00a0<\/span><\/li>\n<li class=\"li3\"><span class=\"s1\">Thais Bernardes B\u00fcrgschaftsbescheinigung<\/span><\/li>\n<li class=\"li3\"><span class=\"s1\">Hergestellt in Italien<\/span><\/li>\n<\/ul>","protected":false},"featured_media":11878,"template":"","meta":[],"product_brand":[],"product_cat":[174,86,88],"product_tag":[288],"class_list":{"0":"post-6275","1":"product","2":"type-product","3":"status-publish","4":"has-post-thumbnail","6":"product_cat-brazilian-soul","7":"product_cat-collane","8":"product_cat-collezioni","9":"product_tag-black-friday","11":"first","12":"instock","13":"shipping-taxable","14":"purchasable","15":"product-type-simple"},"aioseo_notices":[],"jetpack_sharing_enabled":true,"_links":{"self":[{"href":"https:\/\/thaisbernardes.com\/de\/wp-json\/wp\/v2\/product\/6275","targetHints":{"allow":["GET"]}}],"collection":[{"href":"https:\/\/thaisbernardes.com\/de\/wp-json\/wp\/v2\/product"}],"about":[{"href":"https:\/\/thaisbernardes.com\/de\/wp-json\/wp\/v2\/types\/product"}],"wp:featuredmedia":[{"embeddable":true,"href":"https:\/\/thaisbernardes.com\/de\/wp-json\/wp\/v2\/media\/11878"}],"wp:attachment":[{"href":"https:\/\/thaisbernardes.com\/de\/wp-json\/wp\/v2\/media?parent=6275"}],"wp:term":[{"taxonomy":"product_brand","embeddable":true,"href":"https:\/\/thaisbernardes.com\/de\/wp-json\/wp\/v2\/product_brand?post=6275"},{"taxonomy":"product_cat","embeddable":true,"href":"https:\/\/thaisbernardes.com\/de\/wp-json\/wp\/v2\/product_cat?post=6275"},{"taxonomy":"product_tag","embeddable":true,"href":"https:\/\/thaisbernardes.com\/de\/wp-json\/wp\/v2\/product_tag?post=6275"}],"curies":[{"name":"wp","href":"https:\/\/api.w.org\/{rel}","templated":true}]}}