{"id":6327,"date":"2022-08-01T09:31:41","date_gmt":"2022-08-01T07:31:41","guid":{"rendered":"http:\/\/thaisbernardes.com\/?post_type=product&#038;p=6327"},"modified":"2026-05-01T18:30:31","modified_gmt":"2026-05-01T16:30:31","slug":"feder-und-papageien-ohrringe","status":"publish","type":"product","link":"https:\/\/thaisbernardes.com\/de\/product\/orecchini-piume-e-pappagalli\/","title":{"rendered":"Federn und Papageien-Ohrringe"},"content":{"rendered":"<p class=\"p1\">Die Ohrringe Feathers and Parrots sind Teil der Kollektion Brazilian Soul, die die positive Botschaft der brasilianischen Lebensfreude durch st\u00e4ndige Verweise auf die Natur transportieren soll, aus der Thais Bernardes ihre Inspiration f\u00fcr ihr einzigartiges Design bezieht.<\/p>\n<p class=\"p1\">Thais Bernardes interpretiert die ikonische Figur des brasilianischen Papageis, Symbol f\u00fcr Kreativit\u00e4t und Freiheit, neu und verwandelt sie in ein einzigartiges Paar Ohrringe, die mit Federn und Papageien verziert sind.<\/p>\n<p class=\"p3\">Einzelheiten:<\/p>\n<ul class=\"ul1\">\n<li class=\"li4\"><span class=\"s1\">925 vergoldetes Silber<\/span><\/li>\n<li class=\"li4\"><span class=\"s1\">gl\u00e4nzende Oberfl\u00e4che<\/span><\/li>\n<li class=\"li5\">Thais Bernardes Garantieschein<\/li>\n<li class=\"li4\"><span class=\"s1\">Hergestellt in Italien<\/span><\/li>\n<\/ul>\n<p class=\"p1\">Unsere Stylisten empfehlen die\u00a0<a href=\"https:\/\/thaisbernardes.com\/de\/produkt-2\/papagei-anhanger-halskette-2\/\"><span class=\"s1\">halskette mit anh\u00e4nger<\/span><\/a>\u00a0Papagei in Kombination mit asymmetrischen Papagei-Reifenohrringen f\u00fcr einen femininen, leichten und dennoch aussagekr\u00e4ftigen Look mit Thais Bernardes Schmuck.<\/p>\n<p class=\"p1\">Der Schmuck von Thais Bernardes ist eine Hommage an die Natur, indem er sich von ihr inspirieren l\u00e4sst und uns daran erinnert, dass wir sie sch\u00fctzen m\u00fcssen. Einige Papageienarten sind leider vom Aussterben bedroht, mehr\u00a0<a href=\"https:\/\/www.repubblica.it\/ambiente\/2018\/09\/10\/news\/il_pappagallo_blu_del_film_rio_si_e_estinto-206081343\/%22%20%5Cl%20%22:~:text=%22Blu%22%20non%20c'%C3%A8,International%20pubblicato%20su%20Science%20Direct.\"><span class=\"s1\">HIER<\/span><\/a>\u00a0einen Artikel in La Repubblica f\u00fcr weitere Einzelheiten.<\/p>","protected":false},"excerpt":{"rendered":"<p class=\"p1\">Papageien sind ein Symbol f\u00fcr Kreativit\u00e4t, Sch\u00f6nheit und Freiheit. Dieser Schmuck ist all jenen gewidmet, die es lieben, sich ungefiltert zu zeigen und ein Leben voller Liebe, F\u00fclle und Begeisterung zu leben.<\/p>\n<p class=\"p3\">Schmuck, der mit den hochwertigsten Materialien und vollst\u00e4ndig von italienischen Handwerkern hergestellt wird.<\/p>","protected":false},"featured_media":11880,"template":"","meta":[],"product_brand":[],"product_cat":[174,245,88,131],"product_tag":[288],"class_list":{"0":"post-6327","1":"product","2":"type-product","3":"status-publish","4":"has-post-thumbnail","6":"product_cat-brazilian-soul","7":"product_cat-categorie","8":"product_cat-collezioni","9":"product_cat-orecchini","10":"product_tag-black-friday","12":"first","13":"instock","14":"shipping-taxable","15":"purchasable","16":"product-type-variable"},"aioseo_notices":[],"jetpack_sharing_enabled":true,"_links":{"self":[{"href":"https:\/\/thaisbernardes.com\/de\/wp-json\/wp\/v2\/product\/6327","targetHints":{"allow":["GET"]}}],"collection":[{"href":"https:\/\/thaisbernardes.com\/de\/wp-json\/wp\/v2\/product"}],"about":[{"href":"https:\/\/thaisbernardes.com\/de\/wp-json\/wp\/v2\/types\/product"}],"wp:featuredmedia":[{"embeddable":true,"href":"https:\/\/thaisbernardes.com\/de\/wp-json\/wp\/v2\/media\/11880"}],"wp:attachment":[{"href":"https:\/\/thaisbernardes.com\/de\/wp-json\/wp\/v2\/media?parent=6327"}],"wp:term":[{"taxonomy":"product_brand","embeddable":true,"href":"https:\/\/thaisbernardes.com\/de\/wp-json\/wp\/v2\/product_brand?post=6327"},{"taxonomy":"product_cat","embeddable":true,"href":"https:\/\/thaisbernardes.com\/de\/wp-json\/wp\/v2\/product_cat?post=6327"},{"taxonomy":"product_tag","embeddable":true,"href":"https:\/\/thaisbernardes.com\/de\/wp-json\/wp\/v2\/product_tag?post=6327"}],"curies":[{"name":"wp","href":"https:\/\/api.w.org\/{rel}","templated":true}]}}