{"id":6397,"date":"2022-08-20T18:38:36","date_gmt":"2022-08-20T16:38:36","guid":{"rendered":"http:\/\/thaisbernardes.com\/?post_type=product&#038;p=6397"},"modified":"2025-06-26T15:31:52","modified_gmt":"2025-06-26T13:31:52","slug":"traum-halskette-der-braut-2","status":"publish","type":"product","link":"https:\/\/thaisbernardes.com\/de\/product\/collana-sogno-da-sposa\/","title":{"rendered":"Bridal Dream Halskette"},"content":{"rendered":"<p>Bride's Dream' Halskette, entworfen von THAIS BERNARDES Schmuck f\u00fcr Br\u00e4ute und nicht nur, aber f\u00fcr Frauen, die Trends folgen wollen, w\u00e4hrend sie ihren schicken Stil beibehalten.<\/p>\n<p>Die Halskette 'Bride's Dream' besteht aus 925er Sterlingsilber mit Zirkoniasteinen, kann aber auch in Gold mit nachhaltigen, im Labor hergestellten Diamanten bestellt werden. info@thaisbernardes.com.<\/p>\n<p>Spiel\u00a0<a href=\"https:\/\/thaisbernardes.com\/de\/produktkategorie-2\/braut-juwelen-thais-bernardes\/\">HIER<\/a>\u00a0zu einem weiteren Schmuckst\u00fcck der 'Not Only Brides'-Kollektion<\/p>\n<p>&nbsp;<\/p>","protected":false},"excerpt":{"rendered":"<p>Bridal Dream Halskette<\/p>\n<ul>\n<li>925er Silber<\/li>\n<li>Zirkon<\/li>\n<li>kann in Gold mit einem zertifizierten nachhaltigen, im Labor geschaffenen Diamanten bestellt werden ( info@thaisbernardes.com )<\/li>\n<li>THAIS BERNARDES Schmuckk\u00e4stchen<\/li>\n<li>Garantie \"Made in Italy<\/li>\n<\/ul>","protected":false},"featured_media":11888,"template":"","meta":[],"product_brand":[],"product_cat":[245,86,88,129],"product_tag":[288],"class_list":{"0":"post-6397","1":"product","2":"type-product","3":"status-publish","4":"has-post-thumbnail","6":"product_cat-categorie","7":"product_cat-collane","8":"product_cat-collezioni","9":"product_cat-not-only-brides","10":"product_tag-black-friday","12":"first","13":"instock","14":"shipping-taxable","15":"purchasable","16":"product-type-simple"},"aioseo_notices":[],"jetpack_sharing_enabled":true,"_links":{"self":[{"href":"https:\/\/thaisbernardes.com\/de\/wp-json\/wp\/v2\/product\/6397","targetHints":{"allow":["GET"]}}],"collection":[{"href":"https:\/\/thaisbernardes.com\/de\/wp-json\/wp\/v2\/product"}],"about":[{"href":"https:\/\/thaisbernardes.com\/de\/wp-json\/wp\/v2\/types\/product"}],"wp:featuredmedia":[{"embeddable":true,"href":"https:\/\/thaisbernardes.com\/de\/wp-json\/wp\/v2\/media\/11888"}],"wp:attachment":[{"href":"https:\/\/thaisbernardes.com\/de\/wp-json\/wp\/v2\/media?parent=6397"}],"wp:term":[{"taxonomy":"product_brand","embeddable":true,"href":"https:\/\/thaisbernardes.com\/de\/wp-json\/wp\/v2\/product_brand?post=6397"},{"taxonomy":"product_cat","embeddable":true,"href":"https:\/\/thaisbernardes.com\/de\/wp-json\/wp\/v2\/product_cat?post=6397"},{"taxonomy":"product_tag","embeddable":true,"href":"https:\/\/thaisbernardes.com\/de\/wp-json\/wp\/v2\/product_tag?post=6397"}],"curies":[{"name":"wp","href":"https:\/\/api.w.org\/{rel}","templated":true}]}}