{"id":6401,"date":"2022-08-23T13:07:46","date_gmt":"2022-08-23T11:07:46","guid":{"rendered":"http:\/\/thaisbernardes.com\/?post_type=product&#038;p=6401"},"modified":"2025-06-26T15:32:00","modified_gmt":"2025-06-26T13:32:00","slug":"tris-tropfen-halskette","status":"publish","type":"product","link":"https:\/\/thaisbernardes.com\/de\/product\/collana-tris-gocce\/","title":{"rendered":"Tris Gocce Halskette"},"content":{"rendered":"<p>Die Halskette \"Tris Gocce\", entworfen von THAIS BERNARDES, ist nicht nur f\u00fcr Br\u00e4ute, sondern auch f\u00fcr Frauen, die Trends folgen und dabei ihren eleganten Stil beibehalten wollen.<\/p>\n<p>Die Halskette \"Tris Gocce\" wird vollst\u00e4ndig in Italien aus 925er Sterlingsilber mit Zirkoniasteinen hergestellt, kann aber auch in Gold mit zertifizierten nachhaltigen, im Labor hergestellten Diamanten bestellt werden. Der Stil der von Thais Bernardes entworfenen Schmuckst\u00fccke ist einzigartig und feminin, f\u00fcr Frauen mit gutem Geschmack. Die in den Schmuckst\u00fccken von Thais Bernardes verwendeten Farbsteine sind nat\u00fcrlich, es handelt sich um typische Steine aus Brasilien, Amethyst, Citrin, Topas, Rosenquarz, usw.<\/p>\n<p>Um zu bestellen, schreiben Sie uns an info@thaisbernardes.com.<\/p>\n<p>Spiel\u00a0<a href=\"https:\/\/thaisbernardes.com\/de\/produktkategorie-2\/braut-juwelen-thais-bernardes\/\">HIER<\/a>\u00a0zu einem weiteren Schmuckst\u00fcck der 'Not Only Brides'-Kollektion<\/p>","protected":false},"excerpt":{"rendered":"<p>Tris Gocce Halskette<\/p>\n<ul>\n<li>925er Silber<\/li>\n<li>Zirkon<\/li>\n<li>kann in Gold mit einem zertifizierten nachhaltigen, im Labor geschaffenen Diamanten bestellt werden ( info@thaisbernardes.com )<\/li>\n<li>THAIS BERNARDES Schmuckk\u00e4stchen<\/li>\n<li>Garantie \"Made in Italy<\/li>\n<\/ul>","protected":false},"featured_media":11891,"template":"","meta":[],"product_brand":[],"product_cat":[245,86,88,129],"product_tag":[],"class_list":{"0":"post-6401","1":"product","2":"type-product","3":"status-publish","4":"has-post-thumbnail","6":"product_cat-categorie","7":"product_cat-collane","8":"product_cat-collezioni","9":"product_cat-not-only-brides","11":"first","12":"onbackorder","13":"shipping-taxable","14":"purchasable","15":"product-type-simple"},"aioseo_notices":[],"jetpack_sharing_enabled":true,"_links":{"self":[{"href":"https:\/\/thaisbernardes.com\/de\/wp-json\/wp\/v2\/product\/6401","targetHints":{"allow":["GET"]}}],"collection":[{"href":"https:\/\/thaisbernardes.com\/de\/wp-json\/wp\/v2\/product"}],"about":[{"href":"https:\/\/thaisbernardes.com\/de\/wp-json\/wp\/v2\/types\/product"}],"wp:featuredmedia":[{"embeddable":true,"href":"https:\/\/thaisbernardes.com\/de\/wp-json\/wp\/v2\/media\/11891"}],"wp:attachment":[{"href":"https:\/\/thaisbernardes.com\/de\/wp-json\/wp\/v2\/media?parent=6401"}],"wp:term":[{"taxonomy":"product_brand","embeddable":true,"href":"https:\/\/thaisbernardes.com\/de\/wp-json\/wp\/v2\/product_brand?post=6401"},{"taxonomy":"product_cat","embeddable":true,"href":"https:\/\/thaisbernardes.com\/de\/wp-json\/wp\/v2\/product_cat?post=6401"},{"taxonomy":"product_tag","embeddable":true,"href":"https:\/\/thaisbernardes.com\/de\/wp-json\/wp\/v2\/product_tag?post=6401"}],"curies":[{"name":"wp","href":"https:\/\/api.w.org\/{rel}","templated":true}]}}