{"id":6710,"date":"2022-11-01T16:03:16","date_gmt":"2022-11-01T15:03:16","guid":{"rendered":"http:\/\/thaisbernardes.com\/?post_type=product&#038;p=6710"},"modified":"2026-05-09T23:02:10","modified_gmt":"2026-05-09T21:02:10","slug":"mono-ohrring-chic-farben-amethyst","status":"publish","type":"product","link":"https:\/\/thaisbernardes.com\/de\/product\/mono-orecchino-chic-colors-ametista\/","title":{"rendered":"Chic Colors Amethyst-Ohrringe"},"content":{"rendered":"<p>Schicke Colors Ohrringe mit Amethyststein aus 18 Karat vergoldetem Silber, vollst\u00e4ndig in Italien von unseren Meisterhandwerkern hergestellt.<\/p>\n<p>Die Farbe der Steine und die Leichtigkeit der venezianischen Ketten, typisch f\u00fcr das Design von Thais Bernardes, in einem einzigartigen Paar Ohrringe mit einem raffinierten und farbenfrohen Stil.<\/p>\n<p>Chic Colors Ohrringe mit Amethysten sind das perfekte Geschenk f\u00fcr eine Frau mit gutem Geschmack.<\/p>\n<p>Der tiefviolette Amethyststein hat auch eine Bedeutung, s<strong>i\u00a0<\/strong>denkt, dass der Amethyst seinem Tr\u00e4ger heute die Qualit\u00e4ten von Stabilit\u00e4t, Frieden, Mut, Konzentration, K\u00f6nigtum, Romantik und Zuneigung verleiht.\u00a0<a href=\"https:\/\/thaisbernardes.com\/de\/10-dinge-die-man-uber-den-stein-des-monats-im-februar-wissen-sollte-lametist\/\">HIER<\/a>\u00a0die volle Bedeutung.<\/p>\n<p>Der Schmuck von Thais Bernardes wird vollst\u00e4ndig in Italien aus wertvollen Materialien und nat\u00fcrlichen Farbsteinen hergestellt.<\/p>\n<p class=\"p1\">Einzelheiten:<\/p>\n<ul class=\"ul1\">\n<li class=\"li3\"><span class=\"s1\">925 18K vergoldetes Silber<\/span><\/li>\n<li>Amethyststein<\/li>\n<li class=\"li3\"><span class=\"s1\">gl\u00e4nzende Oberfl\u00e4che<\/span><\/li>\n<li>L\u00e4nge 12 cm<\/li>\n<li class=\"li4\">Thais Bernardes Garantieschein<\/li>\n<li class=\"li3\"><span class=\"s1\">Hergestellt in Italien<\/span><\/li>\n<\/ul>","protected":false},"excerpt":{"rendered":"<ul class=\"ul1\">\n<li class=\"li3\"><span class=\"s1\">925 18K vergoldetes Silber<\/span><\/li>\n<li>Amethyststein<\/li>\n<li class=\"li3\"><span class=\"s1\">gl\u00e4nzende Oberfl\u00e4che<\/span><\/li>\n<li>L\u00e4nge 12 cm<\/li>\n<li class=\"li4\">Thais Bernardes Garantieschein<\/li>\n<li class=\"li3\"><span class=\"s1\">Hergestellt in Italien<\/span><\/li>\n<\/ul>","protected":false},"featured_media":11897,"template":"","meta":[],"product_brand":[],"product_cat":[245,88,89,131],"product_tag":[288],"class_list":{"0":"post-6710","1":"product","2":"type-product","3":"status-publish","4":"has-post-thumbnail","6":"product_cat-categorie","7":"product_cat-collezioni","8":"product_cat-colors","9":"product_cat-orecchini","10":"product_tag-black-friday","12":"first","13":"instock","14":"shipping-taxable","15":"purchasable","16":"product-type-simple"},"aioseo_notices":[],"jetpack_sharing_enabled":true,"_links":{"self":[{"href":"https:\/\/thaisbernardes.com\/de\/wp-json\/wp\/v2\/product\/6710","targetHints":{"allow":["GET"]}}],"collection":[{"href":"https:\/\/thaisbernardes.com\/de\/wp-json\/wp\/v2\/product"}],"about":[{"href":"https:\/\/thaisbernardes.com\/de\/wp-json\/wp\/v2\/types\/product"}],"wp:featuredmedia":[{"embeddable":true,"href":"https:\/\/thaisbernardes.com\/de\/wp-json\/wp\/v2\/media\/11897"}],"wp:attachment":[{"href":"https:\/\/thaisbernardes.com\/de\/wp-json\/wp\/v2\/media?parent=6710"}],"wp:term":[{"taxonomy":"product_brand","embeddable":true,"href":"https:\/\/thaisbernardes.com\/de\/wp-json\/wp\/v2\/product_brand?post=6710"},{"taxonomy":"product_cat","embeddable":true,"href":"https:\/\/thaisbernardes.com\/de\/wp-json\/wp\/v2\/product_cat?post=6710"},{"taxonomy":"product_tag","embeddable":true,"href":"https:\/\/thaisbernardes.com\/de\/wp-json\/wp\/v2\/product_tag?post=6710"}],"curies":[{"name":"wp","href":"https:\/\/api.w.org\/{rel}","templated":true}]}}