{"id":7639,"date":"2022-12-22T10:05:11","date_gmt":"2022-12-22T09:05:11","guid":{"rendered":"http:\/\/thaisbernardes.com\/?post_type=product&#038;p=7639"},"modified":"2026-03-13T16:36:01","modified_gmt":"2026-03-13T15:36:01","slug":"monolanger-amethyst-ohrring","status":"publish","type":"product","link":"https:\/\/thaisbernardes.com\/de\/product\/mono-orecchino-lungo-ametiste\/","title":{"rendered":"Langer Mono-Ohrring Amethyste"},"content":{"rendered":"<p>Mono Long Earrings Amethysts aus der Kollektion colours, in der farbige Natursteine die Stars sind.<\/p>\n<p>Die Farbe der Steine und die typische Leichtigkeit des Designs von Thais Bernardes ergeben einen einzigartigen Ohrring mit einem raffinierten und farbenfrohen Stil.<\/p>\n<p>Mono Long Earrings Amethysts ist perfekt als Geschenk f\u00fcr eine Frau mit gutem Geschmack.<\/p>\n<p>Der tiefviolette Amethyststein hat auch eine Bedeutung, s<strong>i\u00a0<\/strong>ist der Meinung, dass der Amethyst seinem Tr\u00e4ger heute die Eigenschaften Stabilit\u00e4t, Frieden, Mut, Konzentration, K\u00f6niglichkeit, Romantik und Zuneigung verleiht.<\/p>\n<p>Lesen Sie <a href=\"https:\/\/thaisbernardes.com\/de\/10-dinge-die-man-uber-den-stein-des-monats-im-februar-wissen-sollte-lametist\/\">HIER<\/a> die volle Bedeutung.<\/p>\n<p>Der Schmuck von Thais Bernardes wird vollst\u00e4ndig in Italien aus wertvollen Materialien und nat\u00fcrlichen Farbsteinen hergestellt.<\/p>\n<p>Schreiben Sie uns an info@thaisbernardes.com, wenn Sie Fragen oder Bedenken haben.<\/p>\n<p class=\"p1\">Einzelheiten:<\/p>\n<ul class=\"ul1\">\n<li class=\"li3\"><span class=\"s1\">925 18K vergoldetes Silber<\/span><\/li>\n<li>Amethyststein<\/li>\n<li class=\"li3\"><span class=\"s1\">gl\u00e4nzende Oberfl\u00e4che<\/span><\/li>\n<li>L\u00e4nge 10 cm<\/li>\n<li class=\"li4\">Thais Bernardes Garantieschein<\/li>\n<li class=\"li3\"><span class=\"s1\">Hergestellt in Italien<\/span><\/li>\n<\/ul>","protected":false},"excerpt":{"rendered":"<p>Der Schmuck von Thais Bernardes wird vollst\u00e4ndig in Italien aus wertvollen Materialien und nat\u00fcrlichen Farbsteinen hergestellt.<\/p>\n<p class=\"p1\">Einzelheiten:<\/p>\n<ul class=\"ul1\">\n<li class=\"li3\"><span class=\"s1\">925 18K vergoldetes Silber<\/span><\/li>\n<li>Amethyststein<\/li>\n<li class=\"li3\"><span class=\"s1\">gl\u00e4nzende Oberfl\u00e4che<\/span><\/li>\n<li>L\u00e4nge 10 cm<\/li>\n<li class=\"li4\">Thais Bernardes Garantieschein<\/li>\n<li class=\"li3\"><span class=\"s1\">Hergestellt in Italien<\/span><\/li>\n<\/ul>","protected":false},"featured_media":11899,"template":"","meta":[],"product_brand":[],"product_cat":[88,89,131],"product_tag":[288],"class_list":{"0":"post-7639","1":"product","2":"type-product","3":"status-publish","4":"has-post-thumbnail","6":"product_cat-collezioni","7":"product_cat-colors","8":"product_cat-orecchini","9":"product_tag-black-friday","11":"first","12":"instock","13":"shipping-taxable","14":"purchasable","15":"product-type-simple"},"aioseo_notices":[],"jetpack_sharing_enabled":true,"_links":{"self":[{"href":"https:\/\/thaisbernardes.com\/de\/wp-json\/wp\/v2\/product\/7639","targetHints":{"allow":["GET"]}}],"collection":[{"href":"https:\/\/thaisbernardes.com\/de\/wp-json\/wp\/v2\/product"}],"about":[{"href":"https:\/\/thaisbernardes.com\/de\/wp-json\/wp\/v2\/types\/product"}],"wp:featuredmedia":[{"embeddable":true,"href":"https:\/\/thaisbernardes.com\/de\/wp-json\/wp\/v2\/media\/11899"}],"wp:attachment":[{"href":"https:\/\/thaisbernardes.com\/de\/wp-json\/wp\/v2\/media?parent=7639"}],"wp:term":[{"taxonomy":"product_brand","embeddable":true,"href":"https:\/\/thaisbernardes.com\/de\/wp-json\/wp\/v2\/product_brand?post=7639"},{"taxonomy":"product_cat","embeddable":true,"href":"https:\/\/thaisbernardes.com\/de\/wp-json\/wp\/v2\/product_cat?post=7639"},{"taxonomy":"product_tag","embeddable":true,"href":"https:\/\/thaisbernardes.com\/de\/wp-json\/wp\/v2\/product_tag?post=7639"}],"curies":[{"name":"wp","href":"https:\/\/api.w.org\/{rel}","templated":true}]}}