{"id":10721,"date":"2023-11-14T17:26:37","date_gmt":"2023-11-14T16:26:37","guid":{"rendered":"https:\/\/thaisbernardes.com\/?post_type=product&#038;p=10721"},"modified":"2026-03-30T10:32:40","modified_gmt":"2026-03-30T08:32:40","slug":"red-corcovado-necklace","status":"publish","type":"product","link":"https:\/\/thaisbernardes.com\/en\/product\/collana-corcovado-rossa\/","title":{"rendered":"Corcovado Red Necklace"},"content":{"rendered":"<h3 data-start=\"187\" data-end=\"277\"><strong data-start=\"191\" data-end=\"277\">Collana Corcovado Rossa \u2013 Energia, Passione e Protezione in un Talismano di Design<\/strong><\/h3>\n<p data-start=\"279\" data-end=\"577\">La <strong data-start=\"282\" data-end=\"309\">Corcovado Red Necklace<\/strong> \u00e8 un gioiello che vibra di energia, eleganza e identit\u00e0. Realizzata in <strong data-start=\"381\" data-end=\"409\">925 gold-plated silver<\/strong> e rifinita con <strong data-start=\"425\" data-end=\"458\">smalto rosso applicato a mano<\/strong>, rappresenta perfettamente l\u2019incontro tra artigianato italiano e anima brasiliana: intensa, colorata, indimenticabile.<\/p>\n<p data-start=\"579\" data-end=\"879\">Ogni pezzo viene creato nei migliori laboratori italiani, dove mani esperte modellano l\u2019argento e applicano lo smalto rosso con precisione millimetrica. Il risultato \u00e8 una collana luminosa, chic e dal forte impatto visivo \u2014 perfetta per chi ama distinguersi con stile senza rinunciare al significato.<\/p>\n<p data-start=\"881\" data-end=\"1204\">Il rosso \u00e8 il colore della <strong data-start=\"908\" data-end=\"955\">passione, della vitalit\u00e0 e della protezione<\/strong>. Indossare la Collana Corcovado Rossa significa portare con s\u00e9 un talismano che cattura energia positiva, coraggio e presenza. Il design iconico ispirato al celebre profilo del Corcovado diventa cos\u00ec un simbolo di libert\u00e0, radici e forza interiore.<\/p>\n<p data-start=\"1206\" data-end=\"1490\"><strong data-start=\"1206\" data-end=\"1271\">Un dono prezioso, con un messaggio che arriva dritto al cuore<\/strong><br data-start=\"1271\" data-end=\"1274\" \/>La collana include un <strong data-start=\"1296\" data-end=\"1335\">biglietto con un messaggio speciale<\/strong>, un pensiero profondo che parla di identit\u00e0, potere personale e connessione alla propria terra. Un regalo perfetto per una persona amata\u2026 o per se stesse.<\/p>\n<p data-start=\"1492\" data-end=\"1525\"><strong data-start=\"1492\" data-end=\"1523\">Caratteristiche principali:<\/strong><\/p>\n<ul data-start=\"1526\" data-end=\"1780\">\n<li data-start=\"1526\" data-end=\"1554\">\n<p data-start=\"1528\" data-end=\"1554\">925 gold-plated silver<\/p>\n<\/li>\n<li data-start=\"1555\" data-end=\"1588\">\n<p data-start=\"1557\" data-end=\"1588\">Smalto rosso applicato a mano<\/p>\n<\/li>\n<li data-start=\"1589\" data-end=\"1627\">\n<p data-start=\"1591\" data-end=\"1627\">Artigianato italiano di eccellenza<\/p>\n<\/li>\n<li data-start=\"1628\" data-end=\"1676\">\n<p data-start=\"1630\" data-end=\"1676\">Design esclusivo ispirato al monte Corcovado<\/p>\n<\/li>\n<li data-start=\"1677\" data-end=\"1723\">\n<p data-start=\"1679\" data-end=\"1723\">Gioiello-talismano dal significato intenso<\/p>\n<\/li>\n<li data-start=\"1724\" data-end=\"1780\">\n<p data-start=\"1726\" data-end=\"1780\">Accompagnata da un biglietto con messaggio simbolico<\/p>\n<\/li>\n<\/ul>\n<p data-start=\"1782\" data-end=\"1947\">Con la sua energia vibrante e il suo stile contemporaneo, la Collana Corcovado Rossa \u00e8 pi\u00f9 di un gioiello: \u00e8 un amuleto di forza e passione da indossare ogni giorno.<\/p>\n<p>Read about the significance of Corcovado <a href=\"https:\/\/thaisbernardes.com\/en\/the-significance-of-the-corcovado-and-the-thais-bernardes-jewellery-collection\/\">HERE<\/a> on our blog.<\/p>","protected":false},"excerpt":{"rendered":"<p>Corcovado necklace in 925 gold-plated silver, hand-enamelled with red enamel.<\/p>\n<ul>\n<li>made in Italy<\/li>\n<li>925 gold-plated silver<\/li>\n<li>black enamel<\/li>\n<li>lunghezza totale 50 cm con anellino a 40 cm<\/li>\n<li>certified and guaranteed THAIS BERNARDES<\/li>\n<\/ul>","protected":false},"featured_media":11915,"template":"","meta":[],"product_brand":[],"product_cat":[86,88,15],"product_tag":[288,277],"class_list":{"0":"post-10721","1":"product","2":"type-product","3":"status-publish","4":"has-post-thumbnail","6":"product_cat-collane","7":"product_cat-collezioni","8":"product_cat-corcovado-collezioni","9":"product_tag-black-friday","10":"product_tag-newsletter","12":"first","13":"instock","14":"shipping-taxable","15":"purchasable","16":"product-type-simple"},"aioseo_notices":[],"jetpack_sharing_enabled":true,"_links":{"self":[{"href":"https:\/\/thaisbernardes.com\/en\/wp-json\/wp\/v2\/product\/10721","targetHints":{"allow":["GET"]}}],"collection":[{"href":"https:\/\/thaisbernardes.com\/en\/wp-json\/wp\/v2\/product"}],"about":[{"href":"https:\/\/thaisbernardes.com\/en\/wp-json\/wp\/v2\/types\/product"}],"wp:featuredmedia":[{"embeddable":true,"href":"https:\/\/thaisbernardes.com\/en\/wp-json\/wp\/v2\/media\/11915"}],"wp:attachment":[{"href":"https:\/\/thaisbernardes.com\/en\/wp-json\/wp\/v2\/media?parent=10721"}],"wp:term":[{"taxonomy":"product_brand","embeddable":true,"href":"https:\/\/thaisbernardes.com\/en\/wp-json\/wp\/v2\/product_brand?post=10721"},{"taxonomy":"product_cat","embeddable":true,"href":"https:\/\/thaisbernardes.com\/en\/wp-json\/wp\/v2\/product_cat?post=10721"},{"taxonomy":"product_tag","embeddable":true,"href":"https:\/\/thaisbernardes.com\/en\/wp-json\/wp\/v2\/product_tag?post=10721"}],"curies":[{"name":"wp","href":"https:\/\/api.w.org\/{rel}","templated":true}]}}