{"id":10732,"date":"2023-11-15T09:12:11","date_gmt":"2023-11-15T08:12:11","guid":{"rendered":"https:\/\/thaisbernardes.com\/?post_type=product&#038;p=10732"},"modified":"2025-12-03T23:16:30","modified_gmt":"2025-12-03T22:16:30","slug":"black-corcovado-necklace","status":"publish","type":"product","link":"https:\/\/thaisbernardes.com\/en\/product\/collana-corcovado-nera\/","title":{"rendered":"Corcovado Black Necklace"},"content":{"rendered":"<p data-start=\"206\" data-end=\"489\">La <strong data-start=\"209\" data-end=\"235\">Corcovado Black Necklace<\/strong> \u00e8 molto pi\u00f9 di un gioiello: \u00e8 un simbolo da indossare ogni giorno. Realizzata in <strong data-start=\"317\" data-end=\"345\">925 gold-plated silver<\/strong> e rifinita con <strong data-start=\"361\" data-end=\"393\">smalto nero applicato a mano<\/strong>, questa collana unisce artigianalit\u00e0 italiana e design esclusivo dal carattere <em data-start=\"473\" data-end=\"479\">chic<\/em> e <em data-start=\"482\" data-end=\"488\">cool<\/em>.<\/p>\n<p data-start=\"491\" data-end=\"735\">Ogni pezzo \u00e8 creato con cura nei migliori laboratori italiani, dove la tradizione orafa incontra la creativit\u00e0 contemporanea. Il nero intenso dello smalto, steso a mano da maestri smaltatori, dona alla collana un\u2019eleganza moderna e senza tempo.<\/p>\n<p data-start=\"737\" data-end=\"1066\">Ispirata alla silhouette del Monte Corcovado, icona della bellezza brasiliana, questa collana racchiude un <strong data-start=\"844\" data-end=\"868\">significato profondo<\/strong>: \u00e8 un talismano da portare con s\u00e9 come promemoria di forza, radici e libert\u00e0. Un gioiello pensato per donne che viaggiano, vivono, sognano \u2014 senza mai perdere il legame con ci\u00f2 che le rende uniche.<\/p>\n<p data-start=\"1068\" data-end=\"1343\"><strong data-start=\"1068\" data-end=\"1088\">Un dono speciale<\/strong><br data-start=\"1088\" data-end=\"1091\" \/>La Collana Corcovado Nera viene accompagnata da un <strong data-start=\"1142\" data-end=\"1202\">biglietto con un messaggio significativo e ispirazionale<\/strong>, perfetto per trasformare questo gioiello in un regalo prezioso per una persona cara, capace di trasmettere emozione, protezione e bellezza.<\/p>\n<p data-start=\"1345\" data-end=\"1378\"><strong data-start=\"1345\" data-end=\"1376\">Caratteristiche principali:<\/strong><\/p>\n<ul data-start=\"1379\" data-end=\"1609\">\n<li data-start=\"1379\" data-end=\"1407\">\n<p data-start=\"1381\" data-end=\"1407\">925 gold-plated silver<\/p>\n<\/li>\n<li data-start=\"1408\" data-end=\"1436\">\n<p data-start=\"1410\" data-end=\"1436\">Dettagli smaltati a mano<\/p>\n<\/li>\n<li data-start=\"1437\" data-end=\"1473\">\n<p data-start=\"1439\" data-end=\"1473\">Interamente realizzata in Italia<\/p>\n<\/li>\n<li data-start=\"1474\" data-end=\"1521\">\n<p data-start=\"1476\" data-end=\"1521\">Design esclusivo della collezione Corcovado<\/p>\n<\/li>\n<li data-start=\"1522\" data-end=\"1566\">\n<p data-start=\"1524\" data-end=\"1566\">Gioiello simbolico e talismano personale<\/p>\n<\/li>\n<li data-start=\"1567\" data-end=\"1609\">\n<p data-start=\"1569\" data-end=\"1609\">Include biglietto con messaggio speciale<\/p>\n<\/li>\n<\/ul>\n<p data-start=\"1611\" data-end=\"1694\">Indossa un frammento di Rio e porta con te un simbolo di energia, identit\u00e0 e stile.<\/p>","protected":false},"excerpt":{"rendered":"<p>Corcovado necklace in 925 gold-plated silver, hand-enamelled with black enamel.<\/p>\n<ul>\n<li>made in Italy<\/li>\n<li>925 gold-plated silver<\/li>\n<li>black enamel<\/li>\n<li>lunghezza totale 50 cm con anellino a 40 cm<\/li>\n<li>certified and guaranteed THAIS BERNARDES<\/li>\n<\/ul>","protected":false},"featured_media":11918,"template":"","meta":[],"product_brand":[],"product_cat":[245,86,88,15,103],"product_tag":[288,277],"class_list":{"0":"post-10732","1":"product","2":"type-product","3":"status-publish","4":"has-post-thumbnail","6":"product_cat-categorie","7":"product_cat-collane","8":"product_cat-collezioni","9":"product_cat-corcovado-collezioni","10":"product_cat-gifts","11":"product_tag-black-friday","12":"product_tag-newsletter","14":"first","15":"instock","16":"shipping-taxable","17":"purchasable","18":"product-type-simple"},"aioseo_notices":[],"jetpack_sharing_enabled":true,"_links":{"self":[{"href":"https:\/\/thaisbernardes.com\/en\/wp-json\/wp\/v2\/product\/10732","targetHints":{"allow":["GET"]}}],"collection":[{"href":"https:\/\/thaisbernardes.com\/en\/wp-json\/wp\/v2\/product"}],"about":[{"href":"https:\/\/thaisbernardes.com\/en\/wp-json\/wp\/v2\/types\/product"}],"wp:featuredmedia":[{"embeddable":true,"href":"https:\/\/thaisbernardes.com\/en\/wp-json\/wp\/v2\/media\/11918"}],"wp:attachment":[{"href":"https:\/\/thaisbernardes.com\/en\/wp-json\/wp\/v2\/media?parent=10732"}],"wp:term":[{"taxonomy":"product_brand","embeddable":true,"href":"https:\/\/thaisbernardes.com\/en\/wp-json\/wp\/v2\/product_brand?post=10732"},{"taxonomy":"product_cat","embeddable":true,"href":"https:\/\/thaisbernardes.com\/en\/wp-json\/wp\/v2\/product_cat?post=10732"},{"taxonomy":"product_tag","embeddable":true,"href":"https:\/\/thaisbernardes.com\/en\/wp-json\/wp\/v2\/product_tag?post=10732"}],"curies":[{"name":"wp","href":"https:\/\/api.w.org\/{rel}","templated":true}]}}