{"id":2266,"date":"2020-07-09T09:50:49","date_gmt":"2020-07-09T12:50:49","guid":{"rendered":"https:\/\/thaisbernardes.com\/?post_type=product&#038;p=2266"},"modified":"2026-03-31T15:07:47","modified_gmt":"2026-03-31T13:07:47","slug":"ring-opposite-parrot","status":"publish","type":"product","link":"https:\/\/thaisbernardes.com\/en\/product\/anello-contrarie-pappagallo\/","title":{"rendered":"Contrary Parrot Stone Topaz Blue Ring"},"content":{"rendered":"<p data-start=\"258\" data-end=\"659\">L\u2019Anello Contrari\u00e9 Pappagallo celebra la bellezza tropicale e l\u2019essenza della libert\u00e0. Il pappagallo, animale simbolo del Brasile e icona di colore e vitalit\u00e0, rappresenta la gioia di vivere, la capacit\u00e0 di esprimersi con autenticit\u00e0 e lo spirito libero che non teme di mostrare la propria vera natura. Indossarlo significa portare con s\u00e9 un messaggio di coraggio, leggerezza e bellezza senza confini.<\/p>\n<p data-start=\"661\" data-end=\"973\">Al centro della creazione risplende il <strong data-start=\"700\" data-end=\"719\">Azure Topaz<\/strong>, una pietra preziosa che riflette cielo e acqua, evocando serenit\u00e0, chiarezza e armonia. Conosciuto come la pietra della comunicazione sincera e della calma interiore, aiuta a favorire equilibrio emotivo, lucidit\u00e0 mentale e fiducia nelle proprie parole.<\/p>\n<p data-start=\"975\" data-end=\"1013\"><strong data-start=\"975\" data-end=\"1011\">Significato del Topazio Azzurro:<\/strong><\/p>\n<ul data-start=\"1014\" data-end=\"1173\">\n<li data-start=\"1014\" data-end=\"1057\">\n<p data-start=\"1016\" data-end=\"1057\">Promuove serenit\u00e0 ed equilibrio emotivo<\/p>\n<\/li>\n<li data-start=\"1058\" data-end=\"1108\">\n<p data-start=\"1060\" data-end=\"1108\">Favorisce una comunicazione chiara e autentica<\/p>\n<\/li>\n<li data-start=\"1109\" data-end=\"1173\">\n<p data-start=\"1111\" data-end=\"1173\">Porta luce, creativit\u00e0 e chiarezza nei momenti di incertezza<\/p>\n<\/li>\n<\/ul>\n<p data-start=\"1175\" data-end=\"1348\">Un gioiello raffinato e vibrante, che unisce design artistico e simbolismo profondo: perfetto per chi ama distinguersi con eleganza, colore e un tocco di magia brasiliana.<\/p>\n<p class=\"p1\">Our stylists suggest the <a href=\"https:\/\/thaisbernardes.com\/en\/product-2\/mini-parrots-earrings\/\"><span class=\"s1\">mini parrots earrings<\/span><\/a> in combination with the contraria ring, for a feminine and light but meaningful look with Thais Bernardes jewellery.<\/p>\n<p class=\"p1\">Thais Bernardes Jewellery pays homage to nature by drawing inspiration from it and reminding us of the need to protect it. Some parrot specimens are unfortunately endangered, more <a href=\"https:\/\/www.repubblica.it\/ambiente\/2018\/09\/10\/news\/il_pappagallo_blu_del_film_rio_si_e_estinto-206081343\/%22%20%5Cl%20%22:~:text=%22Blu%22%20non%20c'%C3%A8,International%20pubblicato%20su%20Science%20Direct.\"><span class=\"s1\">HERE<\/span><\/a> an article in La Repubblica for more details.<\/p>\n<p>READ<a href=\"https:\/\/www.leshoppingnews.com\/2018\/07\/anelli-chevalier-di-thais-bernardes-sintesi-perfetta-di-anima-brasiliana-e-artigianalita-italiana\/\">\u00a0HERE<\/a> AN ARTICLE IN 'LE SHOPPING NEWS' ON THAIS BERNARDES JEWELLERY<\/p>","protected":false},"excerpt":{"rendered":"<p data-start=\"149\" data-end=\"448\">Un anello iconico che celebra bellezza e libert\u00e0. Il pappagallo, simbolo di vitalit\u00e0 e spirito libero, dona al gioiello un carattere luminoso e tropicale. Il Topazio Azzurro aggiunge un tocco di serenit\u00e0 e chiarezza: una pietra che favorisce equilibrio emotivo, comunicazione autentica e creativit\u00e0.<\/p>\n<p data-start=\"450\" data-end=\"545\" data-is-last-node=\"\" data-is-only-node=\"\">Un gioiello elegante e significativo, ideale per chi ama distinguersi con colore e personalit\u00e0.<\/p>\n<ul class=\"ul1\">\n<li class=\"li3\"><span class=\"s1\">925 rhodium-plated silver <\/span><\/li>\n<li class=\"li3\"><span class=\"s1\">glossy finish<\/span><\/li>\n<li class=\"li3\"><span class=\"s1\">open adjustable ring<\/span><\/li>\n<li class=\"li3\"><span class=\"s1\">wear up to one size down and one size up from the chosen size<\/span><\/li>\n<li class=\"li3\"><span class=\"s1\">drop-cut blue topaz birthstone<\/span><\/li>\n<li class=\"li3\"><span class=\"s1\">pave mount zircon stones\u00a0<\/span><\/li>\n<li class=\"li3\"><span class=\"s2\">Certificate of<\/span><span class=\"s1\"> guarantee Thais Bernardes<\/span><\/li>\n<li class=\"li3\"><span class=\"s1\"><span class=\"s1\">Made in Italy<br \/>\n<\/span><\/span><div class=\"is-divider divider clearfix\" style=\"max-width:small;\"><\/div>\n<a href=\"#WSG\" class=\"button primary lowercase\" >\n\t\t<span>Guida Misure<\/span>\n\t<\/a>\n\n\n\t<div id=\"text-3914492538\" class=\"text hidden\">\n\t\t\n\n<p>\t<div id=\"WSG\"\n\t     class=\"lightbox-by-id lightbox-content mfp-hide lightbox-white\"\n\t     style=\"max-width:600px ;padding:20px\">\n\t\t<div class=\"row row-collapse row-full-width\"  id=\"row-1249989326\">\n\n\n\t<div id=\"col-880539769\" class=\"col small-12 large-12\"  >\n\t\t\t\t<div class=\"col-inner text-center\" style=\"background-color:rgb(22, 70, 63);\" >\n\t\t\t\n\t\t\t\n\n\n\t<section class=\"section\" id=\"section_1919488576\">\n\t\t<div class=\"section-bg fill\" >\n\t\t\t\t\t\t\t\t\t\n\t\t\t\n\n\t\t<\/div>\n\n\t\t\n\n\t\t<div class=\"section-content relative\">\n\t\t\t\n\n<div class=\"container section-title-container\" ><h4 class=\"section-title section-title-center\"><b aria-hidden=\"true\"><\/b><span class=\"section-title-main\" style=\"color:rgb(255, 255, 255);\">Guida Misure anelli<\/span><b aria-hidden=\"true\"><\/b><\/h4><\/div>\n\n\t<div id=\"text-742083289\" class=\"text\">\n\t\t\n\n<table style=\"font-size: 14.4px;\">\n<thead>\n<tr>\n<th style=\"text-align: center;\"><span style=\"color: #ffffff;\">Misure<\/span><\/th>\n<th style=\"text-align: center;\"><span style=\"color: #ffffff;\">Diametro in mm<\/span><\/th>\n<\/tr>\n<\/thead>\n<tbody>\n<tr>\n<td style=\"text-align: center;\"><span style=\"color: #ffffff;\">6 \/ 46<\/span><\/td>\n<td style=\"text-align: center;\"><span style=\"color: #ffffff;\">14,65<\/span><\/td>\n<\/tr>\n<tr>\n<td style=\"text-align: center;\"><span style=\"color: #ffffff;\">7 \/ 47<\/span><\/td>\n<td style=\"text-align: center;\"><span style=\"color: #ffffff;\">14,97<\/span><\/td>\n<\/tr>\n<tr>\n<td style=\"text-align: center;\"><span style=\"color: #ffffff;\">8 \/ 48<\/span><\/td>\n<td style=\"text-align: center;\"><span style=\"color: #ffffff;\">15,29<\/span><\/td>\n<\/tr>\n<tr>\n<td style=\"text-align: center;\"><span style=\"color: #ffffff;\">9 \/ 49<\/span><\/td>\n<td style=\"text-align: center;\"><span style=\"color: #ffffff;\">15,61<\/span><\/td>\n<\/tr>\n<tr>\n<td style=\"text-align: center;\"><span style=\"color: #ffffff;\">10 \/ 50<\/span><\/td>\n<td style=\"text-align: center;\"><span style=\"color: #ffffff;\">15,92<\/span><\/td>\n<\/tr>\n<tr>\n<td style=\"text-align: center;\"><span style=\"color: #ffffff;\">11 \/ 51<\/span><\/td>\n<td style=\"text-align: center;\"><span style=\"color: #ffffff;\">16,24<\/span><\/td>\n<\/tr>\n<tr>\n<td style=\"text-align: center;\"><span style=\"color: #ffffff;\">12 \/ 52<\/span><\/td>\n<td style=\"text-align: center;\"><span style=\"color: #ffffff;\">16,56<\/span><\/td>\n<\/tr>\n<tr>\n<td style=\"text-align: center;\"><span style=\"color: #ffffff;\">13 \/ 53<\/span><\/td>\n<td style=\"text-align: center;\"><span style=\"color: #ffffff;\">16,88<\/span><\/td>\n<\/tr>\n<tr>\n<td style=\"text-align: center;\"><span style=\"color: #ffffff;\">14 \/ 54<\/span><\/td>\n<td style=\"text-align: center;\"><span style=\"color: #ffffff;\">17,2<\/span><\/td>\n<\/tr>\n<tr>\n<td style=\"text-align: center;\"><span style=\"color: #ffffff;\">15 \/ 55<\/span><\/td>\n<td style=\"text-align: center;\"><span style=\"color: #ffffff;\">17,52<\/span><\/td>\n<\/tr>\n<tr>\n<td style=\"text-align: center;\"><span style=\"color: #ffffff;\">16 \/ 56<\/span><\/td>\n<td style=\"text-align: center;\"><span style=\"color: #ffffff;\">17,83<\/span><\/td>\n<\/tr>\n<tr>\n<td style=\"text-align: center;\"><span style=\"color: #ffffff;\">17 \/ 57<\/span><\/td>\n<td style=\"text-align: center;\"><span style=\"color: #ffffff;\">18,15<\/span><\/td>\n<\/tr>\n<tr>\n<td style=\"text-align: center;\"><span style=\"color: #ffffff;\">18 \/ 58<\/span><\/td>\n<td style=\"text-align: center;\"><span style=\"color: #ffffff;\">18,47<\/span><\/td>\n<\/tr>\n<tr>\n<td style=\"text-align: center;\"><span style=\"color: #ffffff;\">19 \/ 59<\/span><\/td>\n<td style=\"text-align: center;\"><span style=\"color: #ffffff;\">18,79<\/span><\/td>\n<\/tr>\n<tr>\n<td style=\"text-align: center;\"><span style=\"color: #ffffff;\">20 \/ 60<\/span><\/td>\n<td style=\"text-align: center;\"><span style=\"color: #ffffff;\">19,11<\/span><\/td>\n<\/tr>\n<\/tbody>\n<\/table>\n<p>\u00a0<\/p>\n\t\t\n<style>\n#text-742083289 {\n  color: rgb(255, 255, 255);\n}\n#text-742083289 > * {\n  color: rgb(255, 255, 255);\n}\n<\/style>\n\t<\/div>\n\t\n\t<div id=\"text-2461147836\" class=\"text\">\n\t\t\n\n<p style=\"text-align: center;\"><span style=\"font-size: 85%;\">Hai ancora dubbi?<\/span><\/p>\n<p style=\"text-align: center;\"><span style=\"font-size: 85%;\"><a class=\"button alert primary\" href=\"https:\/\/thaisbernardes.com\/en\/misure-anelli-e-conversione\/\">guida completa<\/a><\/span><\/p>\n\n\t\t\n<style>\n#text-2461147836 {\n  line-height: 0.75;\n  color: rgb(255,255,255);\n}\n#text-2461147836 > * {\n  color: rgb(255,255,255);\n}\n<\/style>\n\t<\/div>\n\t\n\n\t\t<\/div>\n\n\t\t\n<style>\n#section_1919488576 {\n  padding-top: 0px;\n  padding-bottom: 0px;\n}\n<\/style>\n\t<\/section>\n\t\n\n\t\t<\/div>\n\t\t\t\t\t<\/div>\n\n\t\n\n\n<style>\n#row-1249989326 > .col > .col-inner {\n  background-color: #16463f;\n}\n<\/style>\n<\/div>\t<\/div>\n\t\n\t<\/p>\n<p>&nbsp;<\/p>\n\t\t\t<\/div>\n\t<\/li>\n<\/ul>","protected":false},"featured_media":11597,"template":"","meta":[],"product_brand":[],"product_cat":[59,174,88],"product_tag":[68,142],"class_list":{"0":"post-2266","1":"product","2":"type-product","3":"status-publish","4":"has-post-thumbnail","6":"product_cat-anelli","7":"product_cat-brazilian-soul","8":"product_cat-collezioni","9":"product_tag-argento-925","10":"product_tag-pappagallo","12":"first","13":"instock","14":"shipping-taxable","15":"purchasable","16":"product-type-variable"},"aioseo_notices":[],"jetpack_sharing_enabled":true,"_links":{"self":[{"href":"https:\/\/thaisbernardes.com\/en\/wp-json\/wp\/v2\/product\/2266","targetHints":{"allow":["GET"]}}],"collection":[{"href":"https:\/\/thaisbernardes.com\/en\/wp-json\/wp\/v2\/product"}],"about":[{"href":"https:\/\/thaisbernardes.com\/en\/wp-json\/wp\/v2\/types\/product"}],"wp:featuredmedia":[{"embeddable":true,"href":"https:\/\/thaisbernardes.com\/en\/wp-json\/wp\/v2\/media\/11597"}],"wp:attachment":[{"href":"https:\/\/thaisbernardes.com\/en\/wp-json\/wp\/v2\/media?parent=2266"}],"wp:term":[{"taxonomy":"product_brand","embeddable":true,"href":"https:\/\/thaisbernardes.com\/en\/wp-json\/wp\/v2\/product_brand?post=2266"},{"taxonomy":"product_cat","embeddable":true,"href":"https:\/\/thaisbernardes.com\/en\/wp-json\/wp\/v2\/product_cat?post=2266"},{"taxonomy":"product_tag","embeddable":true,"href":"https:\/\/thaisbernardes.com\/en\/wp-json\/wp\/v2\/product_tag?post=2266"}],"curies":[{"name":"wp","href":"https:\/\/api.w.org\/{rel}","templated":true}]}}