{"id":2905,"date":"2020-08-04T11:39:51","date_gmt":"2020-08-04T14:39:51","guid":{"rendered":"https:\/\/thaisbernardes.com\/?post_type=product&#038;p=2905"},"modified":"2025-06-29T23:33:50","modified_gmt":"2025-06-29T21:33:50","slug":"seduca-fringe-bracelet","status":"publish","type":"product","link":"https:\/\/thaisbernardes.com\/en\/product\/bracciale-frange-seducao\/","title":{"rendered":"SEDU\u00c7\u00c3O FRINGED BRACELET"},"content":{"rendered":"<p>Sedu\u00e7\u00e3o fringed bracelet<\/p>\n<p>This uniquely designed bracelet is designed for elegant and courageous women, thanks to its attention-grabbing chain fringes and embellished with 6 cubic zirconia and a teardrop-cut natural stone set in the clasp.<\/p>\n<p>It is part of the Sedu\u00e7\u00e3o collection, which interprets the woman in a strong and seductive key, removing any doubt about her innate strength.<\/p>\n<p>Our stylists suggest the <strong><a href=\"https:\/\/thaisbernardes.com\/en\/product-2\/choker-fringes-seducao\/\">choker with fringes<\/a><\/strong> to be combined with the sedu\u00e7\u00e3o fringed bracelet for a super chic style.<\/p>\n<p><strong>THAIS BERNARDES<\/strong> Gioielli is a young jewellery brand that in a short time has managed to win the attention and appreciation of prestigious customers and shops thanks to the quality of the materials used for its jewellery, its contemporary style and the messages conveyed through its advertising campaigns and initiatives. His jewellery is a mix of Italy and Brazil, quality and tradition, detail and lightness, elegance and fashion, for women with a natural balance between \" <strong>Chic<\/strong> \" e \"<strong>Cool<\/strong>\".<\/p>\n<p>Read <strong><a href=\"https:\/\/www.vogue.it\/moda\/article\/oro-sostenibile-colori-brasiliani-carnevale-thais-bernardes?fbclid=IwAR2qFGaEmPWkHUmLY-Ky6caYHLtIoPkHgnJnN83CZZoOHGcind6wVsWvh84\">HERE<\/a> <\/strong>in vogue one of the articles published on the Thais Bernardes Jewellery brand.<\/p>\n<p>Thais Bernardes jewellery is made entirely in Italy using artisanal techniques and precious materials.<\/p>\n<p>For info write us at info@thaisbernardes.com<\/p>","protected":false},"excerpt":{"rendered":"<p>Sedu\u00e7\u00e3o Collection fringed bracelet in sterling silver<\/p>\n<ul>\n<li>925 rhodium-plated silver<\/li>\n<li>glossy finish<\/li>\n<li>with drop-cut natural stone<\/li>\n<li>cubic zirconia as studs<\/li>\n<li>with box and guarantee Thais Bernardes Jewellery<\/li>\n<\/ul>\n<p>&nbsp;<\/p>","protected":false},"featured_media":11670,"template":"","meta":[],"product_brand":[],"product_cat":[72,88,152],"product_tag":[94,104],"class_list":{"0":"post-2905","1":"product","2":"type-product","3":"status-publish","4":"has-post-thumbnail","6":"product_cat-bracciali","7":"product_cat-collezioni","8":"product_cat-collezione","9":"product_tag-design","10":"product_tag-gioielli","12":"first","13":"onbackorder","14":"shipping-taxable","15":"purchasable","16":"product-type-simple"},"aioseo_notices":[],"jetpack_sharing_enabled":true,"_links":{"self":[{"href":"https:\/\/thaisbernardes.com\/en\/wp-json\/wp\/v2\/product\/2905","targetHints":{"allow":["GET"]}}],"collection":[{"href":"https:\/\/thaisbernardes.com\/en\/wp-json\/wp\/v2\/product"}],"about":[{"href":"https:\/\/thaisbernardes.com\/en\/wp-json\/wp\/v2\/types\/product"}],"wp:featuredmedia":[{"embeddable":true,"href":"https:\/\/thaisbernardes.com\/en\/wp-json\/wp\/v2\/media\/11670"}],"wp:attachment":[{"href":"https:\/\/thaisbernardes.com\/en\/wp-json\/wp\/v2\/media?parent=2905"}],"wp:term":[{"taxonomy":"product_brand","embeddable":true,"href":"https:\/\/thaisbernardes.com\/en\/wp-json\/wp\/v2\/product_brand?post=2905"},{"taxonomy":"product_cat","embeddable":true,"href":"https:\/\/thaisbernardes.com\/en\/wp-json\/wp\/v2\/product_cat?post=2905"},{"taxonomy":"product_tag","embeddable":true,"href":"https:\/\/thaisbernardes.com\/en\/wp-json\/wp\/v2\/product_tag?post=2905"}],"curies":[{"name":"wp","href":"https:\/\/api.w.org\/{rel}","templated":true}]}}