{"id":2912,"date":"2020-08-04T11:55:09","date_gmt":"2020-08-04T14:55:09","guid":{"rendered":"https:\/\/thaisbernardes.com\/?post_type=product&amp;p=2912"},"modified":"2020-08-04T11:55:09","modified_gmt":"2020-08-04T14:55:09","slug":"seducao-bracelet","status":"publish","type":"product","link":"https:\/\/thaisbernardes.com\/en\/product\/bracciale-seducao\/","title":{"rendered":"SEDU\u00c7\u00c3O KISSING BRACELET"},"content":{"rendered":"<p>Sedu\u00e7\u00e3o kissing bracelet<\/p>\n<p>This uniquely designed kissing bracelet is designed for elegant and courageous women, thanks to its kissing chain embellished with a drop-cut natural stone. This chain is detachable, allowing it to be worn on its own.<\/p>\n<p>The clasp is also embellished with a teardrop stone.<\/p>\n<p>It is part of the Sedu\u00e7\u00e3o collection, which interprets the woman in a strong and seductive key, removing any doubt about her innate strength.<\/p>\n<p>Our stylists suggest the <a href=\"https:\/\/thaisbernardes.com\/en\/product-2\/stone-studded-hoop-earring\/\"><strong>hoop earrings with stone studs<\/strong><\/a> to combine for a super chic style .<\/p>\n<p><strong>THAIS BERNARDES<\/strong> Gioielli is a young jewellery brand that in a short time has managed to win the attention and appreciation of prestigious customers and shops thanks to the quality of the materials used for its jewellery, its contemporary style and the messages conveyed through its advertising campaigns and initiatives. His jewellery is a mix of Italy and Brazil, quality and tradition, detail and lightness, elegance and fashion, for women with a natural balance between \" <strong>Chic<\/strong> \" e \"<strong>Cool<\/strong>\".<\/p>\n<p>Read <strong><a href=\"https:\/\/www.vogue.it\/moda\/article\/oro-sostenibile-colori-brasiliani-carnevale-thais-bernardes?fbclid=IwAR2qFGaEmPWkHUmLY-Ky6caYHLtIoPkHgnJnN83CZZoOHGcind6wVsWvh84\">HERE<\/a> <\/strong>in vogue one of the articles published on the Thais Bernardes Jewellery brand.<\/p>\n<p>Thais Bernardes jewellery is made entirely in Italy using artisanal techniques and precious materials.<\/p>","protected":false},"excerpt":{"rendered":"<p>This uniquely designed bracelet is designed for elegant and courageous women, thanks to its kissing chain embellished with a teardrop-cut natural stone.<\/p>\n<ul>\n<li>925 rhodium-plated silver<\/li>\n<li>glossy finish<\/li>\n<li>with drop-cut natural stone<\/li>\n<li>cubic zirconia as studs<\/li>\n<li>removable hand kissing chain<\/li>\n<li>with box and guarantee Thais Bernardes Jewellery<\/li>\n<\/ul>","protected":false},"featured_media":3639,"template":"","meta":[],"product_brand":[],"product_cat":[72,88,152],"product_tag":[68,104],"class_list":{"0":"post-2912","1":"product","2":"type-product","3":"status-publish","4":"has-post-thumbnail","6":"product_cat-bracciali","7":"product_cat-collezioni","8":"product_cat-collezione","9":"product_tag-argento-925","10":"product_tag-gioielli","12":"first","13":"instock","14":"shipping-taxable","15":"purchasable","16":"product-type-simple"},"aioseo_notices":[],"jetpack_sharing_enabled":true,"_links":{"self":[{"href":"https:\/\/thaisbernardes.com\/en\/wp-json\/wp\/v2\/product\/2912","targetHints":{"allow":["GET"]}}],"collection":[{"href":"https:\/\/thaisbernardes.com\/en\/wp-json\/wp\/v2\/product"}],"about":[{"href":"https:\/\/thaisbernardes.com\/en\/wp-json\/wp\/v2\/types\/product"}],"wp:featuredmedia":[{"embeddable":true,"href":"https:\/\/thaisbernardes.com\/en\/wp-json\/wp\/v2\/media\/3639"}],"wp:attachment":[{"href":"https:\/\/thaisbernardes.com\/en\/wp-json\/wp\/v2\/media?parent=2912"}],"wp:term":[{"taxonomy":"product_brand","embeddable":true,"href":"https:\/\/thaisbernardes.com\/en\/wp-json\/wp\/v2\/product_brand?post=2912"},{"taxonomy":"product_cat","embeddable":true,"href":"https:\/\/thaisbernardes.com\/en\/wp-json\/wp\/v2\/product_cat?post=2912"},{"taxonomy":"product_tag","embeddable":true,"href":"https:\/\/thaisbernardes.com\/en\/wp-json\/wp\/v2\/product_tag?post=2912"}],"curies":[{"name":"wp","href":"https:\/\/api.w.org\/{rel}","templated":true}]}}