{"id":4636,"date":"2021-01-25T11:55:44","date_gmt":"2021-01-25T10:55:44","guid":{"rendered":"http:\/\/thaisbernardes.com\/?post_type=product&#038;p=4636"},"modified":"2026-02-14T17:47:24","modified_gmt":"2026-02-14T16:47:24","slug":"saudade-medallion-necklace","status":"publish","type":"product","link":"https:\/\/thaisbernardes.com\/en\/product\/collana-medaglietta-saudade\/","title":{"rendered":"Saudade Medal Necklace"},"content":{"rendered":"<p data-start=\"88\" data-end=\"427\">Scopri l\u2019essenza dell\u2019eleganza senza tempo con la collana <strong data-start=\"183\" data-end=\"194\">Saudade<\/strong>, realizzata interamente in Italia in <strong data-start=\"232\" data-end=\"247\">925 silver<\/strong>. Disponibile con finitura rodiata o placcata in oro, questa collana incarna raffinatezza e versatilit\u00e0, perfetta per illuminare ogni look, dal pi\u00f9 quotidiano al pi\u00f9 sofisticato.<\/p>\n<p data-start=\"429\" data-end=\"696\">Il suo design delicato e contemporaneo riflette la passione artigianale italiana, valorizzando ogni dettaglio con precisione e cura. Indossare <strong data-start=\"572\" data-end=\"583\">Saudade<\/strong> significa portare con s\u00e9 un gioiello che parla di stile, cultura e memoria, con un tocco di personalit\u00e0 unica.<\/p>\n<p data-start=\"698\" data-end=\"733\">\u2728 <strong data-start=\"700\" data-end=\"731\">Caratteristiche principali:<\/strong><\/p>\n<ul data-start=\"734\" data-end=\"947\">\n<li data-start=\"734\" data-end=\"776\">\n<p data-start=\"736\" data-end=\"776\">Materiale: Argento 925 di alta qualit\u00e0<\/p>\n<\/li>\n<li data-start=\"734\" data-end=\"776\">Pietra zircone<\/li>\n<li data-start=\"777\" data-end=\"813\">\n<p data-start=\"779\" data-end=\"813\">Finitura: Rodiata o placcata oro<\/p>\n<\/li>\n<li data-start=\"814\" data-end=\"860\">\n<p data-start=\"816\" data-end=\"860\">Made in Italy: interamente lavorata a mano<\/p>\n<\/li>\n<li data-start=\"861\" data-end=\"913\">\n<p data-start=\"863\" data-end=\"913\">Lunghezza regolabile per adattarsi a ogni outfit<\/p>\n<\/li>\n<li data-start=\"914\" data-end=\"947\">\n<p data-start=\"916\" data-end=\"947\">Design elegante e senza tempo<\/p>\n<\/li>\n<\/ul>\n<p data-start=\"949\" data-end=\"1082\">Un gioiello perfetto per chi ama la bellezza discreta ma significativa, da regalare o da indossare come simbolo di stile personale.<\/p>\n<p>ARTICLE COLLECTION PALAVRAS ON <em><strong><a href=\"https:\/\/ilcorrierenews.wordpress.com\/2016\/06\/15\/thais-bernardes-unanima-carioca-nel-cuore-di-milano\/\">COURIER NEWS <\/a><\/strong><\/em><\/p>\n<p>For information write to us at info@thaisbernardes.com<\/p>\n<p>&nbsp;<\/p>","protected":false},"excerpt":{"rendered":"<p>Saudade medal necklace<\/p>\n<ul>\n<li>Rhodium-plated 925 silver<\/li>\n<li>glossy finish<\/li>\n<li>pietra zircon<\/li>\n<li>round medallion pendant with 'SAUDADE' engraving, removable<\/li>\n<li>lobster clasp<\/li>\n<li>collana: regolabile a 40cm, 45cm e 50cm grazie agli anellini.<\/li>\n<li>pendant diameter: 1.6cm<\/li>\n<li>with box and Thais Bernardes guarantee<\/li>\n<li>Made in Italy<\/li>\n<\/ul>","protected":false},"featured_media":12192,"template":"","meta":[],"product_brand":[],"product_cat":[86,88,140],"product_tag":[],"class_list":{"0":"post-4636","1":"product","2":"type-product","3":"status-publish","4":"has-post-thumbnail","6":"product_cat-collane","7":"product_cat-collezioni","8":"product_cat-palavras","10":"first","11":"instock","12":"shipping-taxable","13":"purchasable","14":"product-type-variable"},"aioseo_notices":[],"jetpack_sharing_enabled":true,"_links":{"self":[{"href":"https:\/\/thaisbernardes.com\/en\/wp-json\/wp\/v2\/product\/4636","targetHints":{"allow":["GET"]}}],"collection":[{"href":"https:\/\/thaisbernardes.com\/en\/wp-json\/wp\/v2\/product"}],"about":[{"href":"https:\/\/thaisbernardes.com\/en\/wp-json\/wp\/v2\/types\/product"}],"wp:featuredmedia":[{"embeddable":true,"href":"https:\/\/thaisbernardes.com\/en\/wp-json\/wp\/v2\/media\/12192"}],"wp:attachment":[{"href":"https:\/\/thaisbernardes.com\/en\/wp-json\/wp\/v2\/media?parent=4636"}],"wp:term":[{"taxonomy":"product_brand","embeddable":true,"href":"https:\/\/thaisbernardes.com\/en\/wp-json\/wp\/v2\/product_brand?post=4636"},{"taxonomy":"product_cat","embeddable":true,"href":"https:\/\/thaisbernardes.com\/en\/wp-json\/wp\/v2\/product_cat?post=4636"},{"taxonomy":"product_tag","embeddable":true,"href":"https:\/\/thaisbernardes.com\/en\/wp-json\/wp\/v2\/product_tag?post=4636"}],"curies":[{"name":"wp","href":"https:\/\/api.w.org\/{rel}","templated":true}]}}