{"id":6414,"date":"2022-08-29T12:56:48","date_gmt":"2022-08-29T10:56:48","guid":{"rendered":"http:\/\/thaisbernardes.com\/?post_type=product&#038;p=6414"},"modified":"2026-03-13T16:45:21","modified_gmt":"2026-03-13T15:45:21","slug":"amazon-feather-earrings-small","status":"publish","type":"product","link":"https:\/\/thaisbernardes.com\/en\/product\/orecchini-piume-amazzonica-small\/","title":{"rendered":"Amazon Feather Earrings Small"},"content":{"rendered":"<p data-start=\"211\" data-end=\"297\"><strong data-start=\"211\" data-end=\"295\">Orecchini Amazzonica Small \u2013 Il simbolo della libert\u00e0 e della forza della natura<\/strong><\/p>\n<p data-start=\"299\" data-end=\"495\">The <strong data-start=\"303\" data-end=\"333\">orecchini Amazzonica Small<\/strong> at <strong data-start=\"337\" data-end=\"360\">925 rhodium-plated silver<\/strong> con <strong data-start=\"365\" data-end=\"395\">piuma placcata in oro rosa<\/strong> nascono dall\u2019ispirazione della designer <strong data-start=\"436\" data-end=\"455\">Thais Bernardes<\/strong> al legame profondo tra uomo e natura.<\/p>\n<p data-start=\"497\" data-end=\"772\">Nelle culture indigene dell\u2019Amazzonia, la <strong data-start=\"539\" data-end=\"548\">feather<\/strong> \u00e8 molto pi\u00f9 di un ornamento: \u00e8 un <strong data-start=\"583\" data-end=\"646\">simbolo sacro di libert\u00e0, coraggio e connessione spirituale<\/strong> con la terra e con gli elementi. Indossare una piuma significa portare con s\u00e9 un messaggio di protezione e forza interiore.<\/p>\n<p data-start=\"774\" data-end=\"1060\">Questi orecchini, parte della collezione <strong data-start=\"815\" data-end=\"829\">Amazonian<\/strong>, uniscono <strong data-start=\"840\" data-end=\"866\">eleganza contemporanea<\/strong> e <strong data-start=\"869\" data-end=\"894\">tradizione ancestrale<\/strong> in un design <strong data-start=\"908\" data-end=\"922\">genderless<\/strong> e raffinato, creato per chi non ha paura di esprimere la propria identit\u00e0 e desidera portare con s\u00e9 la magia e la potenza della natura.<\/p>\n<p data-start=\"1062\" data-end=\"1165\">Perfetti per look unici e significativi, rappresentano un vero <strong data-start=\"1125\" data-end=\"1162\">amuletto di libert\u00e0 e autenticit\u00e0<\/strong>.<\/p>\n<p>Read <a href=\"https:\/\/thaisbernardes.com\/en\/vogue-italy\/\">HERE<\/a> the article in Vogue Italia<\/p>","protected":false},"excerpt":{"rendered":"<p>Feather earrings in rose gold and diamonds, Amazon collection. THAIS BERNARDES jewellery<\/p>\n<ul>\n<li>genderless earrings Thais Bernardes jewellery<\/li>\n<li>Rose gold-plated feather<\/li>\n<li>feather length 2 cm<\/li>\n<li>black zircons<\/li>\n<li>925 silver circle<\/li>\n<li>Thais Bernardes Gift Box and Warranty<\/li>\n<\/ul>","protected":false},"featured_media":11893,"template":"","meta":[],"product_brand":[],"product_cat":[53,245,88,131,164],"product_tag":[],"class_list":{"0":"post-6414","1":"product","2":"type-product","3":"status-publish","4":"has-post-thumbnail","6":"product_cat-amazzonica","7":"product_cat-categorie","8":"product_cat-collezioni","9":"product_cat-orecchini","10":"product_cat-uomo","12":"first","13":"instock","14":"shipping-taxable","15":"purchasable","16":"product-type-simple"},"aioseo_notices":[],"jetpack_sharing_enabled":true,"_links":{"self":[{"href":"https:\/\/thaisbernardes.com\/en\/wp-json\/wp\/v2\/product\/6414","targetHints":{"allow":["GET"]}}],"collection":[{"href":"https:\/\/thaisbernardes.com\/en\/wp-json\/wp\/v2\/product"}],"about":[{"href":"https:\/\/thaisbernardes.com\/en\/wp-json\/wp\/v2\/types\/product"}],"wp:featuredmedia":[{"embeddable":true,"href":"https:\/\/thaisbernardes.com\/en\/wp-json\/wp\/v2\/media\/11893"}],"wp:attachment":[{"href":"https:\/\/thaisbernardes.com\/en\/wp-json\/wp\/v2\/media?parent=6414"}],"wp:term":[{"taxonomy":"product_brand","embeddable":true,"href":"https:\/\/thaisbernardes.com\/en\/wp-json\/wp\/v2\/product_brand?post=6414"},{"taxonomy":"product_cat","embeddable":true,"href":"https:\/\/thaisbernardes.com\/en\/wp-json\/wp\/v2\/product_cat?post=6414"},{"taxonomy":"product_tag","embeddable":true,"href":"https:\/\/thaisbernardes.com\/en\/wp-json\/wp\/v2\/product_tag?post=6414"}],"curies":[{"name":"wp","href":"https:\/\/api.w.org\/{rel}","templated":true}]}}