{"id":2905,"date":"2020-08-04T11:39:51","date_gmt":"2020-08-04T14:39:51","guid":{"rendered":"https:\/\/thaisbernardes.com\/?post_type=product&#038;p=2905"},"modified":"2025-06-29T23:33:50","modified_gmt":"2025-06-29T21:33:50","slug":"bracciale-frange-seducao","status":"publish","type":"product","link":"https:\/\/thaisbernardes.com\/fr\/product\/bracciale-frange-seducao\/","title":{"rendered":"BRACCIALE  CON FRANGE SEDU\u00c7\u00c3O"},"content":{"rendered":"<p>Bracciale con frange Sedu\u00e7\u00e3o<\/p>\n<p>Questo bracciale dal design unico \u00e8 pensato per donne eleganti e coraggiose, grazie alle sue frange di catene capaci di attirare l&#8217;attenzione ed impreziosito da 6 zirconi e da una pietra naturale con taglio a goccia incastonata nella chiusura.<\/p>\n<p>Fa parte della collezione Sedu\u00e7\u00e3o, che interpretata la donna in chiave forte e seducente togliendo ogni dubbio sulla sua innata forza.<\/p>\n<p>Le nostre stylist suggeriscono il <strong><a href=\"https:\/\/thaisbernardes.com\/fr\/product-2\/choker-frange-seducao\/\">choker con frange<\/a><\/strong> da abbinare al bracciale con frange sedu\u00e7\u00e3o per ottenere uno stile super chic .<\/p>\n<p><strong>THAIS BERNARDES<\/strong> Gioielli e\u0300 un giovane brand di gioielli che in poco tempo e\u0300 riuscito a conquistare l\u2019attenzione e l\u2019apprezzamento di clienti e negozi prestigiosi grazie alla qualita\u0300 dei materiali usati per i suoi gioielli, lo stile contemporaneo e i messaggi trasmessi con le campagne pubblicitarie e le iniziative intraprese. I suoi gioielli sono un mix tra Italia e Brasile, qualita\u0300 e tradizione, dettagli e leggerezza, eleganza e moda, per donne con un equilibrio naturale tra \u201c <strong>Chic<\/strong> \u201c e \u201c<strong>Cool<\/strong>\u201d.<\/p>\n<p>Leggi <strong><a href=\"https:\/\/www.vogue.it\/moda\/article\/oro-sostenibile-colori-brasiliani-carnevale-thais-bernardes?fbclid=IwAR2qFGaEmPWkHUmLY-Ky6caYHLtIoPkHgnJnN83CZZoOHGcind6wVsWvh84\">QUI<\/a> <\/strong>su vogue uno degli articoli usciti sul brand Thais Bernardes Gioielli.<\/p>\n<p>I gioielli Thais Bernardes sono fatti interamente in Italia con tecniche artigianali e materiali preziosi.<\/p>\n<p>Per info scrivici a info@thaisbernardes.com<\/p>","protected":false},"excerpt":{"rendered":"<p>Bracciale con frange collezione Sedu\u00e7\u00e3o in argento 925<\/p>\n<ul>\n<li>argento 925 placcato rodio<\/li>\n<li>finitura lucida<\/li>\n<li>con pietra naturale taglio a goccia<\/li>\n<li>cubic zirconia come borchie<\/li>\n<li>con scatola e garanzia Thais Bernardes Gioielli<\/li>\n<\/ul>\n<p>&nbsp;<\/p>","protected":false},"featured_media":11670,"template":"","meta":[],"product_brand":[],"product_cat":[72,88,152],"product_tag":[94,104],"class_list":{"0":"post-2905","1":"product","2":"type-product","3":"status-publish","4":"has-post-thumbnail","6":"product_cat-bracciali","7":"product_cat-collezioni","8":"product_cat-collezione","9":"product_tag-design","10":"product_tag-gioielli","12":"first","13":"onbackorder","14":"shipping-taxable","15":"purchasable","16":"product-type-simple"},"aioseo_notices":[],"jetpack_sharing_enabled":true,"_links":{"self":[{"href":"https:\/\/thaisbernardes.com\/fr\/wp-json\/wp\/v2\/product\/2905","targetHints":{"allow":["GET"]}}],"collection":[{"href":"https:\/\/thaisbernardes.com\/fr\/wp-json\/wp\/v2\/product"}],"about":[{"href":"https:\/\/thaisbernardes.com\/fr\/wp-json\/wp\/v2\/types\/product"}],"wp:featuredmedia":[{"embeddable":true,"href":"https:\/\/thaisbernardes.com\/fr\/wp-json\/wp\/v2\/media\/11670"}],"wp:attachment":[{"href":"https:\/\/thaisbernardes.com\/fr\/wp-json\/wp\/v2\/media?parent=2905"}],"wp:term":[{"taxonomy":"product_brand","embeddable":true,"href":"https:\/\/thaisbernardes.com\/fr\/wp-json\/wp\/v2\/product_brand?post=2905"},{"taxonomy":"product_cat","embeddable":true,"href":"https:\/\/thaisbernardes.com\/fr\/wp-json\/wp\/v2\/product_cat?post=2905"},{"taxonomy":"product_tag","embeddable":true,"href":"https:\/\/thaisbernardes.com\/fr\/wp-json\/wp\/v2\/product_tag?post=2905"}],"curies":[{"name":"wp","href":"https:\/\/api.w.org\/{rel}","templated":true}]}}