{"id":2919,"date":"2020-08-04T12:02:45","date_gmt":"2020-08-04T15:02:45","guid":{"rendered":"https:\/\/thaisbernardes.com\/?post_type=product&#038;p=2919"},"modified":"2026-03-06T17:11:39","modified_gmt":"2026-03-06T16:11:39","slug":"anello-fedina-seducao","status":"publish","type":"product","link":"https:\/\/thaisbernardes.com\/fr\/product\/anello-fedina-seducao\/","title":{"rendered":"ANELLO FEDINA SEDU\u00c7\u00c3O"},"content":{"rendered":"<p>Anello fedina Sedu\u00e7\u00e3o<\/p>\n<p>Questo anello apparentemente classico \u00e8 caratterizzato da un design unico che esalta la femminilit\u00e0, grazie a 6 zirconi incastonati come fossero piccole borchie.<\/p>\n<p>Fa parte della collezione Sedu\u00e7\u00e3o, che interpretata la donna in chiave forte e seducente togliendo ogni dubbio sulla sua innata forza.<\/p>\n<p>Le nostre stylist suggeriscono gli <a href=\"https:\/\/thaisbernardes.com\/fr\/product-2\/orecchino-cerchio-con-borchie-di-pietre\/\"><strong>orecchini a cerchio con borchie di pietre<\/strong><\/a> da abbinare all&#8217;anello fedina sedu\u00e7\u00e3o per ottenere uno stile super chic .<\/p>\n<p><strong>THAIS BERNARDES<\/strong> Gioielli e\u0300 un giovane brand di gioielli che in poco tempo e\u0300 riuscito a conquistare l\u2019attenzione e l\u2019apprezzamento di clienti e negozi prestigiosi grazie alla qualita\u0300 dei materiali usati per i suoi gioielli, lo stile contemporaneo e i messaggi trasmessi con le campagne pubblicitarie e le iniziative intraprese. I suoi gioielli sono un mix tra Italia e Brasile, qualita\u0300 e tradizione, dettagli e leggerezza, eleganza e moda, per donne con un equilibrio naturale tra \u201c <strong>Chic<\/strong> \u201c e \u201c<strong>Cool<\/strong>\u201d.<\/p>\n<p>Leggi <strong><a href=\"https:\/\/www.vogue.it\/moda\/article\/oro-sostenibile-colori-brasiliani-carnevale-thais-bernardes?fbclid=IwAR2qFGaEmPWkHUmLY-Ky6caYHLtIoPkHgnJnN83CZZoOHGcind6wVsWvh84\">QUI<\/a> <\/strong>su vogue uno degli articoli usciti sul brand Thais Bernardes Gioielli.<\/p>\n<p>I gioielli Thais Bernardes sono fatti interamente in Italia con tecniche artigianali e materiali preziosi.<\/p>","protected":false},"excerpt":{"rendered":"<p>Anello fedina Sedu\u00e7\u00e3o<\/p>\n<p>Questo anello apparentemente classico \u00e8 caratterizzato da un design unico che esalta la femminilit\u00e0, grazie a 6 zirconi incastonati come fossero piccole borchie.<\/p>\n<ul>\n<li>anello regolabile<\/li>\n<li>argento 925 placcato rodio<\/li>\n<li>finitura lucida<\/li>\n<li>con cubic zirconia<\/li>\n<li>montatura a pav\u00e9<\/li>\n<li>charm removibile a piuma<\/li>\n<li>con scatola e garazia Thais Bernardes<br \/>\n<div class=\"is-divider divider clearfix\" style=\"max-width:small;\"><\/div>\n<a href=\"#WSG\" class=\"button primary lowercase\" >\n\t\t<span>Guida Misure<\/span>\n\t<\/a>\n\n\n\t<div id=\"text-657727856\" class=\"text hidden\">\n\t\t\n\n<p>\t<div id=\"WSG\"\n\t     class=\"lightbox-by-id lightbox-content mfp-hide lightbox-white\"\n\t     style=\"max-width:600px ;padding:20px\">\n\t\t<div class=\"row row-collapse row-full-width\"  id=\"row-1996788657\">\n\n\n\t<div id=\"col-620214357\" class=\"col small-12 large-12\"  >\n\t\t\t\t<div class=\"col-inner text-center\" style=\"background-color:rgb(22, 70, 63);\" >\n\t\t\t\n\t\t\t\n\n\n\t<section class=\"section\" id=\"section_1797990512\">\n\t\t<div class=\"section-bg fill\" >\n\t\t\t\t\t\t\t\t\t\n\t\t\t\n\n\t\t<\/div>\n\n\t\t\n\n\t\t<div class=\"section-content relative\">\n\t\t\t\n\n<div class=\"container section-title-container\" ><h4 class=\"section-title section-title-center\"><b aria-hidden=\"true\"><\/b><span class=\"section-title-main\" style=\"color:rgb(255, 255, 255);\">Guida Misure anelli<\/span><b aria-hidden=\"true\"><\/b><\/h4><\/div>\n\n\t<div id=\"text-878819849\" class=\"text\">\n\t\t\n\n<table style=\"font-size: 14.4px;\">\n<thead>\n<tr>\n<th style=\"text-align: center;\"><span style=\"color: #ffffff;\">Misure<\/span><\/th>\n<th style=\"text-align: center;\"><span style=\"color: #ffffff;\">Diametro in mm<\/span><\/th>\n<\/tr>\n<\/thead>\n<tbody>\n<tr>\n<td style=\"text-align: center;\"><span style=\"color: #ffffff;\">6 \/ 46<\/span><\/td>\n<td style=\"text-align: center;\"><span style=\"color: #ffffff;\">14,65<\/span><\/td>\n<\/tr>\n<tr>\n<td style=\"text-align: center;\"><span style=\"color: #ffffff;\">7 \/ 47<\/span><\/td>\n<td style=\"text-align: center;\"><span style=\"color: #ffffff;\">14,97<\/span><\/td>\n<\/tr>\n<tr>\n<td style=\"text-align: center;\"><span style=\"color: #ffffff;\">8 \/ 48<\/span><\/td>\n<td style=\"text-align: center;\"><span style=\"color: #ffffff;\">15,29<\/span><\/td>\n<\/tr>\n<tr>\n<td style=\"text-align: center;\"><span style=\"color: #ffffff;\">9 \/ 49<\/span><\/td>\n<td style=\"text-align: center;\"><span style=\"color: #ffffff;\">15,61<\/span><\/td>\n<\/tr>\n<tr>\n<td style=\"text-align: center;\"><span style=\"color: #ffffff;\">10 \/ 50<\/span><\/td>\n<td style=\"text-align: center;\"><span style=\"color: #ffffff;\">15,92<\/span><\/td>\n<\/tr>\n<tr>\n<td style=\"text-align: center;\"><span style=\"color: #ffffff;\">11 \/ 51<\/span><\/td>\n<td style=\"text-align: center;\"><span style=\"color: #ffffff;\">16,24<\/span><\/td>\n<\/tr>\n<tr>\n<td style=\"text-align: center;\"><span style=\"color: #ffffff;\">12 \/ 52<\/span><\/td>\n<td style=\"text-align: center;\"><span style=\"color: #ffffff;\">16,56<\/span><\/td>\n<\/tr>\n<tr>\n<td style=\"text-align: center;\"><span style=\"color: #ffffff;\">13 \/ 53<\/span><\/td>\n<td style=\"text-align: center;\"><span style=\"color: #ffffff;\">16,88<\/span><\/td>\n<\/tr>\n<tr>\n<td style=\"text-align: center;\"><span style=\"color: #ffffff;\">14 \/ 54<\/span><\/td>\n<td style=\"text-align: center;\"><span style=\"color: #ffffff;\">17,2<\/span><\/td>\n<\/tr>\n<tr>\n<td style=\"text-align: center;\"><span style=\"color: #ffffff;\">15 \/ 55<\/span><\/td>\n<td style=\"text-align: center;\"><span style=\"color: #ffffff;\">17,52<\/span><\/td>\n<\/tr>\n<tr>\n<td style=\"text-align: center;\"><span style=\"color: #ffffff;\">16 \/ 56<\/span><\/td>\n<td style=\"text-align: center;\"><span style=\"color: #ffffff;\">17,83<\/span><\/td>\n<\/tr>\n<tr>\n<td style=\"text-align: center;\"><span style=\"color: #ffffff;\">17 \/ 57<\/span><\/td>\n<td style=\"text-align: center;\"><span style=\"color: #ffffff;\">18,15<\/span><\/td>\n<\/tr>\n<tr>\n<td style=\"text-align: center;\"><span style=\"color: #ffffff;\">18 \/ 58<\/span><\/td>\n<td style=\"text-align: center;\"><span style=\"color: #ffffff;\">18,47<\/span><\/td>\n<\/tr>\n<tr>\n<td style=\"text-align: center;\"><span style=\"color: #ffffff;\">19 \/ 59<\/span><\/td>\n<td style=\"text-align: center;\"><span style=\"color: #ffffff;\">18,79<\/span><\/td>\n<\/tr>\n<tr>\n<td style=\"text-align: center;\"><span style=\"color: #ffffff;\">20 \/ 60<\/span><\/td>\n<td style=\"text-align: center;\"><span style=\"color: #ffffff;\">19,11<\/span><\/td>\n<\/tr>\n<\/tbody>\n<\/table>\n<p>\u00a0<\/p>\n\t\t\n<style>\n#text-878819849 {\n  color: rgb(255, 255, 255);\n}\n#text-878819849 > * {\n  color: rgb(255, 255, 255);\n}\n<\/style>\n\t<\/div>\n\t\n\t<div id=\"text-3548546524\" class=\"text\">\n\t\t\n\n<p style=\"text-align: center;\"><span style=\"font-size: 85%;\">Hai ancora dubbi?<\/span><\/p>\n<p style=\"text-align: center;\"><span style=\"font-size: 85%;\"><a class=\"button alert primary\" href=\"https:\/\/thaisbernardes.com\/fr\/misure-anelli-e-conversione\/\">guida completa<\/a><\/span><\/p>\n\n\t\t\n<style>\n#text-3548546524 {\n  line-height: 0.75;\n  color: rgb(255,255,255);\n}\n#text-3548546524 > * {\n  color: rgb(255,255,255);\n}\n<\/style>\n\t<\/div>\n\t\n\n\t\t<\/div>\n\n\t\t\n<style>\n#section_1797990512 {\n  padding-top: 0px;\n  padding-bottom: 0px;\n}\n<\/style>\n\t<\/section>\n\t\n\n\t\t<\/div>\n\t\t\t\t\t<\/div>\n\n\t\n\n\n<style>\n#row-1996788657 > .col > .col-inner {\n  background-color: #16463f;\n}\n<\/style>\n<\/div>\t<\/div>\n\t\n\t<\/p>\n<p>&nbsp;<\/p>\n\t\t\t<\/div>\n\t<\/li>\n<\/ul>","protected":false},"featured_media":3632,"template":"","meta":[],"product_brand":[],"product_cat":[59,88,152],"product_tag":[94,101],"class_list":{"0":"post-2919","1":"product","2":"type-product","3":"status-publish","4":"has-post-thumbnail","6":"product_cat-anelli","7":"product_cat-collezioni","8":"product_cat-collezione","9":"product_tag-design","10":"product_tag-fedina","12":"first","13":"onbackorder","14":"shipping-taxable","15":"purchasable","16":"product-type-simple"},"aioseo_notices":[],"jetpack_sharing_enabled":true,"_links":{"self":[{"href":"https:\/\/thaisbernardes.com\/fr\/wp-json\/wp\/v2\/product\/2919","targetHints":{"allow":["GET"]}}],"collection":[{"href":"https:\/\/thaisbernardes.com\/fr\/wp-json\/wp\/v2\/product"}],"about":[{"href":"https:\/\/thaisbernardes.com\/fr\/wp-json\/wp\/v2\/types\/product"}],"wp:featuredmedia":[{"embeddable":true,"href":"https:\/\/thaisbernardes.com\/fr\/wp-json\/wp\/v2\/media\/3632"}],"wp:attachment":[{"href":"https:\/\/thaisbernardes.com\/fr\/wp-json\/wp\/v2\/media?parent=2919"}],"wp:term":[{"taxonomy":"product_brand","embeddable":true,"href":"https:\/\/thaisbernardes.com\/fr\/wp-json\/wp\/v2\/product_brand?post=2919"},{"taxonomy":"product_cat","embeddable":true,"href":"https:\/\/thaisbernardes.com\/fr\/wp-json\/wp\/v2\/product_cat?post=2919"},{"taxonomy":"product_tag","embeddable":true,"href":"https:\/\/thaisbernardes.com\/fr\/wp-json\/wp\/v2\/product_tag?post=2919"}],"curies":[{"name":"wp","href":"https:\/\/api.w.org\/{rel}","templated":true}]}}