{"id":4926,"date":"2021-04-13T12:27:13","date_gmt":"2021-04-13T10:27:13","guid":{"rendered":"http:\/\/thaisbernardes.com\/?post_type=product&#038;p=4926"},"modified":"2025-06-26T15:29:43","modified_gmt":"2025-06-26T13:29:43","slug":"collana-choker-piume","status":"publish","type":"product","link":"https:\/\/thaisbernardes.com\/fr\/product\/collana-choker-piume\/","title":{"rendered":"Collana Choker Piume"},"content":{"rendered":"<p>La collana choker piume \u00e8 un gioiello pieno di significati oltre al design unico e produzione interamente fatta in Italia.<\/p>\n<p>I gioielli Thais Bernardes portano sempre un significato con s\u00e9, le piume sono un simbolo di libert\u00e0 coraggio e forza, proprio come per le trib\u00f9 indigene, in cui Thais si ispira per le sue creazioni.<\/p>\n<p>Questa collana dal design unico \u00e8 fatta in argento 925 rodiato o placcato oro e ha le pietre naturali topazio azzurro o quarzo rosa che impreziosiscono ancora di pi\u00f9 questo gioiello.<\/p>\n<p>Dettagli:<\/p>\n<ul>\n<li>argento 925 placcato oro<\/li>\n<li>finitura lucida<\/li>\n<li>lunghezza 40 cm + 6 cm allungo<\/li>\n<li>pietra naturale Topazio Azzurro o Quarzo Rosa<\/li>\n<li>con scatola e garanzia Thais Bernardes<\/li>\n<li>Made in Italy<\/li>\n<\/ul>\n<p>Le nostre stylist suggeriscono di indossare la collana choker piume con gli orecchini <a href=\"https:\/\/thaisbernardes.com\/fr\/product\/orecchini-piume-e-pietre-naturali\/\">PIUME E PIETRE NATURALI <\/a><\/p>\n<p>I gioielli Thais Bernardes sono fatti con cura in Italia, disegnati da Thais con molta passione e tanta ricerca nel design. Disegnati per donne e uomini che ci tengono all&#8217;originalit\u00e0, allo stile, alla natura e a portare nel mondo un significato e messaggio importanti.<\/p>","protected":false},"excerpt":{"rendered":"<p class=\"p1\">Le piume sono come una benedizione. Ci ricordano che noi non siamo soli ma sempre accompagnati ed aiutati da un essere invisibile.<\/p>\n<p class=\"p2\">Gioiello creato con materiali preziosi e interamente fatto da artigiani in Italia.<\/p>","protected":false},"featured_media":11777,"template":"","meta":[],"product_brand":[],"product_cat":[86,88,149],"product_tag":[],"class_list":{"0":"post-4926","1":"product","2":"type-product","3":"status-publish","4":"has-post-thumbnail","6":"product_cat-collane","7":"product_cat-collezioni","8":"product_cat-piume","10":"first","11":"instock","12":"shipping-taxable","13":"purchasable","14":"product-type-variable"},"aioseo_notices":[],"jetpack_sharing_enabled":true,"_links":{"self":[{"href":"https:\/\/thaisbernardes.com\/fr\/wp-json\/wp\/v2\/product\/4926","targetHints":{"allow":["GET"]}}],"collection":[{"href":"https:\/\/thaisbernardes.com\/fr\/wp-json\/wp\/v2\/product"}],"about":[{"href":"https:\/\/thaisbernardes.com\/fr\/wp-json\/wp\/v2\/types\/product"}],"wp:featuredmedia":[{"embeddable":true,"href":"https:\/\/thaisbernardes.com\/fr\/wp-json\/wp\/v2\/media\/11777"}],"wp:attachment":[{"href":"https:\/\/thaisbernardes.com\/fr\/wp-json\/wp\/v2\/media?parent=4926"}],"wp:term":[{"taxonomy":"product_brand","embeddable":true,"href":"https:\/\/thaisbernardes.com\/fr\/wp-json\/wp\/v2\/product_brand?post=4926"},{"taxonomy":"product_cat","embeddable":true,"href":"https:\/\/thaisbernardes.com\/fr\/wp-json\/wp\/v2\/product_cat?post=4926"},{"taxonomy":"product_tag","embeddable":true,"href":"https:\/\/thaisbernardes.com\/fr\/wp-json\/wp\/v2\/product_tag?post=4926"}],"curies":[{"name":"wp","href":"https:\/\/api.w.org\/{rel}","templated":true}]}}