{"id":5638,"date":"2021-10-07T10:18:25","date_gmt":"2021-10-07T08:18:25","guid":{"rendered":"http:\/\/thaisbernardes.com\/?post_type=product&#038;p=5638"},"modified":"2026-03-06T17:06:09","modified_gmt":"2026-03-06T16:06:09","slug":"anello-colors-quarzo-lemon","status":"publish","type":"product","link":"https:\/\/thaisbernardes.com\/fr\/product\/anello-colors-quarzo-lemon\/","title":{"rendered":"Anello Colors Quarzo Lemon"},"content":{"rendered":"<p class=\"isSelectedEnd\">Anello Colors Quarzo Lemon in argento 925 placcato oro, realizzato con cura artigianale in Italia.<br \/>\nLa pietra protagonista \u00e8 il Quarzo Lemon naturale, conosciuto come la \u201cpietra della chiarezza luminosa\u201d, simbolo di energia positiva, ottimismo e rinnovamento.<\/p>\n<p class=\"isSelectedEnd\">Il suo colore giallo brillante porta luce e vitalit\u00e0, stimola la creativit\u00e0 e sostiene nei momenti in cui \u00e8 necessario trovare nuove prospettive. Indossarlo significa scegliere un amuleto che illumina la giornata e invita ad affrontare la vita con freschezza e sicurezza.<\/p>\n<p>Un gioiello elegante e contemporaneo, perfetto per chi ama la forza discreta delle pietre naturali e desidera un talismano di gioia e rinascita da indossare ogni giorno.<\/p>\n<ul>\n<li><\/li>\n<\/ul>\n<p>&nbsp;<\/p>","protected":false},"excerpt":{"rendered":"<ul>\n<li>argento 925<\/li>\n<li>finitura lucida<\/li>\n<li>Quarzo Lemon naturale<\/li>\n<li>con scatola e garanzia Thais Bernardes<\/li>\n<li>Made in Italy<br \/>\n<div class=\"is-divider divider clearfix\" style=\"max-width:small;\"><\/div>\n<a href=\"#WSG\" class=\"button primary lowercase\" >\n\t\t<span>Guida Misure<\/span>\n\t<\/a>\n\n\n\t<div id=\"text-225478073\" class=\"text hidden\">\n\t\t\n\n<p>\t<div id=\"WSG\"\n\t     class=\"lightbox-by-id lightbox-content mfp-hide lightbox-white\"\n\t     style=\"max-width:600px ;padding:20px\">\n\t\t<div class=\"row row-collapse row-full-width\"  id=\"row-1610790145\">\n\n\n\t<div id=\"col-2107274576\" class=\"col small-12 large-12\"  >\n\t\t\t\t<div class=\"col-inner text-center\" style=\"background-color:rgb(22, 70, 63);\" >\n\t\t\t\n\t\t\t\n\n\n\t<section class=\"section\" id=\"section_294227050\">\n\t\t<div class=\"section-bg fill\" >\n\t\t\t\t\t\t\t\t\t\n\t\t\t\n\n\t\t<\/div>\n\n\t\t\n\n\t\t<div class=\"section-content relative\">\n\t\t\t\n\n<div class=\"container section-title-container\" ><h4 class=\"section-title section-title-center\"><b aria-hidden=\"true\"><\/b><span class=\"section-title-main\" style=\"color:rgb(255, 255, 255);\">Guida Misure anelli<\/span><b aria-hidden=\"true\"><\/b><\/h4><\/div>\n\n\t<div id=\"text-718380574\" class=\"text\">\n\t\t\n\n<table style=\"font-size: 14.4px;\">\n<thead>\n<tr>\n<th style=\"text-align: center;\"><span style=\"color: #ffffff;\">Misure<\/span><\/th>\n<th style=\"text-align: center;\"><span style=\"color: #ffffff;\">Diametro in mm<\/span><\/th>\n<\/tr>\n<\/thead>\n<tbody>\n<tr>\n<td style=\"text-align: center;\"><span style=\"color: #ffffff;\">6 \/ 46<\/span><\/td>\n<td style=\"text-align: center;\"><span style=\"color: #ffffff;\">14,65<\/span><\/td>\n<\/tr>\n<tr>\n<td style=\"text-align: center;\"><span style=\"color: #ffffff;\">7 \/ 47<\/span><\/td>\n<td style=\"text-align: center;\"><span style=\"color: #ffffff;\">14,97<\/span><\/td>\n<\/tr>\n<tr>\n<td style=\"text-align: center;\"><span style=\"color: #ffffff;\">8 \/ 48<\/span><\/td>\n<td style=\"text-align: center;\"><span style=\"color: #ffffff;\">15,29<\/span><\/td>\n<\/tr>\n<tr>\n<td style=\"text-align: center;\"><span style=\"color: #ffffff;\">9 \/ 49<\/span><\/td>\n<td style=\"text-align: center;\"><span style=\"color: #ffffff;\">15,61<\/span><\/td>\n<\/tr>\n<tr>\n<td style=\"text-align: center;\"><span style=\"color: #ffffff;\">10 \/ 50<\/span><\/td>\n<td style=\"text-align: center;\"><span style=\"color: #ffffff;\">15,92<\/span><\/td>\n<\/tr>\n<tr>\n<td style=\"text-align: center;\"><span style=\"color: #ffffff;\">11 \/ 51<\/span><\/td>\n<td style=\"text-align: center;\"><span style=\"color: #ffffff;\">16,24<\/span><\/td>\n<\/tr>\n<tr>\n<td style=\"text-align: center;\"><span style=\"color: #ffffff;\">12 \/ 52<\/span><\/td>\n<td style=\"text-align: center;\"><span style=\"color: #ffffff;\">16,56<\/span><\/td>\n<\/tr>\n<tr>\n<td style=\"text-align: center;\"><span style=\"color: #ffffff;\">13 \/ 53<\/span><\/td>\n<td style=\"text-align: center;\"><span style=\"color: #ffffff;\">16,88<\/span><\/td>\n<\/tr>\n<tr>\n<td style=\"text-align: center;\"><span style=\"color: #ffffff;\">14 \/ 54<\/span><\/td>\n<td style=\"text-align: center;\"><span style=\"color: #ffffff;\">17,2<\/span><\/td>\n<\/tr>\n<tr>\n<td style=\"text-align: center;\"><span style=\"color: #ffffff;\">15 \/ 55<\/span><\/td>\n<td style=\"text-align: center;\"><span style=\"color: #ffffff;\">17,52<\/span><\/td>\n<\/tr>\n<tr>\n<td style=\"text-align: center;\"><span style=\"color: #ffffff;\">16 \/ 56<\/span><\/td>\n<td style=\"text-align: center;\"><span style=\"color: #ffffff;\">17,83<\/span><\/td>\n<\/tr>\n<tr>\n<td style=\"text-align: center;\"><span style=\"color: #ffffff;\">17 \/ 57<\/span><\/td>\n<td style=\"text-align: center;\"><span style=\"color: #ffffff;\">18,15<\/span><\/td>\n<\/tr>\n<tr>\n<td style=\"text-align: center;\"><span style=\"color: #ffffff;\">18 \/ 58<\/span><\/td>\n<td style=\"text-align: center;\"><span style=\"color: #ffffff;\">18,47<\/span><\/td>\n<\/tr>\n<tr>\n<td style=\"text-align: center;\"><span style=\"color: #ffffff;\">19 \/ 59<\/span><\/td>\n<td style=\"text-align: center;\"><span style=\"color: #ffffff;\">18,79<\/span><\/td>\n<\/tr>\n<tr>\n<td style=\"text-align: center;\"><span style=\"color: #ffffff;\">20 \/ 60<\/span><\/td>\n<td style=\"text-align: center;\"><span style=\"color: #ffffff;\">19,11<\/span><\/td>\n<\/tr>\n<\/tbody>\n<\/table>\n<p>\u00a0<\/p>\n\t\t\n<style>\n#text-718380574 {\n  color: rgb(255, 255, 255);\n}\n#text-718380574 > * {\n  color: rgb(255, 255, 255);\n}\n<\/style>\n\t<\/div>\n\t\n\t<div id=\"text-3340723738\" class=\"text\">\n\t\t\n\n<p style=\"text-align: center;\"><span style=\"font-size: 85%;\">Hai ancora dubbi?<\/span><\/p>\n<p style=\"text-align: center;\"><span style=\"font-size: 85%;\"><a class=\"button alert primary\" href=\"https:\/\/thaisbernardes.com\/fr\/misure-anelli-e-conversione\/\">guida completa<\/a><\/span><\/p>\n\n\t\t\n<style>\n#text-3340723738 {\n  line-height: 0.75;\n  color: rgb(255,255,255);\n}\n#text-3340723738 > * {\n  color: rgb(255,255,255);\n}\n<\/style>\n\t<\/div>\n\t\n\n\t\t<\/div>\n\n\t\t\n<style>\n#section_294227050 {\n  padding-top: 0px;\n  padding-bottom: 0px;\n}\n<\/style>\n\t<\/section>\n\t\n\n\t\t<\/div>\n\t\t\t\t\t<\/div>\n\n\t\n\n\n<style>\n#row-1610790145 > .col > .col-inner {\n  background-color: #16463f;\n}\n<\/style>\n<\/div>\t<\/div>\n\t\n\t<\/p>\n<p>&nbsp;<\/p>\n\t\t\t<\/div>\n\t<\/li>\n<\/ul>\n<p>&nbsp;<\/p>\n<p>&nbsp;<\/p>","protected":false},"featured_media":11797,"template":"","meta":[],"product_brand":[],"product_cat":[59,88,89],"product_tag":[],"class_list":{"0":"post-5638","1":"product","2":"type-product","3":"status-publish","4":"has-post-thumbnail","6":"product_cat-anelli","7":"product_cat-collezioni","8":"product_cat-colors","10":"first","11":"instock","12":"shipping-taxable","13":"purchasable","14":"product-type-variable"},"aioseo_notices":[],"jetpack_sharing_enabled":true,"_links":{"self":[{"href":"https:\/\/thaisbernardes.com\/fr\/wp-json\/wp\/v2\/product\/5638","targetHints":{"allow":["GET"]}}],"collection":[{"href":"https:\/\/thaisbernardes.com\/fr\/wp-json\/wp\/v2\/product"}],"about":[{"href":"https:\/\/thaisbernardes.com\/fr\/wp-json\/wp\/v2\/types\/product"}],"wp:featuredmedia":[{"embeddable":true,"href":"https:\/\/thaisbernardes.com\/fr\/wp-json\/wp\/v2\/media\/11797"}],"wp:attachment":[{"href":"https:\/\/thaisbernardes.com\/fr\/wp-json\/wp\/v2\/media?parent=5638"}],"wp:term":[{"taxonomy":"product_brand","embeddable":true,"href":"https:\/\/thaisbernardes.com\/fr\/wp-json\/wp\/v2\/product_brand?post=5638"},{"taxonomy":"product_cat","embeddable":true,"href":"https:\/\/thaisbernardes.com\/fr\/wp-json\/wp\/v2\/product_cat?post=5638"},{"taxonomy":"product_tag","embeddable":true,"href":"https:\/\/thaisbernardes.com\/fr\/wp-json\/wp\/v2\/product_tag?post=5638"}],"curies":[{"name":"wp","href":"https:\/\/api.w.org\/{rel}","templated":true}]}}