{"id":5734,"date":"2021-11-11T18:42:53","date_gmt":"2021-11-11T17:42:53","guid":{"rendered":"http:\/\/thaisbernardes.com\/?post_type=product&#038;p=5734"},"modified":"2026-02-18T15:41:08","modified_gmt":"2026-02-18T14:41:08","slug":"scapolare-trust-in-the-future","status":"publish","type":"product","link":"https:\/\/thaisbernardes.com\/fr\/product\/scapolare-trust-in-the-future\/","title":{"rendered":"Scapolare &#8220;Trust In The Future&#8221;"},"content":{"rendered":"<p>Scapolare &#8216;Trust in The Future&#8217; fa parte della collezione Amazzonica che si ispira alle trib\u00f9 indigene del polmone verde pi\u00f9 grande del mondo.<\/p>\n<p>\u201cLa cosa affascinante dei popoli indigeni \u00e8 che sono senza tempo. Vivono una vita completamente fuori dagli schemi convenzionali\u201d.<\/p>\n<p>Lo scapolare &#8220;Trust in The Future&#8221; \u00e8 un gioiello pieno di significati, disegnato da Thais per passare un messaggio di forza e di ripresa nell&#8217;anno 2021.<\/p>\n<p>La collana scapolare pu\u00f2 essere indossata da tutti, perch\u00e9 come ci ricorda Thais: &#8221; La collezione Amazzonica \u00e8 genderless, \u00e8 raffinata e sopratutto \u00e8 un messaggio della forza della natura per tutti quelli che non hanno paura di essere se stessi&#8221;.<\/p>\n<p>Scopri <a href=\"https:\/\/thaisbernardes.com\/fr\/il-potere-di-una-piuma\/\">QUI<\/a> il significato delle piume<\/p>\n<p>Leggi <a href=\"https:\/\/www.vogue.it\/moda\/article\/gioielli-giovani-jewelry-designer-brasiliani-collane-orecchini-bracciali\">QUI<\/a> l&#8217;articolo uscito su Vogue Italia<\/p>","protected":false},"excerpt":{"rendered":"<p>Scapolare &#8220;Trust in The Future&#8221;,i gioielli Thais Bernardes sono interamente fatti in Italia.<\/p>\n<ul>\n<li>collana scapolare genderless<\/li>\n<li>placcato oro rosa\u00a0 e argento 925<\/li>\n<li>zirconi neri<\/li>\n<li>Scatola regalo e Garanzia Thais Bernardes<\/li>\n<li>Made in Italy<\/li>\n<\/ul>","protected":false},"featured_media":11811,"template":"","meta":[],"product_brand":[],"product_cat":[53,86,88],"product_tag":[288],"class_list":{"0":"post-5734","1":"product","2":"type-product","3":"status-publish","4":"has-post-thumbnail","6":"product_cat-amazzonica","7":"product_cat-collane","8":"product_cat-collezioni","9":"product_tag-black-friday","11":"first","12":"instock","13":"shipping-taxable","14":"purchasable","15":"product-type-simple"},"aioseo_notices":[],"jetpack_sharing_enabled":true,"_links":{"self":[{"href":"https:\/\/thaisbernardes.com\/fr\/wp-json\/wp\/v2\/product\/5734","targetHints":{"allow":["GET"]}}],"collection":[{"href":"https:\/\/thaisbernardes.com\/fr\/wp-json\/wp\/v2\/product"}],"about":[{"href":"https:\/\/thaisbernardes.com\/fr\/wp-json\/wp\/v2\/types\/product"}],"wp:featuredmedia":[{"embeddable":true,"href":"https:\/\/thaisbernardes.com\/fr\/wp-json\/wp\/v2\/media\/11811"}],"wp:attachment":[{"href":"https:\/\/thaisbernardes.com\/fr\/wp-json\/wp\/v2\/media?parent=5734"}],"wp:term":[{"taxonomy":"product_brand","embeddable":true,"href":"https:\/\/thaisbernardes.com\/fr\/wp-json\/wp\/v2\/product_brand?post=5734"},{"taxonomy":"product_cat","embeddable":true,"href":"https:\/\/thaisbernardes.com\/fr\/wp-json\/wp\/v2\/product_cat?post=5734"},{"taxonomy":"product_tag","embeddable":true,"href":"https:\/\/thaisbernardes.com\/fr\/wp-json\/wp\/v2\/product_tag?post=5734"}],"curies":[{"name":"wp","href":"https:\/\/api.w.org\/{rel}","templated":true}]}}