{"id":5885,"date":"2022-03-09T14:22:33","date_gmt":"2022-03-09T13:22:33","guid":{"rendered":"http:\/\/thaisbernardes.com\/?post_type=product&#038;p=5885"},"modified":"2025-06-29T10:24:33","modified_gmt":"2025-06-29T08:24:33","slug":"orecchini-dream-colors-topazio-azzurro","status":"publish","type":"product","link":"https:\/\/thaisbernardes.com\/fr\/product\/orecchini-dream-colors-topazio-azzurro\/","title":{"rendered":"Orecchini Colors Topazio Azzurro"},"content":{"rendered":"<p>Gli orecchini Colors topazio azzurro in argento placcato oro 18 carati con pietre naturali \u00e8 interamente fatto in Italia dai nostri maestri artigiani.<\/p>\n<p>Il colore azzurro della pietra topazio e la preziosit\u00e0 dell\u2019oro in orecchino delicato e raffinato pensato da Thais per ottenere un look minimalista e colorato.<\/p>\n<p>Gli orecchini Colors Topazio Azzurro \u00e8 un gioiello prezioso e delicato, perfetto da regalare a una donna di buon gusto.<\/p>\n<p>Il Topazio Azzurro \u00e8 associato alla saggezza, alla comunicazione e alla ricerca dei percorsi perfetti per il successo e le opportunit\u00e0. \u00c8 una pietra che allevia la paura\u00a0 le preoccupazioni e ti invita ad abbracciare il tuo io nobile, fidarti del tuo potere e trovare la tua fortuna.<\/p>\n<p class=\"p1\">Dettagli:<\/p>\n<ul class=\"ul1\">\n<li class=\"li3\"><span class=\"s1\">argento 925 placcato oro 18K<\/span><\/li>\n<li>pietra Topazio Azzurro<\/li>\n<li class=\"li3\"><span class=\"s1\">finitura lucida<\/span><\/li>\n<li class=\"li4\">certificato di garanzia Thais Bernardes<\/li>\n<li class=\"li3\"><span class=\"s1\">Made in Italy<\/span><\/li>\n<\/ul>\n<p>Scopri di pi\u00f9 <a href=\"https:\/\/thaisbernardes.com\/fr\/stampa\/\">QUI<\/a> sul marchio Thais Bernardes Gioielli<\/p>\n<p>Leggi L\u2019Intervista fatta alla designer Thais Bernardes su\u00a0<a href=\"https:\/\/www.nouvellefactory.com\/single-post\/intervista-thais-bernardes-gioielli\">Nouvelle Factory<\/a><\/p>","protected":false},"excerpt":{"rendered":"<p>I gioielli Thais Bernardes sono interamente fatti in Italia con materiali preziosi.<\/p>\n<ul class=\"ul1\">\n<li class=\"li3\"><span class=\"s1\">argento 925 placcato oro 18K<\/span><\/li>\n<li>pietra Topazio Azzurro<\/li>\n<li class=\"li3\"><span class=\"s1\">finitura lucida<\/span><\/li>\n<li class=\"li4\">certificato di garanzia Thais Bernardes<\/li>\n<li class=\"li3\"><span class=\"s1\">Made in Italy<\/span><\/li>\n<\/ul>","protected":false},"featured_media":11820,"template":"","meta":[],"product_brand":[],"product_cat":[88,89,103,131],"product_tag":[288],"class_list":{"0":"post-5885","1":"product","2":"type-product","3":"status-publish","4":"has-post-thumbnail","6":"product_cat-collezioni","7":"product_cat-colors","8":"product_cat-gifts","9":"product_cat-orecchini","10":"product_tag-black-friday","12":"first","13":"instock","14":"shipping-taxable","15":"purchasable","16":"product-type-variable"},"aioseo_notices":[],"jetpack_sharing_enabled":true,"_links":{"self":[{"href":"https:\/\/thaisbernardes.com\/fr\/wp-json\/wp\/v2\/product\/5885","targetHints":{"allow":["GET"]}}],"collection":[{"href":"https:\/\/thaisbernardes.com\/fr\/wp-json\/wp\/v2\/product"}],"about":[{"href":"https:\/\/thaisbernardes.com\/fr\/wp-json\/wp\/v2\/types\/product"}],"wp:featuredmedia":[{"embeddable":true,"href":"https:\/\/thaisbernardes.com\/fr\/wp-json\/wp\/v2\/media\/11820"}],"wp:attachment":[{"href":"https:\/\/thaisbernardes.com\/fr\/wp-json\/wp\/v2\/media?parent=5885"}],"wp:term":[{"taxonomy":"product_brand","embeddable":true,"href":"https:\/\/thaisbernardes.com\/fr\/wp-json\/wp\/v2\/product_brand?post=5885"},{"taxonomy":"product_cat","embeddable":true,"href":"https:\/\/thaisbernardes.com\/fr\/wp-json\/wp\/v2\/product_cat?post=5885"},{"taxonomy":"product_tag","embeddable":true,"href":"https:\/\/thaisbernardes.com\/fr\/wp-json\/wp\/v2\/product_tag?post=5885"}],"curies":[{"name":"wp","href":"https:\/\/api.w.org\/{rel}","templated":true}]}}