{"id":5955,"date":"2022-03-09T18:08:08","date_gmt":"2022-03-09T17:08:08","guid":{"rendered":"http:\/\/thaisbernardes.com\/?post_type=product&#038;p=5955"},"modified":"2025-06-26T15:28:34","modified_gmt":"2025-06-26T13:28:34","slug":"collana-frange-amazzonica-oro-rosa","status":"publish","type":"product","link":"https:\/\/thaisbernardes.com\/fr\/product\/collana-frange-amazzonica-oro-rosa\/","title":{"rendered":"Collana Frange Amazzonica Oro Rosa"},"content":{"rendered":"<p>La collana frange Amazzonica oro rosa \u00e8 un gioiello unico con un effetto prezioso e illuminante.<\/p>\n<p>Interamente fatta in Italia con materiali preziosi la collana con frange \u00e8 il pezzo iconico della collezione Amazzonica by Thais Bernardes.<\/p>\n<p>La collana frange Amazzonica oro rosa pu\u00f2 essere indossata da tutti, perch\u00e9 come ci ricorda Thais: \u201d La collezione Amazzonica \u00e8 genderless, \u00e8 raffinata e sopratutto \u00e8 un messaggio della forza della natura e dei popoli indigeni per tutti quelli che non hanno paura di essere se stessi\u201d.<\/p>\n<p>Per ulteriori informazioni scrivici alla mail info@thaisbernardes.com<\/p>\n<p>Leggi\u00a0<a href=\"https:\/\/thaisbernardes.com\/fr\/vogue-italia\/\">QUI l<\/a>\u2018articolo uscito su vogue.<\/p>","protected":false},"excerpt":{"rendered":"<p>Collana Frange Amazzonica \u00e8 interamente fatta a mano in Italia.<\/p>\n<ul>\n<li>collana genderless<\/li>\n<li>argento 925 placcato oro rosa<\/li>\n<li>Chiusura Regolabile da 40 cm a 46 cm<\/li>\n<li>Scatola regalo e Garanzia Thais Bernardes<\/li>\n<\/ul>","protected":false},"featured_media":11826,"template":"","meta":[],"product_brand":[],"product_cat":[53,86,88],"product_tag":[288],"class_list":{"0":"post-5955","1":"product","2":"type-product","3":"status-publish","4":"has-post-thumbnail","6":"product_cat-amazzonica","7":"product_cat-collane","8":"product_cat-collezioni","9":"product_tag-black-friday","11":"first","12":"instock","13":"shipping-taxable","14":"purchasable","15":"product-type-simple"},"aioseo_notices":[],"jetpack_sharing_enabled":true,"_links":{"self":[{"href":"https:\/\/thaisbernardes.com\/fr\/wp-json\/wp\/v2\/product\/5955","targetHints":{"allow":["GET"]}}],"collection":[{"href":"https:\/\/thaisbernardes.com\/fr\/wp-json\/wp\/v2\/product"}],"about":[{"href":"https:\/\/thaisbernardes.com\/fr\/wp-json\/wp\/v2\/types\/product"}],"wp:featuredmedia":[{"embeddable":true,"href":"https:\/\/thaisbernardes.com\/fr\/wp-json\/wp\/v2\/media\/11826"}],"wp:attachment":[{"href":"https:\/\/thaisbernardes.com\/fr\/wp-json\/wp\/v2\/media?parent=5955"}],"wp:term":[{"taxonomy":"product_brand","embeddable":true,"href":"https:\/\/thaisbernardes.com\/fr\/wp-json\/wp\/v2\/product_brand?post=5955"},{"taxonomy":"product_cat","embeddable":true,"href":"https:\/\/thaisbernardes.com\/fr\/wp-json\/wp\/v2\/product_cat?post=5955"},{"taxonomy":"product_tag","embeddable":true,"href":"https:\/\/thaisbernardes.com\/fr\/wp-json\/wp\/v2\/product_tag?post=5955"}],"curies":[{"name":"wp","href":"https:\/\/api.w.org\/{rel}","templated":true}]}}