{"id":5977,"date":"2022-03-09T18:43:35","date_gmt":"2022-03-09T17:43:35","guid":{"rendered":"http:\/\/thaisbernardes.com\/?post_type=product&#038;p=5977"},"modified":"2025-06-26T15:28:43","modified_gmt":"2025-06-26T13:28:43","slug":"orecchini-amazzonica","status":"publish","type":"product","link":"https:\/\/thaisbernardes.com\/fr\/product\/orecchini-amazzonica\/","title":{"rendered":"Orecchini Amazzonica"},"content":{"rendered":"<p>Gli orecchini Amazzonica mescolano l\u2019argento satinato con la preziosit\u00e0 dell\u2019oro rosa e dei diamanti neri, per generare un effetto prezioso e illuminante.<\/p>\n<p>\u201cMi sono ispirata proprio alla necessit\u00e0 di ritrovare la natura, che un po\u2019 tutto il mondo sta vivendo in questo periodo. Ho dato origine ad una nuova collezione genderless dove la costante \u00e8 un amuleto portafortuna, questa volta simboleggiato da una piuma in oro rosa 9KT rifinita con diamanti neri\u201d. dice la nostra designer di gioielli Thais Bernardes.<\/p>\n<p>Gli orecchini Amazzonica possono essere indossati da tutti, perch\u00e9 come ci ricorda Thais: \u201d La collezione Amazzonica \u00e8 genderless, \u00e8 raffinata e sopratutto \u00e8 un messaggio della forza della natura per tutti quelli che non hanno paura di essere se stessi\u201d.<\/p>\n<p>Per ulteriori informazioni scrivici alla mail info@thaisbernardes.com<\/p>","protected":false},"excerpt":{"rendered":"<p>I gioielli Thais Bernardes sono interamente fatti in Italia<\/p>\n<ul>\n<li>orecchini genderless gioielli Thais Bernardes<\/li>\n<li>oro rosa 9K e argento 925<\/li>\n<li>0,16 ct diamanti neri<\/li>\n<li>Scatola regalo e Garanzia Thais Bernardes<\/li>\n<\/ul>","protected":false},"featured_media":11832,"template":"","meta":[],"product_brand":[],"product_cat":[53,88,131],"product_tag":[288],"class_list":{"0":"post-5977","1":"product","2":"type-product","3":"status-publish","4":"has-post-thumbnail","6":"product_cat-amazzonica","7":"product_cat-collezioni","8":"product_cat-orecchini","9":"product_tag-black-friday","11":"first","12":"instock","13":"sale","14":"shipping-taxable","15":"purchasable","16":"product-type-simple"},"aioseo_notices":[],"jetpack_sharing_enabled":true,"_links":{"self":[{"href":"https:\/\/thaisbernardes.com\/fr\/wp-json\/wp\/v2\/product\/5977","targetHints":{"allow":["GET"]}}],"collection":[{"href":"https:\/\/thaisbernardes.com\/fr\/wp-json\/wp\/v2\/product"}],"about":[{"href":"https:\/\/thaisbernardes.com\/fr\/wp-json\/wp\/v2\/types\/product"}],"wp:featuredmedia":[{"embeddable":true,"href":"https:\/\/thaisbernardes.com\/fr\/wp-json\/wp\/v2\/media\/11832"}],"wp:attachment":[{"href":"https:\/\/thaisbernardes.com\/fr\/wp-json\/wp\/v2\/media?parent=5977"}],"wp:term":[{"taxonomy":"product_brand","embeddable":true,"href":"https:\/\/thaisbernardes.com\/fr\/wp-json\/wp\/v2\/product_brand?post=5977"},{"taxonomy":"product_cat","embeddable":true,"href":"https:\/\/thaisbernardes.com\/fr\/wp-json\/wp\/v2\/product_cat?post=5977"},{"taxonomy":"product_tag","embeddable":true,"href":"https:\/\/thaisbernardes.com\/fr\/wp-json\/wp\/v2\/product_tag?post=5977"}],"curies":[{"name":"wp","href":"https:\/\/api.w.org\/{rel}","templated":true}]}}