{"id":5993,"date":"2022-03-09T19:28:41","date_gmt":"2022-03-09T18:28:41","guid":{"rendered":"http:\/\/thaisbernardes.com\/?post_type=product&#038;p=5993"},"modified":"2025-06-29T22:34:16","modified_gmt":"2025-06-29T20:34:16","slug":"collana-amazzonica-small","status":"publish","type":"product","link":"https:\/\/thaisbernardes.com\/fr\/product\/collana-amazzonica-small\/","title":{"rendered":"Collana Amazzonica Small"},"content":{"rendered":"<p>La collana Amazzonica Small \u00e8 un gioiello unico con un effetto prezioso e illuminante.<\/p>\n<p>Interamente fatta in Italia con materiali preziosi la collana Amazzonica \u00e8 disegnata da Thais Bernardes per richiamare l&#8217;attenzione alle culture indigene della Amazzonia.<\/p>\n<p>La collana pu\u00f2 essere indossata da tutti, perch\u00e9 come ci ricorda Thais: \u201d La collezione Amazzonica \u00e8 genderless, \u00e8 raffinata e sopratutto \u00e8 un messaggio della forza della natura e dei popoli indigeni per tutti quelli che non hanno paura di essere se stessi\u201d.<\/p>\n<p>Argento satinato, oro rosa 9K e diamanti neri sono i materiali usati nella collezione Amazzonica di Thais Bernardes Gioielli.<\/p>\n<p>Per ulteriori informazioni scrivici alla mail info@thaisbernardes.com<\/p>\n<p>Leggi <a href=\"https:\/\/thaisbernardes.com\/fr\/vogue-italia\/\">QUI<\/a>\u00a0 articolo uscito su <a href=\"https:\/\/www.vogue.it\/moda\/article\/gioielli-giovani-jewelry-designer-brasiliani-collane-orecchini-bracciali\">VOGUE ITALIA<\/a>.<\/p>\n<p>&nbsp;<\/p>","protected":false},"excerpt":{"rendered":"<p>Collana Amazzonica Small \u00e8 interamente fatta in Italia.<\/p>\n<ul>\n<li>collana genderless<\/li>\n<li>argento 925 satinato<\/li>\n<li>piuma in oro rosa 9K<\/li>\n<li>diamanti neri<\/li>\n<li>Chiusura Regolabile da 45 cm a 50 cm<\/li>\n<li>Scatola regalo e Garanzia Thais Bernardes<\/li>\n<\/ul>","protected":false},"featured_media":11844,"template":"","meta":[],"product_brand":[],"product_cat":[53,86,88],"product_tag":[288],"class_list":{"0":"post-5993","1":"product","2":"type-product","3":"status-publish","4":"has-post-thumbnail","6":"product_cat-amazzonica","7":"product_cat-collane","8":"product_cat-collezioni","9":"product_tag-black-friday","11":"first","12":"instock","13":"shipping-taxable","14":"purchasable","15":"product-type-simple"},"aioseo_notices":[],"jetpack_sharing_enabled":true,"_links":{"self":[{"href":"https:\/\/thaisbernardes.com\/fr\/wp-json\/wp\/v2\/product\/5993","targetHints":{"allow":["GET"]}}],"collection":[{"href":"https:\/\/thaisbernardes.com\/fr\/wp-json\/wp\/v2\/product"}],"about":[{"href":"https:\/\/thaisbernardes.com\/fr\/wp-json\/wp\/v2\/types\/product"}],"wp:featuredmedia":[{"embeddable":true,"href":"https:\/\/thaisbernardes.com\/fr\/wp-json\/wp\/v2\/media\/11844"}],"wp:attachment":[{"href":"https:\/\/thaisbernardes.com\/fr\/wp-json\/wp\/v2\/media?parent=5993"}],"wp:term":[{"taxonomy":"product_brand","embeddable":true,"href":"https:\/\/thaisbernardes.com\/fr\/wp-json\/wp\/v2\/product_brand?post=5993"},{"taxonomy":"product_cat","embeddable":true,"href":"https:\/\/thaisbernardes.com\/fr\/wp-json\/wp\/v2\/product_cat?post=5993"},{"taxonomy":"product_tag","embeddable":true,"href":"https:\/\/thaisbernardes.com\/fr\/wp-json\/wp\/v2\/product_tag?post=5993"}],"curies":[{"name":"wp","href":"https:\/\/api.w.org\/{rel}","templated":true}]}}