{"id":6009,"date":"2022-03-09T19:44:02","date_gmt":"2022-03-09T18:44:02","guid":{"rendered":"http:\/\/thaisbernardes.com\/?post_type=product&#038;p=6009"},"modified":"2025-06-26T15:30:12","modified_gmt":"2025-06-26T13:30:12","slug":"bracciale-amazzonica-piuma-small","status":"publish","type":"product","link":"https:\/\/thaisbernardes.com\/fr\/product\/bracciale-amazzonica-piuma-small\/","title":{"rendered":"Bracciale Amazzonica Piuma Small"},"content":{"rendered":"<p>Il Bracciale Amazzonica Piuma Small mescola l\u2019argento brunito con la preziosit\u00e0 dell\u2019oro rosa e dei diamanti neri, per generare un effetto prezioso e illuminante.<\/p>\n<p>\u201cMi sono ispirata proprio alla necessit\u00e0 di ritrovare la natura, che un po\u2019 tutto il mondo sta vivendo in questo periodo. Ho dato origine ad una nuova collezione genderless dove la costante \u00e8 un amuleto portafortuna, questa volta simboleggiato da una piuma in oro rosa 9KT rifinita con diamanti neri\u201d. dice la nostra designer di gioielli Thais Bernardes.<\/p>\n<p>Il bracciale Amazzonica Piuma pu\u00f2 essere indossato da tutti, perch\u00e9 come ci ricorda Thais: \u201d La collezione Amazzonica \u00e8 genderless, \u00e8 raffinata e sopratutto \u00e8 un messaggio della forza della natura per tutti quelli che non hanno paura di essere se stessi\u201d.<\/p>\n<p>Per ulteriori informazioni scrivici alla mail info@thaisbernardes.com<\/p>","protected":false},"excerpt":{"rendered":"<p>Il bracciale Amazzonica Piuma Small \u00e8 interamente fatto in Italia<\/p>\n<ul>\n<li>Bracciale genderless gioielli Thais Bernardes<\/li>\n<li>oro rosa 9K e argento 925<\/li>\n<li>diamanti neri<\/li>\n<li>Scatola regalo e Garanzia Thais Bernardes<\/li>\n<\/ul>","protected":false},"featured_media":11849,"template":"","meta":[],"product_brand":[],"product_cat":[53,72,88,164],"product_tag":[288],"class_list":{"0":"post-6009","1":"product","2":"type-product","3":"status-publish","4":"has-post-thumbnail","6":"product_cat-amazzonica","7":"product_cat-bracciali","8":"product_cat-collezioni","9":"product_cat-uomo","10":"product_tag-black-friday","12":"first","13":"instock","14":"shipping-taxable","15":"purchasable","16":"product-type-simple"},"aioseo_notices":[],"jetpack_sharing_enabled":true,"_links":{"self":[{"href":"https:\/\/thaisbernardes.com\/fr\/wp-json\/wp\/v2\/product\/6009","targetHints":{"allow":["GET"]}}],"collection":[{"href":"https:\/\/thaisbernardes.com\/fr\/wp-json\/wp\/v2\/product"}],"about":[{"href":"https:\/\/thaisbernardes.com\/fr\/wp-json\/wp\/v2\/types\/product"}],"wp:featuredmedia":[{"embeddable":true,"href":"https:\/\/thaisbernardes.com\/fr\/wp-json\/wp\/v2\/media\/11849"}],"wp:attachment":[{"href":"https:\/\/thaisbernardes.com\/fr\/wp-json\/wp\/v2\/media?parent=6009"}],"wp:term":[{"taxonomy":"product_brand","embeddable":true,"href":"https:\/\/thaisbernardes.com\/fr\/wp-json\/wp\/v2\/product_brand?post=6009"},{"taxonomy":"product_cat","embeddable":true,"href":"https:\/\/thaisbernardes.com\/fr\/wp-json\/wp\/v2\/product_cat?post=6009"},{"taxonomy":"product_tag","embeddable":true,"href":"https:\/\/thaisbernardes.com\/fr\/wp-json\/wp\/v2\/product_tag?post=6009"}],"curies":[{"name":"wp","href":"https:\/\/api.w.org\/{rel}","templated":true}]}}