{"id":6017,"date":"2022-03-09T20:04:01","date_gmt":"2022-03-09T19:04:01","guid":{"rendered":"http:\/\/thaisbernardes.com\/?post_type=product&#038;p=6017"},"modified":"2025-06-29T22:31:45","modified_gmt":"2025-06-29T20:31:45","slug":"collana-ya","status":"publish","type":"product","link":"https:\/\/thaisbernardes.com\/fr\/product\/collana-ya\/","title":{"rendered":"Collana YA"},"content":{"rendered":"<p>La collana YA \u00e8 un gioiello unico con un effetto prezioso e illuminante, le palline sono scorrevoli su una catena creando un effetto unico, tipico dal design di Thais Bernardes.<\/p>\n<p>Interamente fatta in Italia con materiali preziosi, disegnata da Thais Bernardes per richiamare l\u2019attenzione alle culture indigene della Amazzonia.<\/p>\n<p>La collana YA pu\u00f2 essere indossata da tutti, perch\u00e9 come ci ricorda Thais: \u201d La collezione Amazzonica \u00e8 genderless, \u00e8 raffinata e sopratutto \u00e8 un messaggio della forza della natura e dei popoli indigeni per tutti quelli che non hanno paura di essere se stessi\u201d.<\/p>\n<p>Argento satinato, oro rosa 9K e diamanti neri sono i materiali usati nella collezione Amazzonica di Thais Bernardes Gioielli.<\/p>\n<p>Per ulteriori informazioni scrivici alla mail info@thaisbernardes.com<\/p>","protected":false},"excerpt":{"rendered":"<ul>\n<li>collana genderless<\/li>\n<li>argento 925 satinato<\/li>\n<li>piuma in oro rosa 9K<\/li>\n<li>diamanti neri<\/li>\n<li>Chiusura Regolabile<\/li>\n<li>Lunghezza massima 70 cm<\/li>\n<li>Charm Amazzonica staccabile<\/li>\n<li>Scatola regalo e Garanzia Thais Bernardes<\/li>\n<\/ul>","protected":false},"featured_media":11851,"template":"","meta":[],"product_brand":[],"product_cat":[53,86,88,164],"product_tag":[288],"class_list":{"0":"post-6017","1":"product","2":"type-product","3":"status-publish","4":"has-post-thumbnail","6":"product_cat-amazzonica","7":"product_cat-collane","8":"product_cat-collezioni","9":"product_cat-uomo","10":"product_tag-black-friday","12":"first","13":"instock","14":"shipping-taxable","15":"purchasable","16":"product-type-simple"},"aioseo_notices":[],"jetpack_sharing_enabled":true,"_links":{"self":[{"href":"https:\/\/thaisbernardes.com\/fr\/wp-json\/wp\/v2\/product\/6017","targetHints":{"allow":["GET"]}}],"collection":[{"href":"https:\/\/thaisbernardes.com\/fr\/wp-json\/wp\/v2\/product"}],"about":[{"href":"https:\/\/thaisbernardes.com\/fr\/wp-json\/wp\/v2\/types\/product"}],"wp:featuredmedia":[{"embeddable":true,"href":"https:\/\/thaisbernardes.com\/fr\/wp-json\/wp\/v2\/media\/11851"}],"wp:attachment":[{"href":"https:\/\/thaisbernardes.com\/fr\/wp-json\/wp\/v2\/media?parent=6017"}],"wp:term":[{"taxonomy":"product_brand","embeddable":true,"href":"https:\/\/thaisbernardes.com\/fr\/wp-json\/wp\/v2\/product_brand?post=6017"},{"taxonomy":"product_cat","embeddable":true,"href":"https:\/\/thaisbernardes.com\/fr\/wp-json\/wp\/v2\/product_cat?post=6017"},{"taxonomy":"product_tag","embeddable":true,"href":"https:\/\/thaisbernardes.com\/fr\/wp-json\/wp\/v2\/product_tag?post=6017"}],"curies":[{"name":"wp","href":"https:\/\/api.w.org\/{rel}","templated":true}]}}