{"id":6148,"date":"2022-04-27T21:46:21","date_gmt":"2022-04-27T19:46:21","guid":{"rendered":"http:\/\/thaisbernardes.com\/?post_type=product&#038;p=6148"},"modified":"2025-06-26T15:30:51","modified_gmt":"2025-06-26T13:30:51","slug":"ciondolo-charm-quarzo-rosa","status":"publish","type":"product","link":"https:\/\/thaisbernardes.com\/fr\/product\/ciondolo-charm-quarzo-rosa\/","title":{"rendered":"Ciondolo Charm Quarzo Rosa"},"content":{"rendered":"<p>CIONDOLO CHARM Quarzo Rosa<\/p>\n<p>Questo ciondolo in argento 925 con pietra quarzo rosa \u00e8 rimovibili per essere utilizzato con qualsiasi collana. Molto chic anche se utilizzato nel retro di una collana.<\/p>\n<p>Il ciondolo charm quarzo rosa fa parte della collezione Colors di Thais Bernardes Gioielli, gioielli dal design unico e 100% made in Italy.<\/p>\n<p>Le nostre stylist suggeriscono la <a href=\"https:\/\/thaisbernardes.com\/fr\/product-2\/collana-nude\/\">collana NUDE<\/a> per abbinare al ciondolo charm quarzo rosa e ottenere un look molto raffinato.<\/p>\n<p><span class=\"Y2IQFc\" lang=\"it\">In termini di tradizione, il quarzo rosa \u00e8 la gemma dell&#8217;amore. Si crede che promuova l&#8217;amore romantico, la fertilit\u00e0, la sessualit\u00e0 e l&#8217;energia.<br \/>\nSi dice che indossarlo allevi la rabbia, la tensione, il senso di colpa e la paura, facendo sembrare chi lo indossa pi\u00f9 giovane.<br \/>\nDissolve la negativit\u00e0, promuove calma e rassicurazione, e accelera la guarigione generale. Oltre ad essere una pietra portafortuna di gennaio, il quarzo rosa \u00e8 anche la pietra preziosa del quinto anniversario di matrimonio.<\/span><\/p>\n<p>Gioielli da design unico fatti interamente in Italia dai nostri maestri artigiani.<\/p>","protected":false},"excerpt":{"rendered":"<p>Questo ciondolo in argento 925 con quarzo rosa \u00e8 rimovibili per essere utilizzato con qualsiasi collana. Molto chic anche se utilizzato nel retro di una collana.<\/p>\n<ul>\n<li>Argento 925 o argento placcato oro<\/li>\n<li>finitura lucida<\/li>\n<li>Rimovibile con moschettone<\/li>\n<li>pietra naturale quarzo rosa 6 x 9 mm<\/li>\n<li>Scatola regalo e garanzia Thais Bernardes<\/li>\n<\/ul>","protected":false},"featured_media":11862,"template":"","meta":[],"product_brand":[],"product_cat":[245,77,88,89,103],"product_tag":[288],"class_list":{"0":"post-6148","1":"product","2":"type-product","3":"status-publish","4":"has-post-thumbnail","6":"product_cat-categorie","7":"product_cat-charms","8":"product_cat-collezioni","9":"product_cat-colors","10":"product_cat-gifts","11":"product_tag-black-friday","13":"first","14":"instock","15":"shipping-taxable","16":"purchasable","17":"product-type-simple"},"aioseo_notices":[],"jetpack_sharing_enabled":true,"_links":{"self":[{"href":"https:\/\/thaisbernardes.com\/fr\/wp-json\/wp\/v2\/product\/6148","targetHints":{"allow":["GET"]}}],"collection":[{"href":"https:\/\/thaisbernardes.com\/fr\/wp-json\/wp\/v2\/product"}],"about":[{"href":"https:\/\/thaisbernardes.com\/fr\/wp-json\/wp\/v2\/types\/product"}],"wp:featuredmedia":[{"embeddable":true,"href":"https:\/\/thaisbernardes.com\/fr\/wp-json\/wp\/v2\/media\/11862"}],"wp:attachment":[{"href":"https:\/\/thaisbernardes.com\/fr\/wp-json\/wp\/v2\/media?parent=6148"}],"wp:term":[{"taxonomy":"product_brand","embeddable":true,"href":"https:\/\/thaisbernardes.com\/fr\/wp-json\/wp\/v2\/product_brand?post=6148"},{"taxonomy":"product_cat","embeddable":true,"href":"https:\/\/thaisbernardes.com\/fr\/wp-json\/wp\/v2\/product_cat?post=6148"},{"taxonomy":"product_tag","embeddable":true,"href":"https:\/\/thaisbernardes.com\/fr\/wp-json\/wp\/v2\/product_tag?post=6148"}],"curies":[{"name":"wp","href":"https:\/\/api.w.org\/{rel}","templated":true}]}}