{"id":6155,"date":"2022-04-27T21:56:41","date_gmt":"2022-04-27T19:56:41","guid":{"rendered":"http:\/\/thaisbernardes.com\/?post_type=product&#038;p=6155"},"modified":"2025-06-26T15:30:57","modified_gmt":"2025-06-26T13:30:57","slug":"ciondolo-charm-ametista","status":"publish","type":"product","link":"https:\/\/thaisbernardes.com\/fr\/product\/ciondolo-charm-ametista\/","title":{"rendered":"Ciondolo Charm Ametista"},"content":{"rendered":"<p>CIONDOLO CHARM Ametista<\/p>\n<p>Questo ciondolo in argento 925 con pietra Ametista \u00e8 rimovibili per essere utilizzato con qualsiasi collana. Molto chic anche se utilizzato nel retro di una collana.<\/p>\n<p>Il ciondolo charm Ametista fa parte della collezione Colors di Thais Bernardes Gioielli, gioielli dal design unico e 100% made in Italy.<\/p>\n<p>Le nostre stylist suggeriscono la <a href=\"https:\/\/thaisbernardes.com\/fr\/product-2\/collana-nude\/\">collana NUDE<\/a> per abbinare al ciondolo charm quarzo rosa e ottenere un look molto raffinato.<\/p>\n<p><span class=\"Y2IQFc\" lang=\"it\">Se sei nato a febbraio, la tua pietra portafortuna \u00e8 l&#8217;ametista, la variet\u00e0 viola di quarzo che ha affascinato l&#8217;umanit\u00e0 per millenni. <\/span><span class=\"Y2IQFc\" lang=\"it\">Le sue sfumature dal lilla al viola intenso possono essere tagliate in molte forme e dimensioni e pu\u00f2 essere prodotta in laboratorio o estratta naturalmente. L&#8217;ametista, la pietra portafortuna di febbraio, si trova nelle collezioni delle famiglie reali in tutta Europa e in Asia. Ora \u00e8 alla portata di mano della maggior parte dei consumatori. Prendi in considerazione l&#8217;acquisto di una splendida ametista per il re o la regina del tuo cuore o concediti un regalo reale. Se il tuo compleanno \u00e8 a febbraio, indossare un&#8217;ametista pu\u00f2 anche essere un simbolo di potenziamento personale e forza interiore.<\/span><\/p>\n<p>Gioielli da design unico fatti interamente in Italia dai nostri maestri artigiani.<\/p>","protected":false},"excerpt":{"rendered":"<p>Questo ciondolo in argento 925 con Ametista \u00e8 rimovibili per essere utilizzato con qualsiasi collana. Molto chic anche se utilizzato nel retro di una collana.<\/p>\n<ul>\n<li>Argento 925 placcato oro<\/li>\n<li>finitura lucida<\/li>\n<li>Rimovibile con moschettone<\/li>\n<li>pietra naturale Ametista 6 x 9 mm<\/li>\n<li>Scatola regalo e garanzia Thais Bernardes<\/li>\n<\/ul>","protected":false},"featured_media":11865,"template":"","meta":[],"product_brand":[],"product_cat":[77,88,89,103],"product_tag":[288],"class_list":{"0":"post-6155","1":"product","2":"type-product","3":"status-publish","4":"has-post-thumbnail","6":"product_cat-charms","7":"product_cat-collezioni","8":"product_cat-colors","9":"product_cat-gifts","10":"product_tag-black-friday","12":"first","13":"instock","14":"shipping-taxable","15":"purchasable","16":"product-type-simple"},"aioseo_notices":[],"jetpack_sharing_enabled":true,"_links":{"self":[{"href":"https:\/\/thaisbernardes.com\/fr\/wp-json\/wp\/v2\/product\/6155","targetHints":{"allow":["GET"]}}],"collection":[{"href":"https:\/\/thaisbernardes.com\/fr\/wp-json\/wp\/v2\/product"}],"about":[{"href":"https:\/\/thaisbernardes.com\/fr\/wp-json\/wp\/v2\/types\/product"}],"wp:featuredmedia":[{"embeddable":true,"href":"https:\/\/thaisbernardes.com\/fr\/wp-json\/wp\/v2\/media\/11865"}],"wp:attachment":[{"href":"https:\/\/thaisbernardes.com\/fr\/wp-json\/wp\/v2\/media?parent=6155"}],"wp:term":[{"taxonomy":"product_brand","embeddable":true,"href":"https:\/\/thaisbernardes.com\/fr\/wp-json\/wp\/v2\/product_brand?post=6155"},{"taxonomy":"product_cat","embeddable":true,"href":"https:\/\/thaisbernardes.com\/fr\/wp-json\/wp\/v2\/product_cat?post=6155"},{"taxonomy":"product_tag","embeddable":true,"href":"https:\/\/thaisbernardes.com\/fr\/wp-json\/wp\/v2\/product_tag?post=6155"}],"curies":[{"name":"wp","href":"https:\/\/api.w.org\/{rel}","templated":true}]}}