{"id":6162,"date":"2022-04-27T22:08:52","date_gmt":"2022-04-27T20:08:52","guid":{"rendered":"http:\/\/thaisbernardes.com\/?post_type=product&#038;p=6162"},"modified":"2025-06-26T15:31:03","modified_gmt":"2025-06-26T13:31:03","slug":"ciondolo-charm-topazio-azzurro","status":"publish","type":"product","link":"https:\/\/thaisbernardes.com\/fr\/product\/ciondolo-charm-topazio-azzurro\/","title":{"rendered":"Ciondolo Charm Topazio Azzurro"},"content":{"rendered":"<p>CIONDOLO CHARM Topazio Azzurro<\/p>\n<p>Questo ciondolo in argento 925 con pietra Topazio Azzurro \u00e8 rimovibili per essere utilizzato con qualsiasi collana. Molto chic anche se utilizzato nel retro di una collana.<\/p>\n<p>Il ciondolo charm topazio azzurro fa parte della collezione Colors di Thais Bernardes Gioielli, gioielli dal design unico e 100% made in Italy.<\/p>\n<p>Le nostre stylist suggeriscono la <a href=\"https:\/\/thaisbernardes.com\/fr\/product-2\/collana-nude\/\">collana NUDE<\/a> per abbinare al ciondolo charm quarzo rosa e ottenere un look molto raffinato.<\/p>\n<p><span class=\"Y2IQFc\" lang=\"it\">Molte persone credono che il topazio abbia preso il nome dall&#8217;isola di Topazios, una piccola isola nel Mar Rosso che presumibilmente produceva topazio. Tuttavia, con il passare del tempo, la geologia ha rivelato che queste non erano le gemme che pensavano di essere. Indipendentemente da ci\u00f2, il nome \u00e8 rimasto. Ora sono considerate una delle tante pietre portafortuna di dicembre, insieme a tanzanite, turchese e zircone blu. Alcuni dei significati spirituali pi\u00f9 importanti per il topazio sono l&#8217;onest\u00e0, l&#8217;abbondanza e il perdono. Il topazio \u00e8 anche una pietra preziosa associata a buona fortuna, buona salute e amore. Con un elenco di significati positivi come quello, non ti chiedi perch\u00e9 tutti non hanno il proprio topazio? Alcune delle affermazioni storiche pi\u00f9 selvagge sono che il topazio pu\u00f2 rompere gli incantesimi e curare la follia. Ora, quelli sono probabilmente solo miti, ma aggiungono davvero profondit\u00e0 e mistero a questa pietra portafortuna di dicembre.<\/span><\/p>\n<p>Gioielli da design unico 100% made in Italy<\/p>\n<p>&nbsp;<\/p>","protected":false},"excerpt":{"rendered":"<p>Questo ciondolo in argento 925 con topazio azzurro \u00e8 rimovibili per essere utilizzato con qualsiasi collana. Molto chic anche se utilizzato nel retro di una collana.<\/p>\n<ul>\n<li>Argento 925 placcato oro<\/li>\n<li>finitura lucida<\/li>\n<li>Rimovibile con moschettone<\/li>\n<li>pietra topazio azzurro 6 x 9 mm<\/li>\n<li>Scatola regalo e garanzia Thais Bernardes<\/li>\n<\/ul>","protected":false},"featured_media":11868,"template":"","meta":[],"product_brand":[],"product_cat":[77,88,89,103],"product_tag":[288],"class_list":{"0":"post-6162","1":"product","2":"type-product","3":"status-publish","4":"has-post-thumbnail","6":"product_cat-charms","7":"product_cat-collezioni","8":"product_cat-colors","9":"product_cat-gifts","10":"product_tag-black-friday","12":"first","13":"instock","14":"shipping-taxable","15":"purchasable","16":"product-type-simple"},"aioseo_notices":[],"jetpack_sharing_enabled":true,"_links":{"self":[{"href":"https:\/\/thaisbernardes.com\/fr\/wp-json\/wp\/v2\/product\/6162","targetHints":{"allow":["GET"]}}],"collection":[{"href":"https:\/\/thaisbernardes.com\/fr\/wp-json\/wp\/v2\/product"}],"about":[{"href":"https:\/\/thaisbernardes.com\/fr\/wp-json\/wp\/v2\/types\/product"}],"wp:featuredmedia":[{"embeddable":true,"href":"https:\/\/thaisbernardes.com\/fr\/wp-json\/wp\/v2\/media\/11868"}],"wp:attachment":[{"href":"https:\/\/thaisbernardes.com\/fr\/wp-json\/wp\/v2\/media?parent=6162"}],"wp:term":[{"taxonomy":"product_brand","embeddable":true,"href":"https:\/\/thaisbernardes.com\/fr\/wp-json\/wp\/v2\/product_brand?post=6162"},{"taxonomy":"product_cat","embeddable":true,"href":"https:\/\/thaisbernardes.com\/fr\/wp-json\/wp\/v2\/product_cat?post=6162"},{"taxonomy":"product_tag","embeddable":true,"href":"https:\/\/thaisbernardes.com\/fr\/wp-json\/wp\/v2\/product_tag?post=6162"}],"curies":[{"name":"wp","href":"https:\/\/api.w.org\/{rel}","templated":true}]}}