{"id":6207,"date":"2022-05-23T21:01:50","date_gmt":"2022-05-23T19:01:50","guid":{"rendered":"http:\/\/thaisbernardes.com\/?post_type=product&#038;p=6207"},"modified":"2025-06-26T15:31:16","modified_gmt":"2025-06-26T13:31:16","slug":"orecchini-colors-lungo-gioielli-thais-bernardes","status":"publish","type":"product","link":"https:\/\/thaisbernardes.com\/fr\/product\/orecchini-colors-lungo-gioielli-thais-bernardes\/","title":{"rendered":"Orecchini Dream Colors Ametiste"},"content":{"rendered":"<p>Gli orecchini Dream Colors con pietre ametista in argento placcato oro 18 carati sono interamente fatti in Italia dai nostri maestri artigiani.<\/p>\n<p>Il colore delle pietre e la preziosit\u00e0 dell\u2019oro in un orecchino delicato pensato da Thais per ottenere un look\u00a0 raffinato e colorato.<\/p>\n<p>Gli orecchini dream Colors\u00a0 con pietre ametista sono perfetti da regalare a una donna di buon gusto.<\/p>\n<p>La pietra ametista dal colore viola intenso ha anche un significato, s<strong>i <\/strong>pensa che l\u2019ametista oggi fornisca a chi la indossa le qualit\u00e0 di stabilit\u00e0, pace, coraggio, concentrazione, regalit\u00e0, romanticismo e affetto. Leggi <a href=\"https:\/\/thaisbernardes.com\/fr\/10-cose-da-sapere-sulla-pietra-del-mese-di-febbraio-lametista\/\">QUI<\/a> il significato dell&#8217;ametista completo.<\/p>\n<p>I gioielli Thais Bernardes sono interamente fatti in Italia dai nostri maestri artigiani, fatti con materiali preziosi e pietre colorate naturali.<\/p>\n<p class=\"p1\">Dettagli:<\/p>\n<ul class=\"ul1\">\n<li class=\"li3\"><span class=\"s1\">argento 925 placcato oro 18K<\/span><\/li>\n<li>pietre ametista<\/li>\n<li class=\"li3\"><span class=\"s1\">finitura lucida<\/span><\/li>\n<li class=\"li4\">certificato di garanzia Thais Bernardes<\/li>\n<li class=\"li3\"><span class=\"s1\">Made in Italy<\/span><\/li>\n<\/ul>\n<p>Scopri di pi\u00f9\u00a0<a href=\"https:\/\/thaisbernardes.com\/fr\/stampa\/\">QUI<\/a>\u00a0sul marchio Thais Bernardes Gioielli<\/p>\n<p>Leggi L\u2019Intervista fatta alla designer Thais Bernardes su\u00a0<a href=\"https:\/\/www.nouvellefactory.com\/single-post\/intervista-thais-bernardes-gioielli\">Nouvelle Factory<\/a><\/p>","protected":false},"excerpt":{"rendered":"<p>I gioielli Thais Bernardes sono interamente fatti in Italia con materiali preziosi.<\/p>\n<ul class=\"ul1\">\n<li class=\"li3\"><span class=\"s1\">argento 925 placcato oro 18K<\/span><\/li>\n<li>pietre ametiste<\/li>\n<li class=\"li3\"><span class=\"s1\">finitura lucida<\/span><\/li>\n<li class=\"li4\">certificato di garanzia Thais Bernardes<\/li>\n<li class=\"li3\"><span class=\"s1\">Made in Italy<\/span><\/li>\n<\/ul>","protected":false},"featured_media":11874,"template":"","meta":[],"product_brand":[],"product_cat":[245,88,89,131],"product_tag":[],"class_list":{"0":"post-6207","1":"product","2":"type-product","3":"status-publish","4":"has-post-thumbnail","6":"product_cat-categorie","7":"product_cat-collezioni","8":"product_cat-colors","9":"product_cat-orecchini","11":"first","12":"outofstock","13":"shipping-taxable","14":"purchasable","15":"product-type-simple"},"aioseo_notices":[],"jetpack_sharing_enabled":true,"_links":{"self":[{"href":"https:\/\/thaisbernardes.com\/fr\/wp-json\/wp\/v2\/product\/6207","targetHints":{"allow":["GET"]}}],"collection":[{"href":"https:\/\/thaisbernardes.com\/fr\/wp-json\/wp\/v2\/product"}],"about":[{"href":"https:\/\/thaisbernardes.com\/fr\/wp-json\/wp\/v2\/types\/product"}],"wp:featuredmedia":[{"embeddable":true,"href":"https:\/\/thaisbernardes.com\/fr\/wp-json\/wp\/v2\/media\/11874"}],"wp:attachment":[{"href":"https:\/\/thaisbernardes.com\/fr\/wp-json\/wp\/v2\/media?parent=6207"}],"wp:term":[{"taxonomy":"product_brand","embeddable":true,"href":"https:\/\/thaisbernardes.com\/fr\/wp-json\/wp\/v2\/product_brand?post=6207"},{"taxonomy":"product_cat","embeddable":true,"href":"https:\/\/thaisbernardes.com\/fr\/wp-json\/wp\/v2\/product_cat?post=6207"},{"taxonomy":"product_tag","embeddable":true,"href":"https:\/\/thaisbernardes.com\/fr\/wp-json\/wp\/v2\/product_tag?post=6207"}],"curies":[{"name":"wp","href":"https:\/\/api.w.org\/{rel}","templated":true}]}}