{"id":6710,"date":"2022-11-01T16:03:16","date_gmt":"2022-11-01T15:03:16","guid":{"rendered":"http:\/\/thaisbernardes.com\/?post_type=product&#038;p=6710"},"modified":"2026-05-09T23:02:10","modified_gmt":"2026-05-09T21:02:10","slug":"mono-orecchino-chic-colors-ametista","status":"publish","type":"product","link":"https:\/\/thaisbernardes.com\/fr\/product\/mono-orecchino-chic-colors-ametista\/","title":{"rendered":"Orecchini Chic Colors Ametista"},"content":{"rendered":"<p>Orecchini Chic Colors con pietra ametista in argento placcato oro 18 carati, interamente fatti in Italia dai nostri maestri artigiani.<\/p>\n<p>Il colore delle pietre e la leggerezza delle catene veneziane, tipiche del design di Thais Bernardes in un paio di orecchini unici dallo stile raffinato e colorato.<\/p>\n<p>Gli Orecchini Chic Colors con pietre ametista sono perfetti da regalare a una donna di buon gusto.<\/p>\n<p>La pietra ametista dal colore viola intenso ha anche un significato, s<strong>i\u00a0<\/strong>pensa che l\u2019ametista oggi fornisca a chi la indossa le qualit\u00e0 di stabilit\u00e0, pace, coraggio, concentrazione, regalit\u00e0, romanticismo e affetto.Leggi\u00a0<a href=\"https:\/\/thaisbernardes.com\/fr\/10-cose-da-sapere-sulla-pietra-del-mese-di-febbraio-lametista\/\">QUI<\/a>\u00a0il significato completo.<\/p>\n<p>I gioielli Thais Bernardes sono interamente fatti in Italia con materiali preziosi e pietre colorate naturali.<\/p>\n<p class=\"p1\">Dettagli:<\/p>\n<ul class=\"ul1\">\n<li class=\"li3\"><span class=\"s1\">argento 925 placcato oro 18K<\/span><\/li>\n<li>pietra ametista<\/li>\n<li class=\"li3\"><span class=\"s1\">finitura lucida<\/span><\/li>\n<li>lunghezza 12 cm<\/li>\n<li class=\"li4\">certificato di garanzia Thais Bernardes<\/li>\n<li class=\"li3\"><span class=\"s1\">Made in Italy<\/span><\/li>\n<\/ul>","protected":false},"excerpt":{"rendered":"<ul class=\"ul1\">\n<li class=\"li3\"><span class=\"s1\">argento 925 placcato oro 18K<\/span><\/li>\n<li>pietra ametista<\/li>\n<li class=\"li3\"><span class=\"s1\">finitura lucida<\/span><\/li>\n<li>lunghezza 12 cm<\/li>\n<li class=\"li4\">certificato di garanzia Thais Bernardes<\/li>\n<li class=\"li3\"><span class=\"s1\">Made in Italy<\/span><\/li>\n<\/ul>","protected":false},"featured_media":11897,"template":"","meta":[],"product_brand":[],"product_cat":[245,88,89,131],"product_tag":[288],"class_list":{"0":"post-6710","1":"product","2":"type-product","3":"status-publish","4":"has-post-thumbnail","6":"product_cat-categorie","7":"product_cat-collezioni","8":"product_cat-colors","9":"product_cat-orecchini","10":"product_tag-black-friday","12":"first","13":"instock","14":"shipping-taxable","15":"purchasable","16":"product-type-simple"},"aioseo_notices":[],"jetpack_sharing_enabled":true,"_links":{"self":[{"href":"https:\/\/thaisbernardes.com\/fr\/wp-json\/wp\/v2\/product\/6710","targetHints":{"allow":["GET"]}}],"collection":[{"href":"https:\/\/thaisbernardes.com\/fr\/wp-json\/wp\/v2\/product"}],"about":[{"href":"https:\/\/thaisbernardes.com\/fr\/wp-json\/wp\/v2\/types\/product"}],"wp:featuredmedia":[{"embeddable":true,"href":"https:\/\/thaisbernardes.com\/fr\/wp-json\/wp\/v2\/media\/11897"}],"wp:attachment":[{"href":"https:\/\/thaisbernardes.com\/fr\/wp-json\/wp\/v2\/media?parent=6710"}],"wp:term":[{"taxonomy":"product_brand","embeddable":true,"href":"https:\/\/thaisbernardes.com\/fr\/wp-json\/wp\/v2\/product_brand?post=6710"},{"taxonomy":"product_cat","embeddable":true,"href":"https:\/\/thaisbernardes.com\/fr\/wp-json\/wp\/v2\/product_cat?post=6710"},{"taxonomy":"product_tag","embeddable":true,"href":"https:\/\/thaisbernardes.com\/fr\/wp-json\/wp\/v2\/product_tag?post=6710"}],"curies":[{"name":"wp","href":"https:\/\/api.w.org\/{rel}","templated":true}]}}