{"id":7639,"date":"2022-12-22T10:05:11","date_gmt":"2022-12-22T09:05:11","guid":{"rendered":"http:\/\/thaisbernardes.com\/?post_type=product&#038;p=7639"},"modified":"2026-03-13T16:36:01","modified_gmt":"2026-03-13T15:36:01","slug":"mono-orecchino-lungo-ametiste","status":"publish","type":"product","link":"https:\/\/thaisbernardes.com\/fr\/product\/mono-orecchino-lungo-ametiste\/","title":{"rendered":"Mono Orecchino Lungo Ametiste"},"content":{"rendered":"<p>Mono Orecchino Lungo Ametiste della collezione colors, dove le protagoniste sono le pietre naturali colorate.<\/p>\n<p>Il colore delle pietre e la leggerezza, tipiche del design di Thais Bernardes in un orecchino unico dallo stile raffinato e colorato.<\/p>\n<p>Mono Orecchino Lungo Ametiste\u00e8 perfetto da regalare a una donna di buon gusto.<\/p>\n<p>La pietra ametista dal colore viola intenso ha anche un significato, s<strong>i\u00a0<\/strong>pensa che l\u2019ametista oggi fornisca a chi la indossa le qualit\u00e0 di stabilit\u00e0, pace, coraggio, concentrazione, regalit\u00e0, romanticismo e affetto.<\/p>\n<p>Leggi <a href=\"https:\/\/thaisbernardes.com\/fr\/10-cose-da-sapere-sulla-pietra-del-mese-di-febbraio-lametista\/\">QUI<\/a> il significato completo.<\/p>\n<p>I gioielli Thais Bernardes sono interamente fatti in Italia con materiali preziosi e pietre colorate naturali.<\/p>\n<p>Scrivici a info@thaisbernardes.com per ogni richiesta o dubbio.<\/p>\n<p class=\"p1\">Dettagli:<\/p>\n<ul class=\"ul1\">\n<li class=\"li3\"><span class=\"s1\">argento 925 placcato oro 18K<\/span><\/li>\n<li>pietra ametista<\/li>\n<li class=\"li3\"><span class=\"s1\">finitura lucida<\/span><\/li>\n<li>lunghezza 10 cm<\/li>\n<li class=\"li4\">certificato di garanzia Thais Bernardes<\/li>\n<li class=\"li3\"><span class=\"s1\">Made in Italy<\/span><\/li>\n<\/ul>","protected":false},"excerpt":{"rendered":"<p>I gioielli Thais Bernardes sono interamente fatti in Italia con materiali preziosi e pietre colorate naturali.<\/p>\n<p class=\"p1\">Dettagli:<\/p>\n<ul class=\"ul1\">\n<li class=\"li3\"><span class=\"s1\">argento 925 placcato oro 18K<\/span><\/li>\n<li>pietra ametista<\/li>\n<li class=\"li3\"><span class=\"s1\">finitura lucida<\/span><\/li>\n<li>lunghezza 10 cm<\/li>\n<li class=\"li4\">certificato di garanzia Thais Bernardes<\/li>\n<li class=\"li3\"><span class=\"s1\">Made in Italy<\/span><\/li>\n<\/ul>","protected":false},"featured_media":11899,"template":"","meta":[],"product_brand":[],"product_cat":[88,89,131],"product_tag":[288],"class_list":{"0":"post-7639","1":"product","2":"type-product","3":"status-publish","4":"has-post-thumbnail","6":"product_cat-collezioni","7":"product_cat-colors","8":"product_cat-orecchini","9":"product_tag-black-friday","11":"first","12":"instock","13":"shipping-taxable","14":"purchasable","15":"product-type-simple"},"aioseo_notices":[],"jetpack_sharing_enabled":true,"_links":{"self":[{"href":"https:\/\/thaisbernardes.com\/fr\/wp-json\/wp\/v2\/product\/7639","targetHints":{"allow":["GET"]}}],"collection":[{"href":"https:\/\/thaisbernardes.com\/fr\/wp-json\/wp\/v2\/product"}],"about":[{"href":"https:\/\/thaisbernardes.com\/fr\/wp-json\/wp\/v2\/types\/product"}],"wp:featuredmedia":[{"embeddable":true,"href":"https:\/\/thaisbernardes.com\/fr\/wp-json\/wp\/v2\/media\/11899"}],"wp:attachment":[{"href":"https:\/\/thaisbernardes.com\/fr\/wp-json\/wp\/v2\/media?parent=7639"}],"wp:term":[{"taxonomy":"product_brand","embeddable":true,"href":"https:\/\/thaisbernardes.com\/fr\/wp-json\/wp\/v2\/product_brand?post=7639"},{"taxonomy":"product_cat","embeddable":true,"href":"https:\/\/thaisbernardes.com\/fr\/wp-json\/wp\/v2\/product_cat?post=7639"},{"taxonomy":"product_tag","embeddable":true,"href":"https:\/\/thaisbernardes.com\/fr\/wp-json\/wp\/v2\/product_tag?post=7639"}],"curies":[{"name":"wp","href":"https:\/\/api.w.org\/{rel}","templated":true}]}}