{"id":8214,"date":"2023-01-26T21:33:14","date_gmt":"2023-01-26T20:33:14","guid":{"rendered":"http:\/\/thaisbernardes.com\/?post_type=product&#038;p=8214"},"modified":"2025-06-26T15:32:27","modified_gmt":"2025-06-26T13:32:27","slug":"collana-dream-colors-ametista","status":"publish","type":"product","link":"https:\/\/thaisbernardes.com\/fr\/product\/collana-dream-colors-ametista\/","title":{"rendered":"Collana Dream Colors Ametista"},"content":{"rendered":"<p>La collana dream colors ametista \u00e8 simbolo assoluto di eleganza e raffinatezza.<\/p>\n<p>Con 7 ametiste naturali, questa collana \u00e8 piena di significati e il colore unico e brillante delle pietre fa si che la persona che la indossa sia raggiante,<\/p>\n<p id=\"tw-target-text\" class=\"tw-data-text tw-text-large tw-ta\" dir=\"ltr\" data-placeholder=\"Traduzione\"><span class=\"Y2IQFc\" lang=\"it\">L&#8217;ametista \u00e8 uno dei cristalli pi\u00f9 famosi e importanti per la sua bella colorazione e il significato spirituale. Il significato spirituale dell&#8217;Ametista \u00e8 radicamento, tranquillit\u00e0 e calma. Il significato letterale di Ametista \u00e8 &#8220;non intossicato&#8221; &#8211;<br \/>\n<\/span><\/p>\n<p dir=\"ltr\" data-placeholder=\"Traduzione\">La collana dream colors ametista \u00e8 stata disegnata da Thais per accendere la femminilit\u00e0 e la bellezza di ogni donna.<\/p>\n<p dir=\"ltr\" data-placeholder=\"Traduzione\">Approfondisci il significato della pietra ametista <a href=\"https:\/\/thaisbernardes.com\/fr\/10-cose-da-sapere-sulla-pietra-del-mese-di-febbraio-lametista\/\">QUI<\/a>\u00a0 sul blog di Thais.<\/p>\n<p>Leggi\u00a0<a href=\"https:\/\/www.vogue.it\/moda\/article\/gioielli-giovani-jewelry-designer-brasiliani-collane-orecchini-bracciali\">QUI<\/a>\u00a0articolo uscito su Vogue Italia<\/p>","protected":false},"excerpt":{"rendered":"<p>Collana Dream Colors Ametista<\/p>\n<ul>\n<li>argento 925 PLACCATO ORO 18K<\/li>\n<li>\u00a07 AMETISTE NATURALI<\/li>\n<li>scatola gioielli THAIS BERNARDES<\/li>\n<li>Garanzia Made in Italy<\/li>\n<\/ul>","protected":false},"featured_media":11901,"template":"","meta":[],"product_brand":[],"product_cat":[86,88,89],"product_tag":[288],"class_list":{"0":"post-8214","1":"product","2":"type-product","3":"status-publish","4":"has-post-thumbnail","6":"product_cat-collane","7":"product_cat-collezioni","8":"product_cat-colors","9":"product_tag-black-friday","11":"first","12":"instock","13":"shipping-taxable","14":"purchasable","15":"product-type-simple"},"aioseo_notices":[],"jetpack_sharing_enabled":true,"_links":{"self":[{"href":"https:\/\/thaisbernardes.com\/fr\/wp-json\/wp\/v2\/product\/8214","targetHints":{"allow":["GET"]}}],"collection":[{"href":"https:\/\/thaisbernardes.com\/fr\/wp-json\/wp\/v2\/product"}],"about":[{"href":"https:\/\/thaisbernardes.com\/fr\/wp-json\/wp\/v2\/types\/product"}],"wp:featuredmedia":[{"embeddable":true,"href":"https:\/\/thaisbernardes.com\/fr\/wp-json\/wp\/v2\/media\/11901"}],"wp:attachment":[{"href":"https:\/\/thaisbernardes.com\/fr\/wp-json\/wp\/v2\/media?parent=8214"}],"wp:term":[{"taxonomy":"product_brand","embeddable":true,"href":"https:\/\/thaisbernardes.com\/fr\/wp-json\/wp\/v2\/product_brand?post=8214"},{"taxonomy":"product_cat","embeddable":true,"href":"https:\/\/thaisbernardes.com\/fr\/wp-json\/wp\/v2\/product_cat?post=8214"},{"taxonomy":"product_tag","embeddable":true,"href":"https:\/\/thaisbernardes.com\/fr\/wp-json\/wp\/v2\/product_tag?post=8214"}],"curies":[{"name":"wp","href":"https:\/\/api.w.org\/{rel}","templated":true}]}}